{"id":23844,"date":"2025-12-30T13:58:18","date_gmt":"2025-12-30T16:58:18","guid":{"rendered":"https:\/\/cacapalavrasdidaticos.com.br\/site\/?post_type=product&#038;p=23844"},"modified":"2025-12-30T14:03:48","modified_gmt":"2025-12-30T17:03:48","slug":"atividades-com-mapas-mentais-ensino-fundamental-2-teatro-e-corpo","status":"publish","type":"product","link":"https:\/\/cacapalavrasdidaticos.com.br\/site\/produto\/atividades-com-mapas-mentais-ensino-fundamental-2-teatro-e-corpo\/","title":{"rendered":"ATIVIDADES COM MAPAS MENTAIS &#8211; ENSINO FUNDAMENTAL 2 &#8211; TEATRO E CORPO"},"content":{"rendered":"","protected":false},"excerpt":{"rendered":"<div class=\"flex flex-col text-sm pb-25\">\n<article class=\"text-token-text-primary w-full focus:outline-none [--shadow-height:45px] has-data-writing-block:pointer-events-none has-data-writing-block:-mt-(--shadow-height) has-data-writing-block:pt-(--shadow-height) [&amp;:has([data-writing-block])&gt;*]:pointer-events-auto scroll-mt-[calc(var(--header-height)+min(200px,max(70px,20svh)))]\" dir=\"auto\" tabindex=\"-1\" data-turn-id=\"request-WEB:952fb7d2-1e4f-4473-87e8-b0c956897ad5-4\" data-testid=\"conversation-turn-10\" data-scroll-anchor=\"true\" data-turn=\"assistant\">\n<div class=\"text-base my-auto mx-auto pb-10 [--thread-content-margin:--spacing(4)] @w-sm\/main:[--thread-content-margin:--spacing(6)] @w-lg\/main:[--thread-content-margin:--spacing(16)] px-(--thread-content-margin)\">\n<div class=\"[--thread-content-max-width:40rem] @w-lg\/main:[--thread-content-max-width:48rem] mx-auto max-w-(--thread-content-max-width) flex-1 group\/turn-messages focus-visible:outline-hidden relative flex w-full min-w-0 flex-col agent-turn\" tabindex=\"-1\">\n<div class=\"flex max-w-full flex-col grow\">\n<div class=\"min-h-8 text-message relative flex w-full flex-col items-end gap-2 text-start break-words whitespace-normal [.text-message+&amp;]:mt-1\" dir=\"auto\" data-message-author-role=\"assistant\" data-message-id=\"576709fc-48a0-432c-a264-6ca46efc6820\" data-message-model-slug=\"gpt-4o-mini\">\n<div class=\"flex w-full flex-col gap-1 empty:hidden first:pt-[1px]\">\n<div class=\"markdown prose dark:prose-invert w-full break-words light markdown-new-styling\">\n<p data-start=\"127\" data-end=\"158\"><strong data-start=\"127\" data-end=\"158\">Arte | Ensino Fundamental 2<\/strong><\/p>\n<p data-start=\"160\" data-end=\"237\">\ud83d\udcda <strong data-start=\"163\" data-end=\"237\">Atividades com Mapas Mentais, Estudos Dirigidos e Imagens para Colorir<\/strong><\/p>\n<p data-start=\"239\" data-end=\"255\">\ud83c\udf0d <strong data-start=\"242\" data-end=\"255\">Conte\u00fado:<\/strong><\/p>\n<ul>\n<li data-start=\"163\" data-end=\"222\"><strong data-start=\"163\" data-end=\"205\">Brincar de ser: improvisa\u00e7\u00e3o no teatro<\/strong> \u2013 <strong data-start=\"208\" data-end=\"220\">EF06AR01<\/strong><\/li>\n<li data-start=\"226\" data-end=\"307\"><strong data-start=\"226\" data-end=\"290\">Teatro: a constru\u00e7\u00e3o do personagem e a rela\u00e7\u00e3o com o p\u00fablico<\/strong> \u2013 <strong data-start=\"293\" data-end=\"305\">EF07AR02<\/strong><\/li>\n<li data-start=\"311\" data-end=\"385\"><strong data-start=\"311\" data-end=\"368\">A improvisa\u00e7\u00e3o no teatro: express\u00f5es e espontaneidade<\/strong> \u2013 <strong data-start=\"371\" data-end=\"383\">EF07AR03<\/strong><\/li>\n<li data-start=\"389\" data-end=\"447\"><strong data-start=\"389\" data-end=\"430\">O teatro e a constru\u00e7\u00e3o de identidade<\/strong> \u2013 <strong data-start=\"433\" data-end=\"445\">EF08AR04<\/strong><\/li>\n<li data-start=\"451\" data-end=\"525\"><strong data-start=\"451\" data-end=\"510\">Espa\u00e7o c\u00eanico e a cria\u00e7\u00e3o do mundo imagin\u00e1rio no teatro<\/strong> \u2013 <strong data-start=\"513\" data-end=\"525\">EF08AR05<\/strong><\/li>\n<\/ul>\n<\/div>\n<p data-start=\"675\" data-end=\"692\">\ud83c\udfaf <strong data-start=\"530\" data-end=\"542\">Objetivo<\/strong>: Explorar a improvisa\u00e7\u00e3o no teatro, a constru\u00e7\u00e3o do personagem e a import\u00e2ncia do espa\u00e7o c\u00eanico, estimulando a express\u00e3o criativa, a empatia e a compreens\u00e3o do papel do teatro na forma\u00e7\u00e3o da identidade pessoal e coletiva.<\/p>\n<div class=\"markdown prose dark:prose-invert w-full break-words light markdown-new-styling\">\n<p data-start=\"675\" data-end=\"692\">\ud83d\udd0e <strong data-start=\"678\" data-end=\"692\">Para quem?<\/strong><\/p>\n<ul data-start=\"693\" data-end=\"837\">\n<li data-start=\"693\" data-end=\"730\">\n<p data-start=\"695\" data-end=\"730\">Estudantes do Ensino Fundamental 2.<\/p>\n<\/li>\n<li data-start=\"731\" data-end=\"837\">\n<p data-start=\"733\" data-end=\"837\">Professores que buscam atividades visuais e interativas para enriquecer suas aulas de L\u00edngua Portuguesa.<\/p>\n<\/li>\n<\/ul>\n<\/div>\n<\/div>\n<\/div>\n<\/div>\n<div class=\"z-0 flex min-h-[46px] justify-start\"><\/div>\n<\/div>\n<\/div>\n<\/article>\n<\/div>\n<p style=\"text-align: center;\"><strong>AVISO IMPORTANTE:<\/strong><\/p>\n<p style=\"text-align: center;\"><strong>AS APOSTILAS S\u00c3O ENVIADAS EM FORMATO PDF NO EMAIL CADASTRADO NO ATO DA COMPRA. CASO QUEIRA O MATERIAL EM FORMATO IMAGEM JPEG, ENTRE EM CONTATO CONOSCO PELO WHATSAPP: 31-994716920<\/strong><\/p>\n<p style=\"text-align: center;\"><strong>MAIS INFORMA\u00c7\u00d5ES E COMPRA PELO PIX, ENTRE EM CONTATO CONOSCO: 31-994716920. PIX: 31-994716920 (Eduardo de Sousa)<\/strong><\/p>\n<p style=\"text-align: center;\"><strong>ENVIO DO MATERIAL: EM AT\u00c9 1 (UM) DIA \u00daTIL, AP\u00d3S A CONFIRMA\u00c7\u00c3O DO PAGAMENTO<\/strong>\u00a0<strong>(SER\u00c1 ENVIADO UM LINK DO GOOGLE DRIVE NO E-MAIL INFORMADO NO ATO DA COMPRA PARA O DOWNLOAD DA APOSTILA).<\/strong><\/p>\n","protected":false},"featured_media":23838,"comment_status":"open","ping_status":"closed","template":"","meta":[],"product_brand":[],"product_cat":[50],"product_tag":[128,31,37],"class_list":{"0":"post-23844","1":"product","2":"type-product","3":"status-publish","4":"has-post-thumbnail","6":"product_cat-arte","7":"product_tag-atividades-adaptadas","8":"product_tag-atividades-ludicas","9":"product_tag-mapas-mentais","11":"first","12":"instock","13":"virtual","14":"taxable","15":"purchasable","16":"product-type-simple"},"_links":{"self":[{"href":"https:\/\/cacapalavrasdidaticos.com.br\/site\/wp-json\/wp\/v2\/product\/23844","targetHints":{"allow":["GET"]}}],"collection":[{"href":"https:\/\/cacapalavrasdidaticos.com.br\/site\/wp-json\/wp\/v2\/product"}],"about":[{"href":"https:\/\/cacapalavrasdidaticos.com.br\/site\/wp-json\/wp\/v2\/types\/product"}],"replies":[{"embeddable":true,"href":"https:\/\/cacapalavrasdidaticos.com.br\/site\/wp-json\/wp\/v2\/comments?post=23844"}],"wp:featuredmedia":[{"embeddable":true,"href":"https:\/\/cacapalavrasdidaticos.com.br\/site\/wp-json\/wp\/v2\/media\/23838"}],"wp:attachment":[{"href":"https:\/\/cacapalavrasdidaticos.com.br\/site\/wp-json\/wp\/v2\/media?parent=23844"}],"wp:term":[{"taxonomy":"product_brand","embeddable":true,"href":"https:\/\/cacapalavrasdidaticos.com.br\/site\/wp-json\/wp\/v2\/product_brand?post=23844"},{"taxonomy":"product_cat","embeddable":true,"href":"https:\/\/cacapalavrasdidaticos.com.br\/site\/wp-json\/wp\/v2\/product_cat?post=23844"},{"taxonomy":"product_tag","embeddable":true,"href":"https:\/\/cacapalavrasdidaticos.com.br\/site\/wp-json\/wp\/v2\/product_tag?post=23844"}],"curies":[{"name":"wp","href":"https:\/\/api.w.org\/{rel}","templated":true}]}}