{"id":23828,"date":"2025-12-30T13:47:00","date_gmt":"2025-12-30T16:47:00","guid":{"rendered":"https:\/\/cacapalavrasdidaticos.com.br\/site\/?post_type=product&#038;p=23828"},"modified":"2025-12-30T13:57:24","modified_gmt":"2025-12-30T16:57:24","slug":"atividades-com-mapas-mentais-ensino-fundamental-2-coerencia-coesao-e-sentido-da-palavra","status":"publish","type":"product","link":"https:\/\/cacapalavrasdidaticos.com.br\/site\/produto\/atividades-com-mapas-mentais-ensino-fundamental-2-coerencia-coesao-e-sentido-da-palavra\/","title":{"rendered":"ATIVIDADES COM MAPAS MENTAIS &#8211; ENSINO FUNDAMENTAL 2 &#8211; ARTES VISUAIS E EXPRESS\u00c3O PESSOAL"},"content":{"rendered":"","protected":false},"excerpt":{"rendered":"<div class=\"flex flex-col text-sm pb-25\">\n<article class=\"text-token-text-primary w-full focus:outline-none [--shadow-height:45px] has-data-writing-block:pointer-events-none has-data-writing-block:-mt-(--shadow-height) has-data-writing-block:pt-(--shadow-height) [&amp;:has([data-writing-block])&gt;*]:pointer-events-auto scroll-mt-[calc(var(--header-height)+min(200px,max(70px,20svh)))]\" dir=\"auto\" tabindex=\"-1\" data-turn-id=\"request-WEB:952fb7d2-1e4f-4473-87e8-b0c956897ad5-4\" data-testid=\"conversation-turn-10\" data-scroll-anchor=\"true\" data-turn=\"assistant\">\n<div class=\"text-base my-auto mx-auto pb-10 [--thread-content-margin:--spacing(4)] @w-sm\/main:[--thread-content-margin:--spacing(6)] @w-lg\/main:[--thread-content-margin:--spacing(16)] px-(--thread-content-margin)\">\n<div class=\"[--thread-content-max-width:40rem] @w-lg\/main:[--thread-content-max-width:48rem] mx-auto max-w-(--thread-content-max-width) flex-1 group\/turn-messages focus-visible:outline-hidden relative flex w-full min-w-0 flex-col agent-turn\" tabindex=\"-1\">\n<div class=\"flex max-w-full flex-col grow\">\n<div class=\"min-h-8 text-message relative flex w-full flex-col items-end gap-2 text-start break-words whitespace-normal [.text-message+&amp;]:mt-1\" dir=\"auto\" data-message-author-role=\"assistant\" data-message-id=\"576709fc-48a0-432c-a264-6ca46efc6820\" data-message-model-slug=\"gpt-4o-mini\">\n<div class=\"flex w-full flex-col gap-1 empty:hidden first:pt-[1px]\">\n<div class=\"markdown prose dark:prose-invert w-full break-words light markdown-new-styling\">\n<p data-start=\"127\" data-end=\"158\"><strong data-start=\"127\" data-end=\"158\">Arte | Ensino Fundamental 2<\/strong><\/p>\n<p data-start=\"160\" data-end=\"237\">\ud83d\udcda <strong data-start=\"163\" data-end=\"237\">Atividades com Mapas Mentais, Estudos Dirigidos e Imagens para Colorir<\/strong><\/p>\n<p data-start=\"239\" data-end=\"255\">\ud83c\udf0d <strong data-start=\"242\" data-end=\"255\">Conte\u00fado:<\/strong><\/p>\n<ul data-start=\"257\" data-end=\"515\">\n<li data-start=\"257\" data-end=\"315\">\n<p data-start=\"260\" data-end=\"315\"><strong data-start=\"260\" data-end=\"300\">O que \u00e9 arte? Conceitos e defini\u00e7\u00f5es<\/strong> \u2013 <strong data-start=\"303\" data-end=\"315\">EF06AR01<\/strong><\/p>\n<\/li>\n<li data-start=\"316\" data-end=\"375\">\n<p data-start=\"319\" data-end=\"375\"><strong data-start=\"319\" data-end=\"360\">Elementos da arte: linha, forma e cor<\/strong> \u2013 <strong data-start=\"363\" data-end=\"375\">EF07AR02<\/strong><\/p>\n<\/li>\n<li data-start=\"376\" data-end=\"425\">\n<p data-start=\"379\" data-end=\"425\"><strong data-start=\"379\" data-end=\"410\">A arte e a percep\u00e7\u00e3o visual<\/strong> \u2013 <strong data-start=\"413\" data-end=\"425\">EF07AR04<\/strong><\/p>\n<\/li>\n<li data-start=\"426\" data-end=\"474\">\n<p data-start=\"429\" data-end=\"474\"><strong data-start=\"429\" data-end=\"459\">A arte e o mundo simb\u00f3lico<\/strong> \u2013 <strong data-start=\"462\" data-end=\"474\">EF08AR06<\/strong><\/p>\n<\/li>\n<li data-start=\"475\" data-end=\"515\">\n<p data-start=\"478\" data-end=\"515\"><strong data-start=\"478\" data-end=\"500\">Arte e o cotidiano<\/strong> \u2013 <strong data-start=\"503\" data-end=\"515\">EF09AR07<\/strong><\/p>\n<\/li>\n<\/ul>\n<p data-start=\"517\" data-end=\"763\">\n<p data-start=\"517\" data-end=\"763\">\ud83c\udfaf <strong data-start=\"520\" data-end=\"532\">Objetivo<\/strong>: Desenvolver a compreens\u00e3o cr\u00edtica sobre a arte, explorando seus elementos e a rela\u00e7\u00e3o com a percep\u00e7\u00e3o visual, o mundo simb\u00f3lico e o cotidiano. As atividades buscam estimular a criatividade, a sensibilidade e o pensamento cr\u00edtico.<\/p>\n<p data-start=\"675\" data-end=\"692\">\ud83d\udd0e <strong data-start=\"678\" data-end=\"692\">Para quem?<\/strong><\/p>\n<ul data-start=\"693\" data-end=\"837\">\n<li data-start=\"693\" data-end=\"730\">\n<p data-start=\"695\" data-end=\"730\">Estudantes do Ensino Fundamental 2.<\/p>\n<\/li>\n<li data-start=\"731\" data-end=\"837\">\n<p data-start=\"733\" data-end=\"837\">Professores que buscam atividades visuais e interativas para enriquecer suas aulas de L\u00edngua Portuguesa.<\/p>\n<\/li>\n<\/ul>\n<\/div>\n<\/div>\n<\/div>\n<\/div>\n<div class=\"z-0 flex min-h-[46px] justify-start\"><\/div>\n<\/div>\n<\/div>\n<\/article>\n<\/div>\n<p style=\"text-align: center;\"><strong>AVISO IMPORTANTE:<\/strong><\/p>\n<p style=\"text-align: center;\"><strong>AS APOSTILAS S\u00c3O ENVIADAS EM FORMATO PDF NO EMAIL CADASTRADO NO ATO DA COMPRA. CASO QUEIRA O MATERIAL EM FORMATO IMAGEM JPEG, ENTRE EM CONTATO CONOSCO PELO WHATSAPP: 31-994716920<\/strong><\/p>\n<p style=\"text-align: center;\"><strong>MAIS INFORMA\u00c7\u00d5ES E COMPRA PELO PIX, ENTRE EM CONTATO CONOSCO: 31-994716920. PIX: 31-994716920 (Eduardo de Sousa)<\/strong><\/p>\n<p style=\"text-align: center;\"><strong>ENVIO DO MATERIAL: EM AT\u00c9 1 (UM) DIA \u00daTIL, AP\u00d3S A CONFIRMA\u00c7\u00c3O DO PAGAMENTO<\/strong>\u00a0<strong>(SER\u00c1 ENVIADO UM LINK DO GOOGLE DRIVE NO E-MAIL INFORMADO NO ATO DA COMPRA PARA O DOWNLOAD DA APOSTILA).<\/strong><\/p>\n","protected":false},"featured_media":23836,"comment_status":"open","ping_status":"closed","template":"","meta":[],"product_brand":[],"product_cat":[50],"product_tag":[128,31,37],"class_list":{"0":"post-23828","1":"product","2":"type-product","3":"status-publish","4":"has-post-thumbnail","6":"product_cat-arte","7":"product_tag-atividades-adaptadas","8":"product_tag-atividades-ludicas","9":"product_tag-mapas-mentais","11":"first","12":"instock","13":"virtual","14":"taxable","15":"purchasable","16":"product-type-simple"},"_links":{"self":[{"href":"https:\/\/cacapalavrasdidaticos.com.br\/site\/wp-json\/wp\/v2\/product\/23828","targetHints":{"allow":["GET"]}}],"collection":[{"href":"https:\/\/cacapalavrasdidaticos.com.br\/site\/wp-json\/wp\/v2\/product"}],"about":[{"href":"https:\/\/cacapalavrasdidaticos.com.br\/site\/wp-json\/wp\/v2\/types\/product"}],"replies":[{"embeddable":true,"href":"https:\/\/cacapalavrasdidaticos.com.br\/site\/wp-json\/wp\/v2\/comments?post=23828"}],"wp:featuredmedia":[{"embeddable":true,"href":"https:\/\/cacapalavrasdidaticos.com.br\/site\/wp-json\/wp\/v2\/media\/23836"}],"wp:attachment":[{"href":"https:\/\/cacapalavrasdidaticos.com.br\/site\/wp-json\/wp\/v2\/media?parent=23828"}],"wp:term":[{"taxonomy":"product_brand","embeddable":true,"href":"https:\/\/cacapalavrasdidaticos.com.br\/site\/wp-json\/wp\/v2\/product_brand?post=23828"},{"taxonomy":"product_cat","embeddable":true,"href":"https:\/\/cacapalavrasdidaticos.com.br\/site\/wp-json\/wp\/v2\/product_cat?post=23828"},{"taxonomy":"product_tag","embeddable":true,"href":"https:\/\/cacapalavrasdidaticos.com.br\/site\/wp-json\/wp\/v2\/product_tag?post=23828"}],"curies":[{"name":"wp","href":"https:\/\/api.w.org\/{rel}","templated":true}]}}