{"id":23813,"date":"2025-12-30T13:28:09","date_gmt":"2025-12-30T16:28:09","guid":{"rendered":"https:\/\/cacapalavrasdidaticos.com.br\/site\/?post_type=product&#038;p=23813"},"modified":"2025-12-30T13:36:18","modified_gmt":"2025-12-30T16:36:18","slug":"atividades-com-mapas-mentais-ensino-fundamental-2-fundamentos-da-linguagem-e-gramatica-1","status":"publish","type":"product","link":"https:\/\/cacapalavrasdidaticos.com.br\/site\/produto\/atividades-com-mapas-mentais-ensino-fundamental-2-fundamentos-da-linguagem-e-gramatica-1\/","title":{"rendered":"ATIVIDADES COM MAPAS MENTAIS &#8211; ENSINO FUNDAMENTAL 2 &#8211; FUNDAMENTOS DA LINGUAGEM E GRAM\u00c1TICA 1"},"content":{"rendered":"","protected":false},"excerpt":{"rendered":"<div class=\"flex flex-col text-sm pb-25\">\n<article class=\"text-token-text-primary w-full focus:outline-none [--shadow-height:45px] has-data-writing-block:pointer-events-none has-data-writing-block:-mt-(--shadow-height) has-data-writing-block:pt-(--shadow-height) [&amp;:has([data-writing-block])&gt;*]:pointer-events-auto scroll-mt-[calc(var(--header-height)+min(200px,max(70px,20svh)))]\" dir=\"auto\" tabindex=\"-1\" data-turn-id=\"request-WEB:952fb7d2-1e4f-4473-87e8-b0c956897ad5-4\" data-testid=\"conversation-turn-10\" data-scroll-anchor=\"true\" data-turn=\"assistant\">\n<div class=\"text-base my-auto mx-auto pb-10 [--thread-content-margin:--spacing(4)] @w-sm\/main:[--thread-content-margin:--spacing(6)] @w-lg\/main:[--thread-content-margin:--spacing(16)] px-(--thread-content-margin)\">\n<div class=\"[--thread-content-max-width:40rem] @w-lg\/main:[--thread-content-max-width:48rem] mx-auto max-w-(--thread-content-max-width) flex-1 group\/turn-messages focus-visible:outline-hidden relative flex w-full min-w-0 flex-col agent-turn\" tabindex=\"-1\">\n<div class=\"flex max-w-full flex-col grow\">\n<div class=\"min-h-8 text-message relative flex w-full flex-col items-end gap-2 text-start break-words whitespace-normal [.text-message+&amp;]:mt-1\" dir=\"auto\" data-message-author-role=\"assistant\" data-message-id=\"576709fc-48a0-432c-a264-6ca46efc6820\" data-message-model-slug=\"gpt-4o-mini\">\n<div class=\"flex w-full flex-col gap-1 empty:hidden first:pt-[1px]\">\n<div class=\"markdown prose dark:prose-invert w-full break-words light markdown-new-styling\">\n<p data-start=\"0\" data-end=\"44\"><strong data-start=\"0\" data-end=\"44\">L\u00edngua Portuguesa | Ensino Fundamental 2<\/strong><\/p>\n<p data-start=\"46\" data-end=\"123\">\ud83d\udcda <strong data-start=\"49\" data-end=\"123\">Atividades com Mapas Mentais, Estudos Dirigidos e Imagens para Colorir<\/strong><\/p>\n<p data-start=\"125\" data-end=\"141\">\ud83c\udf0d <strong data-start=\"128\" data-end=\"141\">Conte\u00fado:<\/strong><\/p>\n<ul data-start=\"143\" data-end=\"417\">\n<li data-start=\"143\" data-end=\"201\">\n<p data-start=\"146\" data-end=\"201\"><strong data-start=\"146\" data-end=\"184\">Varia\u00e7\u00e3o Lingu\u00edstica e Preconceito<\/strong> \u2013 <strong data-start=\"187\" data-end=\"199\">EF06LP01<\/strong><\/p>\n<\/li>\n<li data-start=\"202\" data-end=\"260\">\n<p data-start=\"205\" data-end=\"260\"><strong data-start=\"205\" data-end=\"243\">G\u00eaneros Jornal\u00edsticos e Circula\u00e7\u00e3o<\/strong> \u2013 <strong data-start=\"246\" data-end=\"258\">EF07LP08<\/strong><\/p>\n<\/li>\n<li data-start=\"261\" data-end=\"313\">\n<p data-start=\"264\" data-end=\"313\"><strong data-start=\"264\" data-end=\"296\">Substantivo, Adjetivo, Verbo<\/strong> \u2013 <strong data-start=\"299\" data-end=\"311\">EF06LP08<\/strong><\/p>\n<\/li>\n<li data-start=\"314\" data-end=\"359\">\n<p data-start=\"317\" data-end=\"359\"><strong data-start=\"317\" data-end=\"342\">Sin\u00f4nimos e Ant\u00f4nimos<\/strong> \u2013 <strong data-start=\"345\" data-end=\"357\">EF06LP09<\/strong><\/p>\n<\/li>\n<li data-start=\"360\" data-end=\"417\">\n<p data-start=\"363\" data-end=\"417\"><strong data-start=\"363\" data-end=\"402\">Pontua\u00e7\u00e3o e Seus Efeitos de Sentido<\/strong> \u2013 <strong data-start=\"405\" data-end=\"417\">EF07LP12<\/strong><\/p>\n<\/li>\n<\/ul>\n<p data-start=\"419\" data-end=\"673\">\ud83c\udfaf <strong data-start=\"422\" data-end=\"434\">Objetivo<\/strong>: Desenvolver a compreens\u00e3o e o uso da l\u00edngua portuguesa de forma interativa e criativa, estimulando o entendimento sobre varia\u00e7\u00f5es lingu\u00edsticas, a import\u00e2ncia dos g\u00eaneros jornal\u00edsticos, as classes de palavras e o uso correto da pontua\u00e7\u00e3o.<\/p>\n<p data-start=\"675\" data-end=\"692\">\ud83d\udd0e <strong data-start=\"678\" data-end=\"692\">Para quem?<\/strong><\/p>\n<ul data-start=\"693\" data-end=\"837\">\n<li data-start=\"693\" data-end=\"730\">\n<p data-start=\"695\" data-end=\"730\">Estudantes do Ensino Fundamental 2.<\/p>\n<\/li>\n<li data-start=\"731\" data-end=\"837\">\n<p data-start=\"733\" data-end=\"837\">Professores que buscam atividades visuais e interativas para enriquecer suas aulas de L\u00edngua Portuguesa.<\/p>\n<\/li>\n<\/ul>\n<\/div>\n<\/div>\n<\/div>\n<\/div>\n<div class=\"z-0 flex min-h-[46px] justify-start\"><\/div>\n<div class=\"mt-3 w-full empty:hidden\">\n<div class=\"text-center\"><\/div>\n<\/div>\n<\/div>\n<\/div>\n<\/article>\n<\/div>\n<p style=\"text-align: center;\"><strong>AVISO IMPORTANTE:<\/strong><\/p>\n<p style=\"text-align: center;\"><strong>AS APOSTILAS S\u00c3O ENVIADAS EM FORMATO PDF NO EMAIL CADASTRADO NO ATO DA COMPRA. CASO QUEIRA O MATERIAL EM FORMATO IMAGEM JPEG, ENTRE EM CONTATO CONOSCO PELO WHATSAPP: 31-994716920<\/strong><\/p>\n<p style=\"text-align: center;\"><strong>MAIS INFORMA\u00c7\u00d5ES E COMPRA PELO PIX, ENTRE EM CONTATO CONOSCO: 31-994716920. PIX: 31-994716920 (Eduardo de Sousa)<\/strong><\/p>\n<p style=\"text-align: center;\"><strong>ENVIO DO MATERIAL: EM AT\u00c9 1 (UM) DIA \u00daTIL, AP\u00d3S A CONFIRMA\u00c7\u00c3O DO PAGAMENTO<\/strong>\u00a0<strong>(SER\u00c1 ENVIADO UM LINK DO GOOGLE DRIVE NO E-MAIL INFORMADO NO ATO DA COMPRA PARA O DOWNLOAD DA APOSTILA).<\/strong><\/p>\n","protected":false},"featured_media":23815,"comment_status":"open","ping_status":"closed","template":"","meta":[],"product_brand":[],"product_cat":[44],"product_tag":[128,31,37],"class_list":{"0":"post-23813","1":"product","2":"type-product","3":"status-publish","4":"has-post-thumbnail","6":"product_cat-lingua-portuguesa","7":"product_tag-atividades-adaptadas","8":"product_tag-atividades-ludicas","9":"product_tag-mapas-mentais","11":"first","12":"instock","13":"virtual","14":"taxable","15":"purchasable","16":"product-type-simple"},"_links":{"self":[{"href":"https:\/\/cacapalavrasdidaticos.com.br\/site\/wp-json\/wp\/v2\/product\/23813","targetHints":{"allow":["GET"]}}],"collection":[{"href":"https:\/\/cacapalavrasdidaticos.com.br\/site\/wp-json\/wp\/v2\/product"}],"about":[{"href":"https:\/\/cacapalavrasdidaticos.com.br\/site\/wp-json\/wp\/v2\/types\/product"}],"replies":[{"embeddable":true,"href":"https:\/\/cacapalavrasdidaticos.com.br\/site\/wp-json\/wp\/v2\/comments?post=23813"}],"wp:featuredmedia":[{"embeddable":true,"href":"https:\/\/cacapalavrasdidaticos.com.br\/site\/wp-json\/wp\/v2\/media\/23815"}],"wp:attachment":[{"href":"https:\/\/cacapalavrasdidaticos.com.br\/site\/wp-json\/wp\/v2\/media?parent=23813"}],"wp:term":[{"taxonomy":"product_brand","embeddable":true,"href":"https:\/\/cacapalavrasdidaticos.com.br\/site\/wp-json\/wp\/v2\/product_brand?post=23813"},{"taxonomy":"product_cat","embeddable":true,"href":"https:\/\/cacapalavrasdidaticos.com.br\/site\/wp-json\/wp\/v2\/product_cat?post=23813"},{"taxonomy":"product_tag","embeddable":true,"href":"https:\/\/cacapalavrasdidaticos.com.br\/site\/wp-json\/wp\/v2\/product_tag?post=23813"}],"curies":[{"name":"wp","href":"https:\/\/api.w.org\/{rel}","templated":true}]}}