{"id":23800,"date":"2025-12-30T00:34:18","date_gmt":"2025-12-30T03:34:18","guid":{"rendered":"https:\/\/cacapalavrasdidaticos.com.br\/site\/?post_type=product&#038;p=23800"},"modified":"2025-12-30T00:38:05","modified_gmt":"2025-12-30T03:38:05","slug":"atividades-com-mapas-mentais-2o-ano-modernidade-crise-e-conteporaneidade","status":"publish","type":"product","link":"https:\/\/cacapalavrasdidaticos.com.br\/site\/produto\/atividades-com-mapas-mentais-2o-ano-modernidade-crise-e-conteporaneidade\/","title":{"rendered":"ATIVIDADES COM MAPAS MENTAIS &#8211; 2\u00ba ANO &#8211; MODERNIDADE, CRISE E CONTEPORANEIDADE"},"content":{"rendered":"","protected":false},"excerpt":{"rendered":"<div class=\"flex flex-col text-sm pb-25\">\n<article class=\"text-token-text-primary w-full focus:outline-none [--shadow-height:45px] has-data-writing-block:pointer-events-none has-data-writing-block:-mt-(--shadow-height) has-data-writing-block:pt-(--shadow-height) [&amp;:has([data-writing-block])&gt;*]:pointer-events-auto scroll-mt-[calc(var(--header-height)+min(200px,max(70px,20svh)))]\" dir=\"auto\" tabindex=\"-1\" data-turn-id=\"request-WEB:952fb7d2-1e4f-4473-87e8-b0c956897ad5-4\" data-testid=\"conversation-turn-10\" data-scroll-anchor=\"true\" data-turn=\"assistant\">\n<div class=\"text-base my-auto mx-auto pb-10 [--thread-content-margin:--spacing(4)] @w-sm\/main:[--thread-content-margin:--spacing(6)] @w-lg\/main:[--thread-content-margin:--spacing(16)] px-(--thread-content-margin)\">\n<div class=\"[--thread-content-max-width:40rem] @w-lg\/main:[--thread-content-max-width:48rem] mx-auto max-w-(--thread-content-max-width) flex-1 group\/turn-messages focus-visible:outline-hidden relative flex w-full min-w-0 flex-col agent-turn\" tabindex=\"-1\">\n<div class=\"flex max-w-full flex-col grow\">\n<div class=\"min-h-8 text-message relative flex w-full flex-col items-end gap-2 text-start break-words whitespace-normal [.text-message+&amp;]:mt-1\" dir=\"auto\" data-message-author-role=\"assistant\" data-message-id=\"576709fc-48a0-432c-a264-6ca46efc6820\" data-message-model-slug=\"gpt-4o-mini\">\n<div class=\"flex w-full flex-col gap-1 empty:hidden first:pt-[1px]\">\n<div class=\"markdown prose dark:prose-invert w-full break-words light markdown-new-styling\">\n<p data-start=\"0\" data-end=\"38\"><strong data-start=\"0\" data-end=\"38\">Filosofia | 2\u00ba Ano do Ensino M\u00e9dio<\/strong><\/p>\n<p data-start=\"40\" data-end=\"117\">\ud83d\udcda <strong data-start=\"43\" data-end=\"117\">Atividades com Mapas Mentais, Estudos Dirigidos e Imagens para Colorir<\/strong><\/p>\n<p data-start=\"119\" data-end=\"135\">\ud83c\udf0d <strong data-start=\"122\" data-end=\"135\">Conte\u00fado:<\/strong><\/p>\n<ul data-start=\"137\" data-end=\"375\">\n<li data-start=\"137\" data-end=\"189\">\n<p data-start=\"140\" data-end=\"189\"><strong data-start=\"140\" data-end=\"170\">Iluminismo e Racionalidade<\/strong> \u2013 <strong data-start=\"173\" data-end=\"187\">EM13CHS105<\/strong><\/p>\n<\/li>\n<li data-start=\"190\" data-end=\"236\">\n<p data-start=\"193\" data-end=\"236\"><strong data-start=\"193\" data-end=\"217\">Crise da Modernidade<\/strong> \u2013 <strong data-start=\"220\" data-end=\"234\">EM13CHS106<\/strong><\/p>\n<\/li>\n<li data-start=\"237\" data-end=\"278\">\n<p data-start=\"240\" data-end=\"278\"><strong data-start=\"240\" data-end=\"259\">P\u00f3s-modernidade<\/strong> \u2013 <strong data-start=\"262\" data-end=\"276\">EM13CHS106<\/strong><\/p>\n<\/li>\n<li data-start=\"279\" data-end=\"326\">\n<p data-start=\"282\" data-end=\"326\"><strong data-start=\"282\" data-end=\"307\">Filosofia Helen\u00edstica<\/strong> \u2013 <strong data-start=\"310\" data-end=\"324\">EM13CHS104<\/strong><\/p>\n<\/li>\n<li data-start=\"327\" data-end=\"375\">\n<p data-start=\"330\" data-end=\"375\"><strong data-start=\"330\" data-end=\"358\">Existencialismo Cl\u00e1ssico<\/strong> \u2013 <strong data-start=\"361\" data-end=\"375\">EM13CHS113<\/strong><\/p>\n<\/li>\n<\/ul>\n<p data-start=\"377\" data-end=\"568\">\n<p data-start=\"377\" data-end=\"568\">\ud83c\udfaf <strong data-start=\"380\" data-end=\"392\">Objetivo<\/strong>: Estimular a reflex\u00e3o cr\u00edtica sobre os desafios da modernidade, p\u00f3s-modernidade e existencialismo, com atividades que incentivam a compreens\u00e3o profunda e a an\u00e1lise filos\u00f3fica.<\/p>\n<p data-start=\"457\" data-end=\"641\">\n<p data-start=\"394\" data-end=\"411\">\ud83d\udd0e <strong data-start=\"397\" data-end=\"411\">Para quem?<\/strong><\/p>\n<ul data-start=\"412\" data-end=\"509\">\n<li data-start=\"412\" data-end=\"451\">\n<p data-start=\"414\" data-end=\"451\">Estudantes do 2\u00ba ano do Ensino M\u00e9dio.<\/p>\n<\/li>\n<li data-start=\"452\" data-end=\"509\">\n<p data-start=\"454\" data-end=\"509\">Professores que buscam atividades visuais e inovadoras.<\/p>\n<\/li>\n<\/ul>\n<p data-start=\"511\" data-end=\"584\" data-is-last-node=\"\" data-is-only-node=\"\">\ud83c\udf3f <strong data-start=\"514\" data-end=\"584\" data-is-last-node=\"\">Transforme o aprendizado com mapas mentais pr\u00e1ticos e envolventes.<\/strong><\/p>\n<\/div>\n<\/div>\n<\/div>\n<\/div>\n<div class=\"z-0 flex min-h-[46px] justify-start\"><\/div>\n<div class=\"mt-3 w-full empty:hidden\">\n<div class=\"text-center\"><\/div>\n<\/div>\n<\/div>\n<\/div>\n<\/article>\n<\/div>\n<p style=\"text-align: center;\"><strong>AVISO IMPORTANTE:<\/strong><\/p>\n<p style=\"text-align: center;\"><strong>AS APOSTILAS S\u00c3O ENVIADAS EM FORMATO PDF NO EMAIL CADASTRADO NO ATO DA COMPRA. CASO QUEIRA O MATERIAL EM FORMATO IMAGEM JPEG, ENTRE EM CONTATO CONOSCO PELO WHATSAPP: 31-994716920<\/strong><\/p>\n<p style=\"text-align: center;\"><strong>MAIS INFORMA\u00c7\u00d5ES E COMPRA PELO PIX, ENTRE EM CONTATO CONOSCO: 31-994716920. PIX: 31-994716920 (Eduardo de Sousa)<\/strong><\/p>\n<p style=\"text-align: center;\"><strong>ENVIO DO MATERIAL: EM AT\u00c9 1 (UM) DIA \u00daTIL, AP\u00d3S A CONFIRMA\u00c7\u00c3O DO PAGAMENTO<\/strong>\u00a0<strong>(SER\u00c1 ENVIADO UM LINK DO GOOGLE DRIVE NO E-MAIL INFORMADO NO ATO DA COMPRA PARA O DOWNLOAD DA APOSTILA).<\/strong><\/p>\n","protected":false},"featured_media":23780,"comment_status":"open","ping_status":"closed","template":"","meta":[],"product_brand":[],"product_cat":[156],"product_tag":[128,31,37],"class_list":{"0":"post-23800","1":"product","2":"type-product","3":"status-publish","4":"has-post-thumbnail","6":"product_cat-filosofia","7":"product_tag-atividades-adaptadas","8":"product_tag-atividades-ludicas","9":"product_tag-mapas-mentais","11":"first","12":"instock","13":"virtual","14":"taxable","15":"purchasable","16":"product-type-simple"},"_links":{"self":[{"href":"https:\/\/cacapalavrasdidaticos.com.br\/site\/wp-json\/wp\/v2\/product\/23800","targetHints":{"allow":["GET"]}}],"collection":[{"href":"https:\/\/cacapalavrasdidaticos.com.br\/site\/wp-json\/wp\/v2\/product"}],"about":[{"href":"https:\/\/cacapalavrasdidaticos.com.br\/site\/wp-json\/wp\/v2\/types\/product"}],"replies":[{"embeddable":true,"href":"https:\/\/cacapalavrasdidaticos.com.br\/site\/wp-json\/wp\/v2\/comments?post=23800"}],"wp:featuredmedia":[{"embeddable":true,"href":"https:\/\/cacapalavrasdidaticos.com.br\/site\/wp-json\/wp\/v2\/media\/23780"}],"wp:attachment":[{"href":"https:\/\/cacapalavrasdidaticos.com.br\/site\/wp-json\/wp\/v2\/media?parent=23800"}],"wp:term":[{"taxonomy":"product_brand","embeddable":true,"href":"https:\/\/cacapalavrasdidaticos.com.br\/site\/wp-json\/wp\/v2\/product_brand?post=23800"},{"taxonomy":"product_cat","embeddable":true,"href":"https:\/\/cacapalavrasdidaticos.com.br\/site\/wp-json\/wp\/v2\/product_cat?post=23800"},{"taxonomy":"product_tag","embeddable":true,"href":"https:\/\/cacapalavrasdidaticos.com.br\/site\/wp-json\/wp\/v2\/product_tag?post=23800"}],"curies":[{"name":"wp","href":"https:\/\/api.w.org\/{rel}","templated":true}]}}