{"id":23730,"date":"2025-12-28T22:05:36","date_gmt":"2025-12-29T01:05:36","guid":{"rendered":"https:\/\/cacapalavrasdidaticos.com.br\/site\/?post_type=product&#038;p=23730"},"modified":"2026-01-28T14:34:58","modified_gmt":"2026-01-28T17:34:58","slug":"mini-lapbooks-de-ciencias-da-natureza-7o-ano-4o-bimestre-animais-e-vertebrados-5-temas","status":"publish","type":"product","link":"https:\/\/cacapalavrasdidaticos.com.br\/site\/produto\/mini-lapbooks-de-ciencias-da-natureza-7o-ano-4o-bimestre-animais-e-vertebrados-5-temas\/","title":{"rendered":"MINI LAPBOOKS DE CI\u00caNCIAS DA NATUREZA &#8211; 7\u00ba ANO (4\u00ba BIMESTRE): ANIMAIS E VERTEBRADOS (5 TEMAS)"},"content":{"rendered":"","protected":false},"excerpt":{"rendered":"<h3 data-start=\"75\" data-end=\"128\"><strong data-start=\"79\" data-end=\"128\">Mini Lapbooks \u2013 Ci\u00eancias da Natureza | 7\u00ba Ano<\/strong><\/h3>\n<p data-start=\"130\" data-end=\"637\">Material pedag\u00f3gico interativo, desenvolvido de acordo com a <strong data-start=\"191\" data-end=\"199\">BNCC<\/strong>, que promove a <strong data-start=\"215\" data-end=\"237\">aprendizagem ativa<\/strong> por meio de <strong data-start=\"250\" data-end=\"301\">atividades visuais, investigativas e reflexivas<\/strong>. Este material auxilia os estudantes a compreender as <strong data-start=\"356\" data-end=\"375\">origens da vida<\/strong>, as <strong data-start=\"380\" data-end=\"415\">caracter\u00edsticas dos seres vivos<\/strong>, os <strong data-start=\"420\" data-end=\"440\">tipos de c\u00e9lulas<\/strong>, as <strong data-start=\"445\" data-end=\"481\">teorias cient\u00edficas sobre a vida<\/strong> e o <strong data-start=\"486\" data-end=\"526\">surgimento dos primeiros seres vivos<\/strong>, fortalecendo o <strong data-start=\"543\" data-end=\"568\">pensamento cient\u00edfico<\/strong> e incentivando a <strong data-start=\"586\" data-end=\"608\">participa\u00e7\u00e3o ativa<\/strong> no processo de aprendizagem.<\/p>\n<h3 data-start=\"639\" data-end=\"675\"><strong data-start=\"643\" data-end=\"675\">Temas e habilidades da BNCC:<\/strong><\/h3>\n<ul data-start=\"677\" data-end=\"891\">\n<li data-start=\"677\" data-end=\"730\">\n<p data-start=\"679\" data-end=\"730\"><strong data-start=\"679\" data-end=\"717\">Seres vivos e suas caracter\u00edsticas<\/strong> \u2013 EF07CI06<\/p>\n<\/li>\n<li data-start=\"731\" data-end=\"766\">\n<p data-start=\"733\" data-end=\"766\"><strong data-start=\"733\" data-end=\"753\">Tipos de c\u00e9lulas<\/strong> \u2013 EF07CI06<\/p>\n<\/li>\n<li data-start=\"767\" data-end=\"800\">\n<p data-start=\"769\" data-end=\"800\"><strong data-start=\"769\" data-end=\"787\">Origem da vida<\/strong> \u2013 EF07CI06<\/p>\n<\/li>\n<li data-start=\"801\" data-end=\"850\">\n<p data-start=\"803\" data-end=\"850\"><strong data-start=\"803\" data-end=\"837\">Teorias sobre a origem da vida<\/strong> \u2013 EF07CI06<\/p>\n<\/li>\n<li data-start=\"851\" data-end=\"891\">\n<p data-start=\"853\" data-end=\"891\"><strong data-start=\"853\" data-end=\"878\">Primeiros seres vivos<\/strong> \u2013 EF07CI06<\/p>\n<\/li>\n<\/ul>\n<p style=\"text-align: center;\"><strong>AVISO IMPORTANTE:<\/strong><\/p>\n<p style=\"text-align: center;\"><strong>AS APOSTILAS S\u00c3O ENVIADAS EM FORMATO PDF NO EMAIL CADASTRADO NO ATO DA COMPRA. CASO QUEIRA O MATERIAL EM FORMATO IMAGEM JPEG, ENTRE EM CONTATO CONOSCO PELO WHATSAPP: 31-994716920<\/strong><\/p>\n<p style=\"text-align: center;\"><strong>MAIS INFORMA\u00c7\u00d5ES E COMPRA PELO PIX, ENTRE EM CONTATO CONOSCO: 31-994716920. PIX: 31-994716920 (Eduardo de Sousa)<\/strong><\/p>\n<p style=\"text-align: center;\"><strong>ENVIO DO MATERIAL: EM AT\u00c9 1 (UM) DIA \u00daTIL, AP\u00d3S A CONFIRMA\u00c7\u00c3O DO PAGAMENTO<\/strong>\u00a0<strong>(SER\u00c1 ENVIADO UM LINK DO GOOGLE DRIVE NO E-MAIL INFORMADO NO ATO DA COMPRA PARA O DOWNLOAD DA APOSTILA).<\/strong><\/p>\n","protected":false},"featured_media":23731,"comment_status":"open","ping_status":"closed","template":"","meta":[],"product_brand":[],"product_cat":[24],"product_tag":[128,31,183,182],"class_list":{"0":"post-23730","1":"product","2":"type-product","3":"status-publish","4":"has-post-thumbnail","6":"product_cat-ciencias","7":"product_tag-atividades-adaptadas","8":"product_tag-atividades-ludicas","9":"product_tag-lapbooks","10":"product_tag-mini-lapbooks","12":"first","13":"instock","14":"virtual","15":"taxable","16":"purchasable","17":"product-type-simple"},"_links":{"self":[{"href":"https:\/\/cacapalavrasdidaticos.com.br\/site\/wp-json\/wp\/v2\/product\/23730","targetHints":{"allow":["GET"]}}],"collection":[{"href":"https:\/\/cacapalavrasdidaticos.com.br\/site\/wp-json\/wp\/v2\/product"}],"about":[{"href":"https:\/\/cacapalavrasdidaticos.com.br\/site\/wp-json\/wp\/v2\/types\/product"}],"replies":[{"embeddable":true,"href":"https:\/\/cacapalavrasdidaticos.com.br\/site\/wp-json\/wp\/v2\/comments?post=23730"}],"wp:featuredmedia":[{"embeddable":true,"href":"https:\/\/cacapalavrasdidaticos.com.br\/site\/wp-json\/wp\/v2\/media\/23731"}],"wp:attachment":[{"href":"https:\/\/cacapalavrasdidaticos.com.br\/site\/wp-json\/wp\/v2\/media?parent=23730"}],"wp:term":[{"taxonomy":"product_brand","embeddable":true,"href":"https:\/\/cacapalavrasdidaticos.com.br\/site\/wp-json\/wp\/v2\/product_brand?post=23730"},{"taxonomy":"product_cat","embeddable":true,"href":"https:\/\/cacapalavrasdidaticos.com.br\/site\/wp-json\/wp\/v2\/product_cat?post=23730"},{"taxonomy":"product_tag","embeddable":true,"href":"https:\/\/cacapalavrasdidaticos.com.br\/site\/wp-json\/wp\/v2\/product_tag?post=23730"}],"curies":[{"name":"wp","href":"https:\/\/api.w.org\/{rel}","templated":true}]}}