{"id":23724,"date":"2025-12-28T21:59:02","date_gmt":"2025-12-29T00:59:02","guid":{"rendered":"https:\/\/cacapalavrasdidaticos.com.br\/site\/?post_type=product&#038;p=23724"},"modified":"2026-01-28T14:34:58","modified_gmt":"2026-01-28T17:34:58","slug":"mini-lapbooks-de-ciencias-da-natureza-6o-ano-4o-bimestre-ecologia-e-corpo-humano-5-temas","status":"publish","type":"product","link":"https:\/\/cacapalavrasdidaticos.com.br\/site\/produto\/mini-lapbooks-de-ciencias-da-natureza-6o-ano-4o-bimestre-ecologia-e-corpo-humano-5-temas\/","title":{"rendered":"MINI LAPBOOKS DE CI\u00caNCIAS DA NATUREZA &#8211; 6\u00ba ANO (4\u00ba BIMESTRE): ECOLOGIA E CORPO HUMANO (5 TEMAS)"},"content":{"rendered":"","protected":false},"excerpt":{"rendered":"<h3 data-start=\"100\" data-end=\"153\"><strong data-start=\"104\" data-end=\"153\">Mini Lapbooks \u2013 Ci\u00eancias da Natureza | 6\u00ba Ano<\/strong><\/h3>\n<p data-start=\"155\" data-end=\"568\">Material pedag\u00f3gico interativo, desenvolvido de acordo com a BNCC, que visa promover a aprendizagem ativa por meio de atividades visuais, reflexivas e investigativas. Este material auxilia os estudantes a compreender a mat\u00e9ria, suas caracter\u00edsticas, transforma\u00e7\u00f5es e a import\u00e2ncia do consumo consciente no cotidiano, estimulando o desenvolvimento de habilidades essenciais para a forma\u00e7\u00e3o cr\u00edtica e participativa.<\/p>\n<h3 data-start=\"570\" data-end=\"606\"><strong data-start=\"574\" data-end=\"606\">Temas e habilidades da BNCC:<\/strong><\/h3>\n<ul data-start=\"608\" data-end=\"877\">\n<li data-start=\"608\" data-end=\"659\">\n<p data-start=\"610\" data-end=\"659\"><strong data-start=\"610\" data-end=\"646\">Materiais e suas caracter\u00edsticas<\/strong> \u2013 EF06CI01<\/p>\n<\/li>\n<li data-start=\"660\" data-end=\"705\">\n<p data-start=\"662\" data-end=\"705\"><strong data-start=\"662\" data-end=\"692\">Estados f\u00edsicos da mat\u00e9ria<\/strong> \u2013 EF06CI01<\/p>\n<\/li>\n<li data-start=\"706\" data-end=\"769\">\n<p data-start=\"708\" data-end=\"769\"><strong data-start=\"708\" data-end=\"756\">Transforma\u00e7\u00f5es f\u00edsicas e qu\u00edmicas da mat\u00e9ria<\/strong> \u2013 EF06CI01<\/p>\n<\/li>\n<li data-start=\"770\" data-end=\"820\">\n<p data-start=\"772\" data-end=\"820\"><strong data-start=\"772\" data-end=\"807\">Materiais naturais e sint\u00e9ticos<\/strong> \u2013 EF06CI01<\/p>\n<\/li>\n<li data-start=\"821\" data-end=\"877\">\n<p data-start=\"823\" data-end=\"877\"><strong data-start=\"823\" data-end=\"864\">Consumo consciente e sustentabilidade<\/strong> \u2013 EF06CI04<\/p>\n<\/li>\n<\/ul>\n<p style=\"text-align: center;\"><strong>AVISO IMPORTANTE:<\/strong><\/p>\n<p style=\"text-align: center;\"><strong>AS APOSTILAS S\u00c3O ENVIADAS EM FORMATO PDF NO EMAIL CADASTRADO NO ATO DA COMPRA. CASO QUEIRA O MATERIAL EM FORMATO IMAGEM JPEG, ENTRE EM CONTATO CONOSCO PELO WHATSAPP: 31-994716920<\/strong><\/p>\n<p style=\"text-align: center;\"><strong>MAIS INFORMA\u00c7\u00d5ES E COMPRA PELO PIX, ENTRE EM CONTATO CONOSCO: 31-994716920. PIX: 31-994716920 (Eduardo de Sousa)<\/strong><\/p>\n<p style=\"text-align: center;\"><strong>ENVIO DO MATERIAL: EM AT\u00c9 1 (UM) DIA \u00daTIL, AP\u00d3S A CONFIRMA\u00c7\u00c3O DO PAGAMENTO<\/strong>\u00a0<strong>(SER\u00c1 ENVIADO UM LINK DO GOOGLE DRIVE NO E-MAIL INFORMADO NO ATO DA COMPRA PARA O DOWNLOAD DA APOSTILA).<\/strong><\/p>\n","protected":false},"featured_media":23725,"comment_status":"open","ping_status":"closed","template":"","meta":[],"product_brand":[],"product_cat":[24],"product_tag":[128,31,183,182],"class_list":{"0":"post-23724","1":"product","2":"type-product","3":"status-publish","4":"has-post-thumbnail","6":"product_cat-ciencias","7":"product_tag-atividades-adaptadas","8":"product_tag-atividades-ludicas","9":"product_tag-lapbooks","10":"product_tag-mini-lapbooks","12":"first","13":"instock","14":"virtual","15":"taxable","16":"purchasable","17":"product-type-simple"},"_links":{"self":[{"href":"https:\/\/cacapalavrasdidaticos.com.br\/site\/wp-json\/wp\/v2\/product\/23724","targetHints":{"allow":["GET"]}}],"collection":[{"href":"https:\/\/cacapalavrasdidaticos.com.br\/site\/wp-json\/wp\/v2\/product"}],"about":[{"href":"https:\/\/cacapalavrasdidaticos.com.br\/site\/wp-json\/wp\/v2\/types\/product"}],"replies":[{"embeddable":true,"href":"https:\/\/cacapalavrasdidaticos.com.br\/site\/wp-json\/wp\/v2\/comments?post=23724"}],"wp:featuredmedia":[{"embeddable":true,"href":"https:\/\/cacapalavrasdidaticos.com.br\/site\/wp-json\/wp\/v2\/media\/23725"}],"wp:attachment":[{"href":"https:\/\/cacapalavrasdidaticos.com.br\/site\/wp-json\/wp\/v2\/media?parent=23724"}],"wp:term":[{"taxonomy":"product_brand","embeddable":true,"href":"https:\/\/cacapalavrasdidaticos.com.br\/site\/wp-json\/wp\/v2\/product_brand?post=23724"},{"taxonomy":"product_cat","embeddable":true,"href":"https:\/\/cacapalavrasdidaticos.com.br\/site\/wp-json\/wp\/v2\/product_cat?post=23724"},{"taxonomy":"product_tag","embeddable":true,"href":"https:\/\/cacapalavrasdidaticos.com.br\/site\/wp-json\/wp\/v2\/product_tag?post=23724"}],"curies":[{"name":"wp","href":"https:\/\/api.w.org\/{rel}","templated":true}]}}