{"id":23647,"date":"2025-12-23T00:15:32","date_gmt":"2025-12-23T03:15:32","guid":{"rendered":"https:\/\/cacapalavrasdidaticos.com.br\/site\/?post_type=product&#038;p=23647"},"modified":"2026-01-28T14:34:58","modified_gmt":"2026-01-28T17:34:58","slug":"mini-lapbooks-de-ciencias-da-natureza-7o-ano-1o-bimestre-classificacao-e-microorganismos-5-temas","status":"publish","type":"product","link":"https:\/\/cacapalavrasdidaticos.com.br\/site\/produto\/mini-lapbooks-de-ciencias-da-natureza-7o-ano-1o-bimestre-classificacao-e-microorganismos-5-temas\/","title":{"rendered":"MINI LAPBOOKS DE CI\u00caNCIAS DA NATUREZA &#8211; 7\u00ba ANO (1\u00ba BIMESTRE): CLASSIFICA\u00c7\u00c3O E MICROORGANISMOS (5 TEMAS)"},"content":{"rendered":"","protected":false},"excerpt":{"rendered":"<p data-start=\"151\" data-end=\"522\"><strong data-start=\"151\" data-end=\"200\">Mini Lapbooks \u2013 Ci\u00eancias da Natureza | 7\u00ba Ano<\/strong><br data-start=\"200\" data-end=\"203\" \/>Material pedag\u00f3gico interativo, alinhado \u00e0 BNCC, que promove a aprendizagem ativa por meio de atividades visuais, investigativas e reflexivas, auxiliando os estudantes a compreender a <strong data-start=\"387\" data-end=\"420\">classifica\u00e7\u00e3o dos seres vivos<\/strong>, a diversidade biol\u00f3gica e o papel dos <strong data-start=\"460\" data-end=\"479\">microorganismos<\/strong> nos ecossistemas, na sa\u00fade e no cotidiano.<\/p>\n<p data-start=\"524\" data-end=\"553\"><strong data-start=\"524\" data-end=\"553\">Temas e habilidades BNCC:<\/strong><\/p>\n<ul data-start=\"554\" data-end=\"725\">\n<li data-start=\"554\" data-end=\"602\">\n<p data-start=\"556\" data-end=\"602\">Classifica\u00e7\u00e3o dos seres vivos \u2013 <strong data-start=\"588\" data-end=\"600\">EF07CI07<\/strong><\/p>\n<\/li>\n<li data-start=\"603\" data-end=\"627\">\n<p data-start=\"605\" data-end=\"627\">V\u00edrus \u2013 <strong data-start=\"613\" data-end=\"625\">EF07CI07<\/strong><\/p>\n<\/li>\n<li data-start=\"628\" data-end=\"659\">\n<p data-start=\"630\" data-end=\"659\">Reino Monera \u2013 <strong data-start=\"645\" data-end=\"657\">EF07CI07<\/strong><\/p>\n<\/li>\n<li data-start=\"660\" data-end=\"696\">\n<p data-start=\"662\" data-end=\"696\">Reino Protoctista \u2013 <strong data-start=\"682\" data-end=\"694\">EF07CI07<\/strong><\/p>\n<\/li>\n<li data-start=\"697\" data-end=\"725\">\n<p data-start=\"699\" data-end=\"725\">Reino Fungi \u2013 <strong data-start=\"713\" data-end=\"725\">EF07CI07<\/strong><\/p>\n<\/li>\n<\/ul>\n<p style=\"text-align: center;\"><strong>AVISO IMPORTANTE:<\/strong><\/p>\n<p style=\"text-align: center;\"><strong>AS APOSTILAS S\u00c3O ENVIADAS EM FORMATO PDF NO EMAIL CADASTRADO NO ATO DA COMPRA. CASO QUEIRA O MATERIAL EM FORMATO IMAGEM JPEG, ENTRE EM CONTATO CONOSCO PELO WHATSAPP: 31-994716920<\/strong><\/p>\n<p style=\"text-align: center;\"><strong>MAIS INFORMA\u00c7\u00d5ES E COMPRA PELO PIX, ENTRE EM CONTATO CONOSCO: 31-994716920. PIX: 31-994716920 (Eduardo de Sousa)<\/strong><\/p>\n<p style=\"text-align: center;\"><strong>ENVIO DO MATERIAL: EM AT\u00c9 1 (UM) DIA \u00daTIL, AP\u00d3S A CONFIRMA\u00c7\u00c3O DO PAGAMENTO<\/strong>\u00a0<strong>(SER\u00c1 ENVIADO UM LINK DO GOOGLE DRIVE NO E-MAIL INFORMADO NO ATO DA COMPRA PARA O DOWNLOAD DA APOSTILA).<\/strong><\/p>\n","protected":false},"featured_media":23649,"comment_status":"open","ping_status":"closed","template":"","meta":[],"product_brand":[],"product_cat":[24],"product_tag":[128,31,183,182],"class_list":{"0":"post-23647","1":"product","2":"type-product","3":"status-publish","4":"has-post-thumbnail","6":"product_cat-ciencias","7":"product_tag-atividades-adaptadas","8":"product_tag-atividades-ludicas","9":"product_tag-lapbooks","10":"product_tag-mini-lapbooks","12":"first","13":"instock","14":"virtual","15":"taxable","16":"purchasable","17":"product-type-simple"},"_links":{"self":[{"href":"https:\/\/cacapalavrasdidaticos.com.br\/site\/wp-json\/wp\/v2\/product\/23647","targetHints":{"allow":["GET"]}}],"collection":[{"href":"https:\/\/cacapalavrasdidaticos.com.br\/site\/wp-json\/wp\/v2\/product"}],"about":[{"href":"https:\/\/cacapalavrasdidaticos.com.br\/site\/wp-json\/wp\/v2\/types\/product"}],"replies":[{"embeddable":true,"href":"https:\/\/cacapalavrasdidaticos.com.br\/site\/wp-json\/wp\/v2\/comments?post=23647"}],"wp:featuredmedia":[{"embeddable":true,"href":"https:\/\/cacapalavrasdidaticos.com.br\/site\/wp-json\/wp\/v2\/media\/23649"}],"wp:attachment":[{"href":"https:\/\/cacapalavrasdidaticos.com.br\/site\/wp-json\/wp\/v2\/media?parent=23647"}],"wp:term":[{"taxonomy":"product_brand","embeddable":true,"href":"https:\/\/cacapalavrasdidaticos.com.br\/site\/wp-json\/wp\/v2\/product_brand?post=23647"},{"taxonomy":"product_cat","embeddable":true,"href":"https:\/\/cacapalavrasdidaticos.com.br\/site\/wp-json\/wp\/v2\/product_cat?post=23647"},{"taxonomy":"product_tag","embeddable":true,"href":"https:\/\/cacapalavrasdidaticos.com.br\/site\/wp-json\/wp\/v2\/product_tag?post=23647"}],"curies":[{"name":"wp","href":"https:\/\/api.w.org\/{rel}","templated":true}]}}