{"id":23631,"date":"2025-12-22T23:30:57","date_gmt":"2025-12-23T02:30:57","guid":{"rendered":"https:\/\/cacapalavrasdidaticos.com.br\/site\/?post_type=product&#038;p=23631"},"modified":"2026-01-28T14:34:59","modified_gmt":"2026-01-28T17:34:59","slug":"mini-lapbooks-de-ciencias-da-natureza-6o-ano-1o-bimestre-terra-no-universo-e-estrutura-do-planeta-5-temas","status":"publish","type":"product","link":"https:\/\/cacapalavrasdidaticos.com.br\/site\/produto\/mini-lapbooks-de-ciencias-da-natureza-6o-ano-1o-bimestre-terra-no-universo-e-estrutura-do-planeta-5-temas\/","title":{"rendered":"MINI LAPBOOKS DE CI\u00caNCIAS DA NATUREZA &#8211; 6\u00ba ANO (4\u00ba BIMESTRE): TERRA NO UNIVERSO E ESTRUTURA DO PLANETA (5 TEMAS)"},"content":{"rendered":"","protected":false},"excerpt":{"rendered":"<p data-start=\"118\" data-end=\"460\"><strong data-start=\"118\" data-end=\"167\">Mini Lapbooks \u2013 Ci\u00eancias da Natureza | 6\u00ba Ano<\/strong><br data-start=\"167\" data-end=\"170\" \/>Material pedag\u00f3gico interativo, alinhado \u00e0 BNCC, que favorece a aprendizagem ativa por meio de atividades visuais, investigativas e reflexivas, auxiliando os estudantes na compreens\u00e3o da Terra no Universo, de sua forma\u00e7\u00e3o e de sua estrutura, relacionando fen\u00f4menos naturais e a\u00e7\u00f5es humanas.<\/p>\n<p data-start=\"462\" data-end=\"491\"><strong data-start=\"462\" data-end=\"491\">Temas e habilidades BNCC:<\/strong><\/p>\n<ul data-start=\"492\" data-end=\"678\">\n<li data-start=\"492\" data-end=\"535\">\n<p data-start=\"494\" data-end=\"535\">A Terra no Sistema Solar \u2013 <strong data-start=\"521\" data-end=\"533\">EF06CI13<\/strong><\/p>\n<\/li>\n<li data-start=\"536\" data-end=\"569\">\n<p data-start=\"538\" data-end=\"569\">Forma da Terra \u2013 <strong data-start=\"555\" data-end=\"567\">EF06CI13<\/strong><\/p>\n<\/li>\n<li data-start=\"570\" data-end=\"607\">\n<p data-start=\"572\" data-end=\"607\">Estrutura da Terra \u2013 <strong data-start=\"593\" data-end=\"605\">EF06CI13<\/strong><\/p>\n<\/li>\n<li data-start=\"608\" data-end=\"645\">\n<p data-start=\"610\" data-end=\"645\">Crosta e Litosfera \u2013 <strong data-start=\"631\" data-end=\"643\">EF06CI13<\/strong><\/p>\n<\/li>\n<li data-start=\"646\" data-end=\"678\">\n<p data-start=\"648\" data-end=\"678\">Tipos de Rochas \u2013 <strong data-start=\"666\" data-end=\"678\">EF06CI13<\/strong><\/p>\n<\/li>\n<\/ul>\n<p style=\"text-align: center;\"><strong>AVISO IMPORTANTE:<\/strong><\/p>\n<p style=\"text-align: center;\"><strong>AS APOSTILAS S\u00c3O ENVIADAS EM FORMATO PDF NO EMAIL CADASTRADO NO ATO DA COMPRA. CASO QUEIRA O MATERIAL EM FORMATO IMAGEM JPEG, ENTRE EM CONTATO CONOSCO PELO WHATSAPP: 31-994716920<\/strong><\/p>\n<p style=\"text-align: center;\"><strong>MAIS INFORMA\u00c7\u00d5ES E COMPRA PELO PIX, ENTRE EM CONTATO CONOSCO: 31-994716920. PIX: 31-994716920 (Eduardo de Sousa)<\/strong><\/p>\n<p style=\"text-align: center;\"><strong>ENVIO DO MATERIAL: EM AT\u00c9 1 (UM) DIA \u00daTIL, AP\u00d3S A CONFIRMA\u00c7\u00c3O DO PAGAMENTO<\/strong>\u00a0<strong>(SER\u00c1 ENVIADO UM LINK DO GOOGLE DRIVE NO E-MAIL INFORMADO NO ATO DA COMPRA PARA O DOWNLOAD DA APOSTILA).<\/strong><\/p>\n","protected":false},"featured_media":23624,"comment_status":"open","ping_status":"closed","template":"","meta":[],"product_brand":[],"product_cat":[24],"product_tag":[128,31,183,182],"class_list":{"0":"post-23631","1":"product","2":"type-product","3":"status-publish","4":"has-post-thumbnail","6":"product_cat-ciencias","7":"product_tag-atividades-adaptadas","8":"product_tag-atividades-ludicas","9":"product_tag-lapbooks","10":"product_tag-mini-lapbooks","12":"first","13":"instock","14":"virtual","15":"taxable","16":"purchasable","17":"product-type-simple"},"_links":{"self":[{"href":"https:\/\/cacapalavrasdidaticos.com.br\/site\/wp-json\/wp\/v2\/product\/23631","targetHints":{"allow":["GET"]}}],"collection":[{"href":"https:\/\/cacapalavrasdidaticos.com.br\/site\/wp-json\/wp\/v2\/product"}],"about":[{"href":"https:\/\/cacapalavrasdidaticos.com.br\/site\/wp-json\/wp\/v2\/types\/product"}],"replies":[{"embeddable":true,"href":"https:\/\/cacapalavrasdidaticos.com.br\/site\/wp-json\/wp\/v2\/comments?post=23631"}],"wp:featuredmedia":[{"embeddable":true,"href":"https:\/\/cacapalavrasdidaticos.com.br\/site\/wp-json\/wp\/v2\/media\/23624"}],"wp:attachment":[{"href":"https:\/\/cacapalavrasdidaticos.com.br\/site\/wp-json\/wp\/v2\/media?parent=23631"}],"wp:term":[{"taxonomy":"product_brand","embeddable":true,"href":"https:\/\/cacapalavrasdidaticos.com.br\/site\/wp-json\/wp\/v2\/product_brand?post=23631"},{"taxonomy":"product_cat","embeddable":true,"href":"https:\/\/cacapalavrasdidaticos.com.br\/site\/wp-json\/wp\/v2\/product_cat?post=23631"},{"taxonomy":"product_tag","embeddable":true,"href":"https:\/\/cacapalavrasdidaticos.com.br\/site\/wp-json\/wp\/v2\/product_tag?post=23631"}],"curies":[{"name":"wp","href":"https:\/\/api.w.org\/{rel}","templated":true}]}}