{"id":23610,"date":"2025-12-19T07:34:07","date_gmt":"2025-12-19T10:34:07","guid":{"rendered":"https:\/\/cacapalavrasdidaticos.com.br\/site\/?post_type=product&#038;p=23610"},"modified":"2025-12-19T07:46:53","modified_gmt":"2025-12-19T10:46:53","slug":"planner-gratuito-feliz-natal","status":"publish","type":"product","link":"https:\/\/cacapalavrasdidaticos.com.br\/site\/produto\/planner-gratuito-feliz-natal\/","title":{"rendered":"PLANNER GRATUITO &#8211; FELIZ NATAL!"},"content":{"rendered":"","protected":false},"excerpt":{"rendered":"<div class=\"flex max-w-full flex-col grow\">\n<div class=\"min-h-8 text-message relative flex w-full flex-col items-end gap-2 text-start break-words whitespace-normal [.text-message+&amp;]:mt-1\" dir=\"auto\" data-message-author-role=\"assistant\" data-message-id=\"3c52ffbf-a79b-4efa-8c78-badf7f1a3767\" data-message-model-slug=\"gpt-4o-mini\">\n<div class=\"flex w-full flex-col gap-1 empty:hidden first:pt-[1px]\">\n<div class=\"markdown prose dark:prose-invert w-full break-words light markdown-new-styling\">\n<p data-start=\"0\" data-end=\"63\"><strong data-start=\"3\" data-end=\"60\">Planner Escolar Gratuito &#8211; Ca\u00e7a Atividades Escolares!<\/strong> \ud83c\udf84<\/p>\n<p data-start=\"65\" data-end=\"350\">Baixe agora o nosso <em data-start=\"85\" data-end=\"102\">Planner Escolar<\/em> gratuito e organize seu ano com muito mais praticidade e alegria! Este material incr\u00edvel conta com ferramentas para o planejamento di\u00e1rio, semanal e mensal de atividades escolares, al\u00e9m de espa\u00e7os para anota\u00e7\u00f5es, registros de tarefas e muito mais!<\/p>\n<p data-start=\"65\" data-end=\"350\">Copie e cole este link no seu navegador para baixar: https:\/\/drive.google.com\/file\/d\/1ew6WUAjvFtNHc-KXOTUI4LwWgKvwXQhK\/view?usp=drive_link<\/p>\n<p data-start=\"352\" data-end=\"423\">\ud83d\udcc5 <strong data-start=\"355\" data-end=\"391\">Ideal para professores e alunos!<\/strong><br data-start=\"391\" data-end=\"394\" \/>\ud83c\udf1f <strong data-start=\"397\" data-end=\"421\">Totalmente gratuito!<\/strong><\/p>\n<\/div>\n<\/div>\n<\/div>\n<\/div>\n","protected":false},"featured_media":23612,"comment_status":"open","ping_status":"closed","template":"","meta":[],"product_brand":[],"product_cat":[160],"product_tag":[181],"class_list":{"0":"post-23610","1":"product","2":"type-product","3":"status-publish","4":"has-post-thumbnail","6":"product_cat-datas-comemorativas","7":"product_tag-planner","9":"first","10":"instock","11":"downloadable","12":"taxable","13":"shipping-taxable","14":"purchasable","15":"product-type-simple"},"_links":{"self":[{"href":"https:\/\/cacapalavrasdidaticos.com.br\/site\/wp-json\/wp\/v2\/product\/23610","targetHints":{"allow":["GET"]}}],"collection":[{"href":"https:\/\/cacapalavrasdidaticos.com.br\/site\/wp-json\/wp\/v2\/product"}],"about":[{"href":"https:\/\/cacapalavrasdidaticos.com.br\/site\/wp-json\/wp\/v2\/types\/product"}],"replies":[{"embeddable":true,"href":"https:\/\/cacapalavrasdidaticos.com.br\/site\/wp-json\/wp\/v2\/comments?post=23610"}],"wp:featuredmedia":[{"embeddable":true,"href":"https:\/\/cacapalavrasdidaticos.com.br\/site\/wp-json\/wp\/v2\/media\/23612"}],"wp:attachment":[{"href":"https:\/\/cacapalavrasdidaticos.com.br\/site\/wp-json\/wp\/v2\/media?parent=23610"}],"wp:term":[{"taxonomy":"product_brand","embeddable":true,"href":"https:\/\/cacapalavrasdidaticos.com.br\/site\/wp-json\/wp\/v2\/product_brand?post=23610"},{"taxonomy":"product_cat","embeddable":true,"href":"https:\/\/cacapalavrasdidaticos.com.br\/site\/wp-json\/wp\/v2\/product_cat?post=23610"},{"taxonomy":"product_tag","embeddable":true,"href":"https:\/\/cacapalavrasdidaticos.com.br\/site\/wp-json\/wp\/v2\/product_tag?post=23610"}],"curies":[{"name":"wp","href":"https:\/\/api.w.org\/{rel}","templated":true}]}}