{"id":23589,"date":"2025-12-10T00:16:01","date_gmt":"2025-12-10T03:16:01","guid":{"rendered":"https:\/\/cacapalavrasdidaticos.com.br\/site\/?post_type=product&#038;p=23589"},"modified":"2026-01-28T14:38:11","modified_gmt":"2026-01-28T17:38:11","slug":"lapbook-de-sociologia-instituicoes-sociais-em13chs106","status":"publish","type":"product","link":"https:\/\/cacapalavrasdidaticos.com.br\/site\/produto\/lapbook-de-sociologia-instituicoes-sociais-em13chs106\/","title":{"rendered":"LAPBOOK DE SOCIOLOGIA &#8211; INSTITUI\u00c7\u00d5ES SOCIAIS (EM13CHS106)"},"content":{"rendered":"","protected":false},"excerpt":{"rendered":"<div class=\"flex max-w-full flex-col grow\">\n<div class=\"min-h-8 text-message relative flex w-full flex-col items-end gap-2 text-start break-words whitespace-normal [.text-message+&amp;]:mt-1\" dir=\"auto\" data-message-author-role=\"assistant\" data-message-id=\"3c52ffbf-a79b-4efa-8c78-badf7f1a3767\" data-message-model-slug=\"gpt-4o-mini\">\n<div class=\"flex w-full flex-col gap-1 empty:hidden first:pt-[1px]\">\n<div class=\"markdown prose dark:prose-invert w-full break-words light markdown-new-styling\">\n<p data-start=\"0\" data-end=\"78\"><strong>Aprenda Sociologia de forma interativa e envolvente com nossos Lapbooks! \ud83d\udcda<\/strong><\/p>\n<p data-start=\"80\" data-end=\"126\"><strong>Para o Ensino M\u00e9dio | Habilidades BNCC<\/strong><\/p>\n<p data-start=\"128\" data-end=\"184\"><strong>\ud83c\udf1f O que voc\u00ea encontra em nossos Lapbooks de Sociologia:<\/strong><\/p>\n<p data-start=\"186\" data-end=\"294\">Conte\u00fados completos e interativos: Resumos, quest\u00f5es + respostas, livreto, cart\u00f5es de estudo e autoavalia\u00e7\u00e3o<\/p>\n<p data-start=\"296\" data-end=\"421\">Instru\u00e7\u00f5es de montagem detalhadas para que os alunos possam criar, organizar e revisar o conte\u00fado de forma pr\u00e1tica e criativa<\/p>\n<p data-start=\"423\" data-end=\"553\">Atividades l\u00fadicas e educativas que exploram temas como sociedade, cultura, institui\u00e7\u00f5es sociais, desigualdade, poder e muito mais<\/p>\n<p data-start=\"555\" data-end=\"655\">Abas, bolsos e cart\u00f5es para facilitar a organiza\u00e7\u00e3o do conhecimento e estimular a autonomia do aluno<\/p>\n<p data-start=\"657\" data-end=\"717\">Ideal para estudantes que aprendem de forma visual e pr\u00e1tica<\/p>\n<p data-start=\"719\" data-end=\"809\">\ud83d\udcda Cada Lapbook tem 14 p\u00e1ginas repletas de conte\u00fado relevante para o ensino de Sociologia.<\/p>\n<p data-start=\"811\" data-end=\"858\">Por que escolher nossos Lapbooks de Sociologia?<\/p>\n<p data-start=\"860\" data-end=\"934\">M\u00e9todo visual e interativo que torna o aprendizado mais prazeroso e eficaz<\/p>\n<p data-start=\"936\" data-end=\"1033\">Estimula o pensamento cr\u00edtico, a curiosidade sociol\u00f3gica e a compreens\u00e3o dos conceitos essenciais<\/p>\n<p data-start=\"1035\" data-end=\"1129\">Perfeito para complementar o ensino de Sociologia e facilitar a revis\u00e3o de conte\u00fados complexos<\/p>\n<p data-start=\"1131\" data-end=\"1210\" data-is-last-node=\"\" data-is-only-node=\"\">\ud83c\udf1f Transforme o aprendizado de Sociologia em uma experi\u00eancia \u00fanica e memor\u00e1vel!<\/p>\n<\/div>\n<\/div>\n<\/div>\n<\/div>\n<div class=\"z-0 flex min-h-[46px] justify-start\"><\/div>\n<div class=\"mt-3 w-full empty:hidden\">\n<div class=\"text-center\">\n<div>\n<div class=\"inline-flex border border-gray-100 dark:border-gray-700 rounded-xl\">\n<div class=\"text-token-text-secondary flex items-center justify-center gap-4 px-4 py-2.5 text-sm whitespace-nowrap\"><\/div>\n<\/div>\n<\/div>\n<\/div>\n<\/div>\n<p style=\"text-align: center;\"><strong>AVISO IMPORTANTE:<\/strong><\/p>\n<p style=\"text-align: center;\"><strong>AS APOSTILAS S\u00c3O ENVIADAS EM FORMATO PDF NO EMAIL CADASTRADO NO ATO DA COMPRA. CASO QUEIRA O MATERIAL EM FORMATO IMAGEM JPEG, ENTRE EM CONTATO CONOSCO PELO WHATSAPP: 31-994716920<\/strong><\/p>\n<p style=\"text-align: center;\"><strong>MAIS INFORMA\u00c7\u00d5ES E COMPRA PELO PIX, ENTRE EM CONTATO CONOSCO: 31-994716920. PIX: 31-994716920 (Eduardo de Sousa)<\/strong><\/p>\n<p style=\"text-align: center;\"><strong>ENVIO DO MATERIAL: EM AT\u00c9 1 (UM) DIA \u00daTIL, AP\u00d3S A CONFIRMA\u00c7\u00c3O DO PAGAMENTO<\/strong>\u00a0<strong>(SER\u00c1 ENVIADO UM LINK DO GOOGLE DRIVE NO E-MAIL INFORMADO NO ATO DA COMPRA PARA O DOWNLOAD DA APOSTILA).<\/strong><\/p>\n","protected":false},"featured_media":23595,"comment_status":"open","ping_status":"closed","template":"","meta":[],"product_brand":[],"product_cat":[155],"product_tag":[128,31,35,172,132,179],"class_list":{"0":"post-23589","1":"product","2":"type-product","3":"status-publish","4":"has-post-thumbnail","6":"product_cat-sociologia","7":"product_tag-atividades-adaptadas","8":"product_tag-atividades-ludicas","9":"product_tag-ensino-medio","10":"product_tag-estudos-dirigidos","11":"product_tag-questoes-abertas","12":"product_tag-tecnologia-e-inovacao","14":"first","15":"instock","16":"virtual","17":"taxable","18":"purchasable","19":"product-type-simple"},"_links":{"self":[{"href":"https:\/\/cacapalavrasdidaticos.com.br\/site\/wp-json\/wp\/v2\/product\/23589","targetHints":{"allow":["GET"]}}],"collection":[{"href":"https:\/\/cacapalavrasdidaticos.com.br\/site\/wp-json\/wp\/v2\/product"}],"about":[{"href":"https:\/\/cacapalavrasdidaticos.com.br\/site\/wp-json\/wp\/v2\/types\/product"}],"replies":[{"embeddable":true,"href":"https:\/\/cacapalavrasdidaticos.com.br\/site\/wp-json\/wp\/v2\/comments?post=23589"}],"wp:featuredmedia":[{"embeddable":true,"href":"https:\/\/cacapalavrasdidaticos.com.br\/site\/wp-json\/wp\/v2\/media\/23595"}],"wp:attachment":[{"href":"https:\/\/cacapalavrasdidaticos.com.br\/site\/wp-json\/wp\/v2\/media?parent=23589"}],"wp:term":[{"taxonomy":"product_brand","embeddable":true,"href":"https:\/\/cacapalavrasdidaticos.com.br\/site\/wp-json\/wp\/v2\/product_brand?post=23589"},{"taxonomy":"product_cat","embeddable":true,"href":"https:\/\/cacapalavrasdidaticos.com.br\/site\/wp-json\/wp\/v2\/product_cat?post=23589"},{"taxonomy":"product_tag","embeddable":true,"href":"https:\/\/cacapalavrasdidaticos.com.br\/site\/wp-json\/wp\/v2\/product_tag?post=23589"}],"curies":[{"name":"wp","href":"https:\/\/api.w.org\/{rel}","templated":true}]}}