{"id":23510,"date":"2025-12-08T22:47:23","date_gmt":"2025-12-09T01:47:23","guid":{"rendered":"https:\/\/cacapalavrasdidaticos.com.br\/site\/?post_type=product&#038;p=23510"},"modified":"2026-01-28T14:39:43","modified_gmt":"2026-01-28T17:39:43","slug":"lapbook-de-arte-cores-formas-texturas-e-composicao-visual","status":"publish","type":"product","link":"https:\/\/cacapalavrasdidaticos.com.br\/site\/produto\/lapbook-de-arte-cores-formas-texturas-e-composicao-visual\/","title":{"rendered":"LAPBOOK DE ARTE &#8211; CORES , FORMAS, TEXTURAS E COMPOSI\u00c7\u00c3O VISUAL (EF69AR07)"},"content":{"rendered":"","protected":false},"excerpt":{"rendered":"<p data-start=\"105\" data-end=\"194\">\ud83c\udfa8 <strong data-start=\"108\" data-end=\"191\">Aprenda Arte de uma maneira divertida e interativa com nossos Lapbooks de Arte!<\/strong> \ud83c\udfa8<\/p>\n<p data-start=\"196\" data-end=\"254\"><strong data-start=\"196\" data-end=\"252\">Para o Ensino Fundamental e M\u00e9dio | Habilidades BNCC<\/strong><\/p>\n<p data-start=\"256\" data-end=\"310\">\ud83c\udf1f <strong data-start=\"259\" data-end=\"309\">O que voc\u00ea encontra em nossos Lapbooks de Arte<\/strong>:<\/p>\n<ul data-start=\"311\" data-end=\"858\">\n<li data-start=\"311\" data-end=\"425\">\n<p data-start=\"313\" data-end=\"425\"><strong data-start=\"313\" data-end=\"350\">Conte\u00fados completos e interativos<\/strong>: Resumos, quest\u00f5es + respostas, livreto, cart\u00f5es de estudo e autoavalia\u00e7\u00e3o<\/p>\n<\/li>\n<li data-start=\"426\" data-end=\"557\">\n<p data-start=\"428\" data-end=\"557\"><strong data-start=\"428\" data-end=\"465\">Instru\u00e7\u00f5es de montagem detalhadas<\/strong> para que os alunos possam criar, organizar e revisar o conte\u00fado de forma pr\u00e1tica e criativa<\/p>\n<\/li>\n<li data-start=\"558\" data-end=\"684\">\n<p data-start=\"560\" data-end=\"684\"><strong data-start=\"560\" data-end=\"595\">Atividades l\u00fadicas e educativas<\/strong> para explorar temas de arte como cores, formas, texturas, composi\u00e7\u00e3o visual e muito mais<\/p>\n<\/li>\n<li data-start=\"685\" data-end=\"791\">\n<p data-start=\"687\" data-end=\"791\"><strong data-start=\"687\" data-end=\"713\">Abas, bolsos e cart\u00f5es<\/strong> para facilitar a organiza\u00e7\u00e3o do conhecimento e estimular a autonomia do aluno<\/p>\n<\/li>\n<li data-start=\"792\" data-end=\"858\">\n<p data-start=\"794\" data-end=\"858\"><strong data-start=\"794\" data-end=\"858\">Ideal para estudantes que aprendem de forma visual e pr\u00e1tica<\/strong><\/p>\n<\/li>\n<\/ul>\n<p>&nbsp;<\/p>\n<p data-start=\"860\" data-end=\"948\">\ud83d\udcda <strong data-start=\"863\" data-end=\"948\">Cada Lapbook tem 14 p\u00e1ginas repletas de conte\u00fado relevante para o ensino de Arte.<\/strong><\/p>\n<p data-start=\"950\" data-end=\"995\"><strong data-start=\"950\" data-end=\"995\">Por que escolher nossos Lapbooks de Arte?<\/strong><\/p>\n<ul data-start=\"996\" data-end=\"1252\">\n<li data-start=\"996\" data-end=\"1072\">\n<p data-start=\"998\" data-end=\"1072\">M\u00e9todo visual e interativo que torna o aprendizado mais prazeroso e eficaz<\/p>\n<\/li>\n<li data-start=\"1073\" data-end=\"1161\">\n<p data-start=\"1075\" data-end=\"1161\">Estimula a criatividade, o pensamento cr\u00edtico e a compreens\u00e3o dos conceitos art\u00edsticos<\/p>\n<\/li>\n<li data-start=\"1162\" data-end=\"1252\">\n<p data-start=\"1164\" data-end=\"1252\">Perfeito para complementar o ensino de Arte e facilitar a revis\u00e3o de conte\u00fados complexos<\/p>\n<\/li>\n<\/ul>\n<p data-start=\"1254\" data-end=\"1331\">\ud83c\udf1f <strong data-start=\"1257\" data-end=\"1331\">Transforme o aprendizado de Arte em uma experi\u00eancia \u00fanica e memor\u00e1vel!<\/strong><\/p>\n<p style=\"text-align: center;\"><strong>AVISO IMPORTANTE:<\/strong><\/p>\n<p style=\"text-align: center;\"><strong>AS APOSTILAS S\u00c3O ENVIADAS EM FORMATO PDF NO EMAIL CADASTRADO NO ATO DA COMPRA. CASO QUEIRA O MATERIAL EM FORMATO IMAGEM JPEG, ENTRE EM CONTATO CONOSCO PELO WHATSAPP: 31-994716920<\/strong><\/p>\n<p style=\"text-align: center;\"><strong>MAIS INFORMA\u00c7\u00d5ES E COMPRA PELO PIX, ENTRE EM CONTATO CONOSCO: 31-994716920. PIX: 31-994716920 (Eduardo de Sousa)<\/strong><\/p>\n<p style=\"text-align: center;\"><strong>ENVIO DO MATERIAL: EM AT\u00c9 1 (UM) DIA \u00daTIL, AP\u00d3S A CONFIRMA\u00c7\u00c3O DO PAGAMENTO<\/strong>\u00a0<strong>(SER\u00c1 ENVIADO UM LINK DO GOOGLE DRIVE NO E-MAIL INFORMADO NO ATO DA COMPRA PARA O DOWNLOAD DA APOSTILA).<\/strong><\/p>\n","protected":false},"featured_media":23512,"comment_status":"open","ping_status":"closed","template":"","meta":[],"product_brand":[],"product_cat":[50],"product_tag":[128,31,35,172,132,179],"class_list":{"0":"post-23510","1":"product","2":"type-product","3":"status-publish","4":"has-post-thumbnail","6":"product_cat-arte","7":"product_tag-atividades-adaptadas","8":"product_tag-atividades-ludicas","9":"product_tag-ensino-medio","10":"product_tag-estudos-dirigidos","11":"product_tag-questoes-abertas","12":"product_tag-tecnologia-e-inovacao","14":"first","15":"instock","16":"virtual","17":"taxable","18":"purchasable","19":"product-type-simple"},"_links":{"self":[{"href":"https:\/\/cacapalavrasdidaticos.com.br\/site\/wp-json\/wp\/v2\/product\/23510","targetHints":{"allow":["GET"]}}],"collection":[{"href":"https:\/\/cacapalavrasdidaticos.com.br\/site\/wp-json\/wp\/v2\/product"}],"about":[{"href":"https:\/\/cacapalavrasdidaticos.com.br\/site\/wp-json\/wp\/v2\/types\/product"}],"replies":[{"embeddable":true,"href":"https:\/\/cacapalavrasdidaticos.com.br\/site\/wp-json\/wp\/v2\/comments?post=23510"}],"wp:featuredmedia":[{"embeddable":true,"href":"https:\/\/cacapalavrasdidaticos.com.br\/site\/wp-json\/wp\/v2\/media\/23512"}],"wp:attachment":[{"href":"https:\/\/cacapalavrasdidaticos.com.br\/site\/wp-json\/wp\/v2\/media?parent=23510"}],"wp:term":[{"taxonomy":"product_brand","embeddable":true,"href":"https:\/\/cacapalavrasdidaticos.com.br\/site\/wp-json\/wp\/v2\/product_brand?post=23510"},{"taxonomy":"product_cat","embeddable":true,"href":"https:\/\/cacapalavrasdidaticos.com.br\/site\/wp-json\/wp\/v2\/product_cat?post=23510"},{"taxonomy":"product_tag","embeddable":true,"href":"https:\/\/cacapalavrasdidaticos.com.br\/site\/wp-json\/wp\/v2\/product_tag?post=23510"}],"curies":[{"name":"wp","href":"https:\/\/api.w.org\/{rel}","templated":true}]}}