{"id":23263,"date":"2025-11-22T00:03:37","date_gmt":"2025-11-22T03:03:37","guid":{"rendered":"https:\/\/cacapalavrasdidaticos.com.br\/site\/?post_type=product&#038;p=23263"},"modified":"2025-12-01T08:58:54","modified_gmt":"2025-12-01T11:58:54","slug":"avaliacoes-de-historia-2o-ano-4o-bimestre-ensino-medio","status":"publish","type":"product","link":"https:\/\/cacapalavrasdidaticos.com.br\/site\/produto\/avaliacoes-de-historia-2o-ano-4o-bimestre-ensino-medio\/","title":{"rendered":"AVALIA\u00c7\u00d5ES DE HIST\u00d3RIA &#8211; 2\u00ba ANO (4\u00ba BIMESTRE) &#8211; ENSINO M\u00c9DIO"},"content":{"rendered":"","protected":false},"excerpt":{"rendered":"<p style=\"margin: 0cm;\">Esta apostila cont\u00e9m as avalia\u00e7\u00f5es e trabalhos de <strong>HIST\u00d3RIA (PLANO DE CURSO DE MINAS GERAIS &#8211; 2025<\/strong>) para o <strong>2\u00ba ano<\/strong> do Ensino M\u00e9dio, referente ao <strong>4\u00ba bimestre<\/strong>.<\/p>\n<h1 data-start=\"103\" data-end=\"137\"><strong data-start=\"108\" data-end=\"137\">TEMAS ABORDADOS:<\/strong><\/h1>\n<ul>\n<li><strong data-start=\"507\" data-end=\"540\">Aboli\u00e7\u00e3o da Escravid\u00e3o (1888)<\/strong><\/li>\n<li><strong data-start=\"545\" data-end=\"594\">Condi\u00e7\u00f5es dos ex-escravizados no p\u00f3s-aboli\u00e7\u00e3o<\/strong><\/li>\n<li><strong data-start=\"599\" data-end=\"634\">Proclama\u00e7\u00e3o da Rep\u00fablica (1889)<\/strong><\/li>\n<li><strong data-start=\"639\" data-end=\"671\">Segunda Revolu\u00e7\u00e3o Industrial<\/strong><\/li>\n<li><strong data-start=\"676\" data-end=\"717\">Ind\u00fastria cultural e consumo em massa<br \/>\n<\/strong><\/li>\n<li><strong data-start=\"722\" data-end=\"760\">Imperialismo europeu no s\u00e9culo XIX<\/strong><\/li>\n<li><strong data-start=\"765\" data-end=\"809\">Divis\u00e3o da \u00c1frica e fronteiras coloniais<\/strong><\/li>\n<li><strong data-start=\"814\" data-end=\"867\">Destino Manifesto e expans\u00e3o para o Oeste dos EUA<\/strong><\/li>\n<li style=\"list-style-type: none;\">\n<ul>\n<li style=\"list-style-type: none;\"><\/li>\n<\/ul>\n<\/li>\n<\/ul>\n<p>&nbsp;<\/p>\n<p style=\"margin: 0cm;\"><strong>25 P\u00c1GINAS<\/strong><\/p>\n<p><strong>\u00a0<\/strong><strong>O material cont\u00e9m:<\/strong><\/p>\n<ul>\n<li><strong>AVALIA\u00c7\u00c3O FORMATIVA<\/strong><\/li>\n<li><strong>AVALIA\u00c7\u00c3O SOMATIVA<\/strong><\/li>\n<li><strong>AVALIA\u00c7\u00c3O DE RECUPERA\u00c7\u00c3O<\/strong><\/li>\n<li><strong>SUGEST\u00c3O DE TRABALHO DE RECUPERA\u00c7\u00c3O<\/strong><\/li>\n<li><strong>GABARITOS<\/strong><\/li>\n<\/ul>\n<p style=\"text-align: center;\"><strong>AVISO IMPORTANTE:<\/strong><\/p>\n<p style=\"text-align: center;\"><strong>AS APOSTILAS S\u00c3O ENVIADAS EM FORMATO PDF NO EMAIL CADASTRADO NO ATO DA COMPRA. CASO QUEIRA O MATERIAL EM FORMATO IMAGEM JPEG, ENTRE EM CONTATO CONOSCO PELO WHATSAPP: 31-994716920<\/strong><\/p>\n<p style=\"text-align: center;\"><strong>MAIS INFORMA\u00c7\u00d5ES E COMPRA PELO PIX, ENTRE EM CONTATO CONOSCO: 31-994716920. PIX: 31-994716920 (Eduardo de Sousa)<\/strong><\/p>\n<p style=\"text-align: center;\"><strong>ENVIO DO MATERIAL: EM AT\u00c9 1 (UM) DIA \u00daTIL, AP\u00d3S A CONFIRMA\u00c7\u00c3O DO PAGAMENTO<\/strong>\u00a0<strong>(SER\u00c1 ENVIADO UM LINK DO GOOGLE DRIVE NO E-MAIL INFORMADO NO ATO DA COMPRA PARA O DOWNLOAD DA APOSTILA).<\/strong><\/p>\n","protected":false},"featured_media":23264,"comment_status":"open","ping_status":"closed","template":"","meta":[],"product_brand":[],"product_cat":[23],"product_tag":[128,31,35,172,132,179],"class_list":{"0":"post-23263","1":"product","2":"type-product","3":"status-publish","4":"has-post-thumbnail","6":"product_cat-historia","7":"product_tag-atividades-adaptadas","8":"product_tag-atividades-ludicas","9":"product_tag-ensino-medio","10":"product_tag-estudos-dirigidos","11":"product_tag-questoes-abertas","12":"product_tag-tecnologia-e-inovacao","14":"first","15":"instock","16":"sale","17":"virtual","18":"taxable","19":"purchasable","20":"product-type-simple"},"_links":{"self":[{"href":"https:\/\/cacapalavrasdidaticos.com.br\/site\/wp-json\/wp\/v2\/product\/23263","targetHints":{"allow":["GET"]}}],"collection":[{"href":"https:\/\/cacapalavrasdidaticos.com.br\/site\/wp-json\/wp\/v2\/product"}],"about":[{"href":"https:\/\/cacapalavrasdidaticos.com.br\/site\/wp-json\/wp\/v2\/types\/product"}],"replies":[{"embeddable":true,"href":"https:\/\/cacapalavrasdidaticos.com.br\/site\/wp-json\/wp\/v2\/comments?post=23263"}],"wp:featuredmedia":[{"embeddable":true,"href":"https:\/\/cacapalavrasdidaticos.com.br\/site\/wp-json\/wp\/v2\/media\/23264"}],"wp:attachment":[{"href":"https:\/\/cacapalavrasdidaticos.com.br\/site\/wp-json\/wp\/v2\/media?parent=23263"}],"wp:term":[{"taxonomy":"product_brand","embeddable":true,"href":"https:\/\/cacapalavrasdidaticos.com.br\/site\/wp-json\/wp\/v2\/product_brand?post=23263"},{"taxonomy":"product_cat","embeddable":true,"href":"https:\/\/cacapalavrasdidaticos.com.br\/site\/wp-json\/wp\/v2\/product_cat?post=23263"},{"taxonomy":"product_tag","embeddable":true,"href":"https:\/\/cacapalavrasdidaticos.com.br\/site\/wp-json\/wp\/v2\/product_tag?post=23263"}],"curies":[{"name":"wp","href":"https:\/\/api.w.org\/{rel}","templated":true}]}}