{"id":23257,"date":"2025-11-21T23:54:09","date_gmt":"2025-11-22T02:54:09","guid":{"rendered":"https:\/\/cacapalavrasdidaticos.com.br\/site\/?post_type=product&#038;p=23257"},"modified":"2025-12-01T17:54:16","modified_gmt":"2025-12-01T20:54:16","slug":"combo-de-avaliacoes-de-historia-6o-ao-3o-ano-4o-bimestre-ensino-fundamental-2-e-medio","status":"publish","type":"product","link":"https:\/\/cacapalavrasdidaticos.com.br\/site\/produto\/combo-de-avaliacoes-de-historia-6o-ao-3o-ano-4o-bimestre-ensino-fundamental-2-e-medio\/","title":{"rendered":"COMBO DE AVALIA\u00c7\u00d5ES DE HIST\u00d3RIA &#8211; 6\u00ba AO 3\u00ba ANO (4\u00ba BIMESTRE) &#8211; ENSINO FUNDAMENTAL 2 E M\u00c9DIO"},"content":{"rendered":"","protected":false},"excerpt":{"rendered":"<p style=\"margin: 0cm;\">Este combo cont\u00e9m as avalia\u00e7\u00f5es e trabalhos de <strong>ARTE (PLANO DE CURSO DE MINAS GERAIS &#8211; 2025<\/strong>) para o <strong>6\u00ba ao 3\u00ba ano<\/strong> do Ensino Fundamental II e M\u00e9dio, referente ao <strong>4\u00ba bimestre<\/strong>.<\/p>\n<p>&nbsp;<\/p>\n<p style=\"margin: 0cm;\"><strong>P\u00c1GINAS POR APOSTILA: 19 A 26<\/strong><\/p>\n<p><strong>Temas abordados:<\/strong><\/p>\n<table class=\"w-fit min-w-(--thread-content-width)\" data-start=\"354\" data-end=\"2074\">\n<thead data-start=\"354\" data-end=\"392\">\n<tr data-start=\"354\" data-end=\"392\">\n<th data-start=\"354\" data-end=\"364\" data-col-size=\"sm\"><strong data-start=\"356\" data-end=\"363\">Ano<\/strong><\/th>\n<th data-start=\"364\" data-end=\"392\" data-col-size=\"xl\"><strong data-start=\"366\" data-end=\"390\">Temas das Avalia\u00e7\u00f5es<\/strong><\/th>\n<\/tr>\n<\/thead>\n<tbody data-start=\"432\" data-end=\"2074\">\n<tr data-start=\"432\" data-end=\"665\">\n<td data-start=\"432\" data-end=\"483\" data-col-size=\"sm\"><strong data-start=\"434\" data-end=\"444\">1\u00ba Ano<\/strong><\/td>\n<td data-col-size=\"xl\" data-start=\"483\" data-end=\"665\">Coloniza\u00e7\u00e3o das Am\u00e9ricas; Povos origin\u00e1rios; Civiliza\u00e7\u00f5es Maia, Asteca e Inca; Chegada dos europeus; Impactos da conquista; Coloniza\u00e7\u00e3o do Brasil; Escravid\u00e3o; Sociedade colonial.<\/td>\n<\/tr>\n<tr data-start=\"666\" data-end=\"901\">\n<td data-start=\"666\" data-end=\"717\" data-col-size=\"sm\"><strong data-start=\"668\" data-end=\"678\">2\u00ba Ano<\/strong><\/td>\n<td data-col-size=\"xl\" data-start=\"717\" data-end=\"901\">Aboli\u00e7\u00e3o da escravid\u00e3o; Proclama\u00e7\u00e3o da Rep\u00fablica; Segunda Revolu\u00e7\u00e3o Industrial; Ind\u00fastria cultural; Imperialismo europeu; Partilha da \u00c1frica; Destino Manifesto; Racismo cient\u00edfico.<\/td>\n<\/tr>\n<tr data-start=\"902\" data-end=\"1140\">\n<td data-start=\"902\" data-end=\"953\" data-col-size=\"sm\"><strong data-start=\"904\" data-end=\"914\">3\u00ba Ano<\/strong><\/td>\n<td data-col-size=\"xl\" data-start=\"953\" data-end=\"1140\">\u00c9tica e cidadania; Direitos humanos; Diversidade e inclus\u00e3o; Povos ind\u00edgenas e afrodescendentes; Racismo e preconceito; Revolu\u00e7\u00e3o digital; Impactos sociais das tecnologias; Migra\u00e7\u00f5es.<\/td>\n<\/tr>\n<tr data-start=\"1141\" data-end=\"1359\">\n<td data-start=\"1141\" data-end=\"1192\" data-col-size=\"sm\"><strong data-start=\"1143\" data-end=\"1153\">6\u00ba Ano<\/strong><\/td>\n<td data-col-size=\"xl\" data-start=\"1192\" data-end=\"1359\">Idade M\u00e9dia; Feudalismo; Papel da Igreja Cat\u00f3lica; Sistema senhorial; Trabalho servil; Mulheres na Idade M\u00e9dia; Roma Antiga e escravid\u00e3o; Expans\u00e3o do cristianismo.<\/td>\n<\/tr>\n<tr data-start=\"1360\" data-end=\"1595\">\n<td data-start=\"1360\" data-end=\"1411\" data-col-size=\"sm\"><strong data-start=\"1362\" data-end=\"1372\">7\u00ba Ano<\/strong><\/td>\n<td data-col-size=\"xl\" data-start=\"1411\" data-end=\"1595\">Grandes navega\u00e7\u00f5es; Contato entre povos; Com\u00e9rcio mar\u00edtimo europeu; Escravid\u00e3o africana; Mercantilismo; Com\u00e9rcio triangular; Cultura afro-brasileira; Capitalismo comercial inicial.<\/td>\n<\/tr>\n<tr data-start=\"1596\" data-end=\"1821\">\n<td data-start=\"1596\" data-end=\"1647\" data-col-size=\"sm\"><strong data-start=\"1598\" data-end=\"1608\">8\u00ba Ano<\/strong><\/td>\n<td data-col-size=\"xl\" data-start=\"1647\" data-end=\"1821\">Imperialismo europeu; Partilha da \u00c1frica; Darwinismo social; Racismo cient\u00edfico; Romantismo e identidade nacional; Cultura brasileira no s\u00e9culo XIX; Resist\u00eancia colonial.<\/td>\n<\/tr>\n<tr data-start=\"1822\" data-end=\"2074\">\n<td data-start=\"1822\" data-end=\"1873\" data-col-size=\"sm\"><strong data-start=\"1824\" data-end=\"1834\">9\u00ba Ano<\/strong><\/td>\n<td data-col-size=\"xl\" data-start=\"1873\" data-end=\"2074\">Guerra Fria; Capitalismo x Socialismo; Ditaduras militares na Am\u00e9rica Latina; Resist\u00eancia pol\u00edtica; Globaliza\u00e7\u00e3o; Neoliberalismo; Descoloniza\u00e7\u00e3o da \u00c1frica e \u00c1sia; Movimentos sociais contempor\u00e2neos.<\/td>\n<\/tr>\n<\/tbody>\n<\/table>\n<p>&nbsp;<\/p>\n<p><strong>\u00a0<\/strong><\/p>\n<p><strong>O material cont\u00e9m:<\/strong><\/p>\n<ul>\n<li><strong>AVALIA\u00c7\u00c3O FORMATIVA<\/strong><\/li>\n<li><strong>AVALIA\u00c7\u00c3O SOMATIVA<\/strong><\/li>\n<li><strong>AVALIA\u00c7\u00c3O DE RECUPERA\u00c7\u00c3O<\/strong><\/li>\n<li><strong>SUGEST\u00c3O DE TRABALHO DE RECUPERA\u00c7\u00c3O<\/strong><\/li>\n<li><strong>GABARITOS<\/strong><\/li>\n<\/ul>\n<p style=\"text-align: center;\"><strong>AVISO IMPORTANTE:<\/strong><\/p>\n<p style=\"text-align: center;\"><strong>AS APOSTILAS S\u00c3O ENVIADAS EM FORMATO PDF NO EMAIL CADASTRADO NO ATO DA COMPRA. CASO QUEIRA O MATERIAL EM FORMATO IMAGEM JPEG, ENTRE EM CONTATO CONOSCO PELO WHATSAPP: 31-994716920<\/strong><\/p>\n<p style=\"text-align: center;\"><strong>MAIS INFORMA\u00c7\u00d5ES E COMPRA PELO PIX, ENTRE EM CONTATO CONOSCO: 31-994716920. PIX: 31-994716920 (Eduardo de Sousa)<\/strong><\/p>\n<p style=\"text-align: center;\"><strong>ENVIO DO MATERIAL: EM AT\u00c9 1 (UM) DIA \u00daTIL, AP\u00d3S A CONFIRMA\u00c7\u00c3O DO PAGAMENTO<\/strong>\u00a0<strong>(SER\u00c1 ENVIADO UM LINK DO GOOGLE DRIVE NO E-MAIL INFORMADO NO ATO DA COMPRA PARA O DOWNLOAD DA APOSTILA).<\/strong><\/p>\n","protected":false},"featured_media":23267,"comment_status":"open","ping_status":"closed","template":"","meta":[],"product_brand":[],"product_cat":[23],"product_tag":[128,31,35,172,132,179],"class_list":{"0":"post-23257","1":"product","2":"type-product","3":"status-publish","4":"has-post-thumbnail","6":"product_cat-historia","7":"product_tag-atividades-adaptadas","8":"product_tag-atividades-ludicas","9":"product_tag-ensino-medio","10":"product_tag-estudos-dirigidos","11":"product_tag-questoes-abertas","12":"product_tag-tecnologia-e-inovacao","14":"first","15":"instock","16":"sale","17":"virtual","18":"taxable","19":"purchasable","20":"product-type-simple"},"_links":{"self":[{"href":"https:\/\/cacapalavrasdidaticos.com.br\/site\/wp-json\/wp\/v2\/product\/23257","targetHints":{"allow":["GET"]}}],"collection":[{"href":"https:\/\/cacapalavrasdidaticos.com.br\/site\/wp-json\/wp\/v2\/product"}],"about":[{"href":"https:\/\/cacapalavrasdidaticos.com.br\/site\/wp-json\/wp\/v2\/types\/product"}],"replies":[{"embeddable":true,"href":"https:\/\/cacapalavrasdidaticos.com.br\/site\/wp-json\/wp\/v2\/comments?post=23257"}],"wp:featuredmedia":[{"embeddable":true,"href":"https:\/\/cacapalavrasdidaticos.com.br\/site\/wp-json\/wp\/v2\/media\/23267"}],"wp:attachment":[{"href":"https:\/\/cacapalavrasdidaticos.com.br\/site\/wp-json\/wp\/v2\/media?parent=23257"}],"wp:term":[{"taxonomy":"product_brand","embeddable":true,"href":"https:\/\/cacapalavrasdidaticos.com.br\/site\/wp-json\/wp\/v2\/product_brand?post=23257"},{"taxonomy":"product_cat","embeddable":true,"href":"https:\/\/cacapalavrasdidaticos.com.br\/site\/wp-json\/wp\/v2\/product_cat?post=23257"},{"taxonomy":"product_tag","embeddable":true,"href":"https:\/\/cacapalavrasdidaticos.com.br\/site\/wp-json\/wp\/v2\/product_tag?post=23257"}],"curies":[{"name":"wp","href":"https:\/\/api.w.org\/{rel}","templated":true}]}}