{"id":23251,"date":"2025-11-20T13:13:58","date_gmt":"2025-11-20T16:13:58","guid":{"rendered":"https:\/\/cacapalavrasdidaticos.com.br\/site\/?post_type=product&#038;p=23251"},"modified":"2026-02-02T08:15:49","modified_gmt":"2026-02-02T11:15:49","slug":"combo-de-avaliacoes-de-biologia-1o-ao-3o-ano-4o-bimestre-ensino-medio","status":"publish","type":"product","link":"https:\/\/cacapalavrasdidaticos.com.br\/site\/produto\/combo-de-avaliacoes-de-biologia-1o-ao-3o-ano-4o-bimestre-ensino-medio\/","title":{"rendered":"COMBO DE AVALIA\u00c7\u00d5ES DE BIOLOGIA &#8211; 1\u00ba AO 3\u00ba ANO (4\u00ba BIMESTRE) &#8211; ENSINO M\u00c9DIO"},"content":{"rendered":"","protected":false},"excerpt":{"rendered":"<p style=\"margin: 0cm;\">Este combo cont\u00e9m 3 apostilas com avalia\u00e7\u00f5es e trabalhos de <strong>BIOLOGIA (PLANO DE CURSO DE MINAS GERAIS &#8211; 2025)<\/strong> para o <strong>3\u00ba ano<\/strong> do Ensino M\u00e9dio, referente ao <strong>4\u00ba bimestre<\/strong>.<\/p>\n<p>&nbsp;<\/p>\n<table class=\"w-fit min-w-(--thread-content-width)\" data-start=\"2632\" data-end=\"3068\">\n<thead data-start=\"2632\" data-end=\"2656\">\n<tr data-start=\"2632\" data-end=\"2656\">\n<th data-start=\"2632\" data-end=\"2638\" data-col-size=\"sm\">Ano<\/th>\n<th data-start=\"2638\" data-end=\"2656\" data-col-size=\"lg\">Temas Centrais<\/th>\n<\/tr>\n<\/thead>\n<tbody data-start=\"2682\" data-end=\"3068\">\n<tr data-start=\"2682\" data-end=\"2790\">\n<td data-start=\"2682\" data-end=\"2695\" data-col-size=\"sm\"><strong data-start=\"2684\" data-end=\"2694\">1\u00ba Ano<\/strong><\/td>\n<td data-col-size=\"lg\" data-start=\"2695\" data-end=\"2790\">Sistemas do corpo, c\u00e9lula, mitose, ciclo da \u00e1gua, sustentabilidade, reinos, gen\u00e9tica b\u00e1sica<\/td>\n<\/tr>\n<tr data-start=\"2791\" data-end=\"2931\">\n<td data-start=\"2791\" data-end=\"2804\" data-col-size=\"sm\"><strong data-start=\"2793\" data-end=\"2803\">2\u00ba Ano<\/strong><\/td>\n<td data-col-size=\"lg\" data-start=\"2804\" data-end=\"2931\">Organiza\u00e7\u00e3o da vida, c\u00e9lula, evolu\u00e7\u00e3o e sele\u00e7\u00e3o natural, variabilidade gen\u00e9tica, evolu\u00e7\u00e3o humana, habitabilidade planet\u00e1ria<\/td>\n<\/tr>\n<tr data-start=\"2932\" data-end=\"3068\">\n<td data-start=\"2932\" data-end=\"2945\" data-col-size=\"sm\"><strong data-start=\"2934\" data-end=\"2944\">3\u00ba Ano<\/strong><\/td>\n<td data-col-size=\"lg\" data-start=\"2945\" data-end=\"3068\">Sistemas digest\u00f3rio, respirat\u00f3rio e circulat\u00f3rio; respira\u00e7\u00e3o celular; seguran\u00e7a e sa\u00fade; gen\u00e9tica e impactos ambientais<\/td>\n<\/tr>\n<\/tbody>\n<\/table>\n<p>&nbsp;<\/p>\n<p style=\"margin: 0cm;\"><strong>P\u00c1GINAS POR APOSTILA: 18 e 19<\/strong><\/p>\n<p><strong>\u00a0Cada apostila<\/strong><strong>\u00a0cont\u00e9m:<\/strong><\/p>\n<ul>\n<li><strong>AVALIA\u00c7\u00c3O FORMATIVA<\/strong><\/li>\n<li><strong>AVALIA\u00c7\u00c3O SOMATIVA<\/strong><\/li>\n<li><strong>AVALIA\u00c7\u00c3O DE RECUPERA\u00c7\u00c3O<\/strong><\/li>\n<li><strong>SUGEST\u00c3O DE TRABALHO DE RECUPERA\u00c7\u00c3O<\/strong><\/li>\n<li><strong>GABARITOS<\/strong><\/li>\n<\/ul>\n<p style=\"text-align: center;\"><strong>AVISO IMPORTANTE:<\/strong><\/p>\n<p style=\"text-align: center;\"><strong>AS APOSTILAS S\u00c3O ENVIADAS EM FORMATO PDF NO EMAIL CADASTRADO NO ATO DA COMPRA. CASO QUEIRA O MATERIAL EM FORMATO IMAGEM JPEG, ENTRE EM CONTATO CONOSCO PELO WHATSAPP: 31-994716920<\/strong><\/p>\n<p style=\"text-align: center;\"><strong>MAIS INFORMA\u00c7\u00d5ES E COMPRA PELO PIX, ENTRE EM CONTATO CONOSCO: 31-994716920. PIX: 31-994716920 (Eduardo de Sousa)<\/strong><\/p>\n<p style=\"text-align: center;\"><strong>ENVIO DO MATERIAL: EM AT\u00c9 1 (UM) DIA \u00daTIL, AP\u00d3S A CONFIRMA\u00c7\u00c3O DO PAGAMENTO<\/strong>\u00a0<strong>(SER\u00c1 ENVIADO UM LINK DO GOOGLE DRIVE NO E-MAIL INFORMADO NO ATO DA COMPRA PARA O DOWNLOAD DA APOSTILA).<\/strong><\/p>\n","protected":false},"featured_media":23252,"comment_status":"open","ping_status":"closed","template":"","meta":[],"product_brand":[],"product_cat":[54],"product_tag":[128,31,35,172,132,179],"class_list":{"0":"post-23251","1":"product","2":"type-product","3":"status-publish","4":"has-post-thumbnail","6":"product_cat-biologia","7":"product_tag-atividades-adaptadas","8":"product_tag-atividades-ludicas","9":"product_tag-ensino-medio","10":"product_tag-estudos-dirigidos","11":"product_tag-questoes-abertas","12":"product_tag-tecnologia-e-inovacao","14":"first","15":"instock","16":"virtual","17":"taxable","18":"purchasable","19":"product-type-simple"},"_links":{"self":[{"href":"https:\/\/cacapalavrasdidaticos.com.br\/site\/wp-json\/wp\/v2\/product\/23251","targetHints":{"allow":["GET"]}}],"collection":[{"href":"https:\/\/cacapalavrasdidaticos.com.br\/site\/wp-json\/wp\/v2\/product"}],"about":[{"href":"https:\/\/cacapalavrasdidaticos.com.br\/site\/wp-json\/wp\/v2\/types\/product"}],"replies":[{"embeddable":true,"href":"https:\/\/cacapalavrasdidaticos.com.br\/site\/wp-json\/wp\/v2\/comments?post=23251"}],"wp:featuredmedia":[{"embeddable":true,"href":"https:\/\/cacapalavrasdidaticos.com.br\/site\/wp-json\/wp\/v2\/media\/23252"}],"wp:attachment":[{"href":"https:\/\/cacapalavrasdidaticos.com.br\/site\/wp-json\/wp\/v2\/media?parent=23251"}],"wp:term":[{"taxonomy":"product_brand","embeddable":true,"href":"https:\/\/cacapalavrasdidaticos.com.br\/site\/wp-json\/wp\/v2\/product_brand?post=23251"},{"taxonomy":"product_cat","embeddable":true,"href":"https:\/\/cacapalavrasdidaticos.com.br\/site\/wp-json\/wp\/v2\/product_cat?post=23251"},{"taxonomy":"product_tag","embeddable":true,"href":"https:\/\/cacapalavrasdidaticos.com.br\/site\/wp-json\/wp\/v2\/product_tag?post=23251"}],"curies":[{"name":"wp","href":"https:\/\/api.w.org\/{rel}","templated":true}]}}