{"id":23025,"date":"2025-11-03T21:48:48","date_gmt":"2025-11-04T00:48:48","guid":{"rendered":"https:\/\/cacapalavrasdidaticos.com.br\/site\/?post_type=product&#038;p=23025"},"modified":"2025-12-01T09:28:33","modified_gmt":"2025-12-01T12:28:33","slug":"avaliacoes-de-ensino-religioso-8o-ano-4o-bimestre-ensino-fundamental-2","status":"publish","type":"product","link":"https:\/\/cacapalavrasdidaticos.com.br\/site\/produto\/avaliacoes-de-ensino-religioso-8o-ano-4o-bimestre-ensino-fundamental-2\/","title":{"rendered":"AVALIA\u00c7\u00d5ES DE ENSINO RELIGIOSO &#8211; 8\u00ba ANO (4\u00ba BIMESTRE) &#8211; ENSINO FUNDAMENTAL 2"},"content":{"rendered":"","protected":false},"excerpt":{"rendered":"<p style=\"margin: 0cm;\">Esta apostila cont\u00e9m as avalia\u00e7\u00f5es e trabalhos de <strong>ENSINO RELIGIOSO (PLANO DE CURSO DE MINAS GERAIS &#8211; 2025<\/strong>) para o <strong>8\u00ba ano<\/strong> do Ensino Fundamental II, referente ao <strong>4\u00ba bimestre<\/strong>.<\/p>\n<p><strong>Tema: Cren\u00e7as Religiosas e Filosofias de Vida<\/strong><\/p>\n<p data-start=\"1078\" data-end=\"1093\">Foco principal:<\/p>\n<ul data-start=\"1095\" data-end=\"1348\">\n<li data-start=\"1095\" data-end=\"1120\">\n<p data-start=\"1097\" data-end=\"1120\"><strong data-start=\"1097\" data-end=\"1120\">Laicidade do Estado<\/strong><\/p>\n<\/li>\n<li data-start=\"1121\" data-end=\"1161\">\n<p data-start=\"1123\" data-end=\"1161\"><strong data-start=\"1123\" data-end=\"1161\">Influ\u00eancia da religi\u00e3o na pol\u00edtica<\/strong><\/p>\n<\/li>\n<li data-start=\"1162\" data-end=\"1201\">\n<p data-start=\"1164\" data-end=\"1201\"><strong data-start=\"1164\" data-end=\"1201\">Direitos humanos e esfera p\u00fablica<\/strong><\/p>\n<\/li>\n<li data-start=\"1202\" data-end=\"1348\">\n<p data-start=\"1204\" data-end=\"1348\"><strong data-start=\"1204\" data-end=\"1268\">Rep\u00fablica, democracia e conviv\u00eancia entre diferentes cren\u00e7as<\/strong><\/p>\n<\/li>\n<\/ul>\n<p>&nbsp;<\/p>\n<p style=\"margin: 0cm;\"><strong>20 P\u00c1GINAS<\/strong><\/p>\n<p><strong>\u00a0<\/strong><strong>O material cont\u00e9m:<\/strong><\/p>\n<ul>\n<li><strong>AVALIA\u00c7\u00c3O FORMATIVA<\/strong><\/li>\n<li><strong>AVALIA\u00c7\u00c3O SOMATIVA<\/strong><\/li>\n<li><strong>AVALIA\u00c7\u00c3O DE RECUPERA\u00c7\u00c3O<\/strong><\/li>\n<li><strong>SUGEST\u00c3O DE TRABALHO DE RECUPERA\u00c7\u00c3O<\/strong><\/li>\n<li><strong>GABARITOS<\/strong><\/li>\n<\/ul>\n<p style=\"text-align: center;\"><strong>AVISO IMPORTANTE:<\/strong><\/p>\n<p style=\"text-align: center;\"><strong>AS APOSTILAS S\u00c3O ENVIADAS EM FORMATO PDF NO EMAIL CADASTRADO NO ATO DA COMPRA. CASO QUEIRA O MATERIAL EM FORMATO IMAGEM JPEG, ENTRE EM CONTATO CONOSCO PELO WHATSAPP: 31-994716920<\/strong><\/p>\n<p style=\"text-align: center;\"><strong>MAIS INFORMA\u00c7\u00d5ES E COMPRA PELO PIX, ENTRE EM CONTATO CONOSCO: 31-994716920. PIX: 31-994716920 (Eduardo de Sousa)<\/strong><\/p>\n<p style=\"text-align: center;\"><strong>ENVIO DO MATERIAL: EM AT\u00c9 1 (UM) DIA \u00daTIL, AP\u00d3S A CONFIRMA\u00c7\u00c3O DO PAGAMENTO<\/strong>\u00a0<strong>(SER\u00c1 ENVIADO UM LINK DO GOOGLE DRIVE NO E-MAIL INFORMADO NO ATO DA COMPRA PARA O DOWNLOAD DA APOSTILA).<\/strong><\/p>\n","protected":false},"featured_media":23027,"comment_status":"open","ping_status":"closed","template":"","meta":[],"product_brand":[],"product_cat":[151],"product_tag":[128,31,35,172,132,179],"class_list":{"0":"post-23025","1":"product","2":"type-product","3":"status-publish","4":"has-post-thumbnail","6":"product_cat-ension-religioso","7":"product_tag-atividades-adaptadas","8":"product_tag-atividades-ludicas","9":"product_tag-ensino-medio","10":"product_tag-estudos-dirigidos","11":"product_tag-questoes-abertas","12":"product_tag-tecnologia-e-inovacao","14":"first","15":"instock","16":"sale","17":"virtual","18":"taxable","19":"purchasable","20":"product-type-simple"},"_links":{"self":[{"href":"https:\/\/cacapalavrasdidaticos.com.br\/site\/wp-json\/wp\/v2\/product\/23025","targetHints":{"allow":["GET"]}}],"collection":[{"href":"https:\/\/cacapalavrasdidaticos.com.br\/site\/wp-json\/wp\/v2\/product"}],"about":[{"href":"https:\/\/cacapalavrasdidaticos.com.br\/site\/wp-json\/wp\/v2\/types\/product"}],"replies":[{"embeddable":true,"href":"https:\/\/cacapalavrasdidaticos.com.br\/site\/wp-json\/wp\/v2\/comments?post=23025"}],"wp:featuredmedia":[{"embeddable":true,"href":"https:\/\/cacapalavrasdidaticos.com.br\/site\/wp-json\/wp\/v2\/media\/23027"}],"wp:attachment":[{"href":"https:\/\/cacapalavrasdidaticos.com.br\/site\/wp-json\/wp\/v2\/media?parent=23025"}],"wp:term":[{"taxonomy":"product_brand","embeddable":true,"href":"https:\/\/cacapalavrasdidaticos.com.br\/site\/wp-json\/wp\/v2\/product_brand?post=23025"},{"taxonomy":"product_cat","embeddable":true,"href":"https:\/\/cacapalavrasdidaticos.com.br\/site\/wp-json\/wp\/v2\/product_cat?post=23025"},{"taxonomy":"product_tag","embeddable":true,"href":"https:\/\/cacapalavrasdidaticos.com.br\/site\/wp-json\/wp\/v2\/product_tag?post=23025"}],"curies":[{"name":"wp","href":"https:\/\/api.w.org\/{rel}","templated":true}]}}