{"id":22824,"date":"2025-10-28T23:59:06","date_gmt":"2025-10-29T02:59:06","guid":{"rendered":"https:\/\/cacapalavrasdidaticos.com.br\/site\/?post_type=product&#038;p=22824"},"modified":"2025-12-01T00:11:05","modified_gmt":"2025-12-01T03:11:05","slug":"avaliacoes-de-arte-7o-ano-4o-bimestre-ensino-fundamental-2","status":"publish","type":"product","link":"https:\/\/cacapalavrasdidaticos.com.br\/site\/produto\/avaliacoes-de-arte-7o-ano-4o-bimestre-ensino-fundamental-2\/","title":{"rendered":"AVALIA\u00c7\u00d5ES DE ARTE &#8211; 7\u00ba ANO (4\u00ba BIMESTRE) &#8211; ENSINO FUNDAMENTAL 2"},"content":{"rendered":"","protected":false},"excerpt":{"rendered":"<p style=\"margin: 0cm;\">Esta apostila cont\u00e9m as avalia\u00e7\u00f5es e trabalhos de <strong>ARTE (PLANO DE CURSO DE MINAS GERAIS &#8211; 2025<\/strong>) para o <strong>7\u00ba ano<\/strong> do Ensino Fundamental II, referente ao <strong>4\u00ba bimestre<\/strong>.<\/p>\n<p>Temas abordados:<\/p>\n<ul>\n<li data-start=\"347\" data-end=\"381\">\n<p data-start=\"349\" data-end=\"381\"><strong data-start=\"349\" data-end=\"379\">Cria\u00e7\u00e3o art\u00edstica e design<\/strong><\/p>\n<\/li>\n<li data-start=\"385\" data-end=\"430\">\n<p data-start=\"387\" data-end=\"430\"><strong data-start=\"387\" data-end=\"428\">Processos criativos no design gr\u00e1fico<\/strong><\/p>\n<\/li>\n<li data-start=\"434\" data-end=\"473\">\n<p data-start=\"436\" data-end=\"473\"><strong data-start=\"436\" data-end=\"471\">Improvisa\u00e7\u00e3o na m\u00fasica e teatro<\/strong><\/p>\n<\/li>\n<li data-start=\"477\" data-end=\"517\">\n<p data-start=\"479\" data-end=\"517\"><strong data-start=\"479\" data-end=\"515\">Tecnologia e express\u00e3o art\u00edstica<\/strong><\/p>\n<\/li>\n<li data-start=\"521\" data-end=\"558\">\n<p data-start=\"523\" data-end=\"558\"><strong data-start=\"523\" data-end=\"556\">Teatro e express\u00f5es coletivas<\/strong><\/p>\n<\/li>\n<li data-start=\"562\" data-end=\"608\">\n<p data-start=\"564\" data-end=\"608\"><strong data-start=\"564\" data-end=\"606\">Trabalho coletivo e criativo no teatro<\/strong><\/p>\n<\/li>\n<\/ul>\n<p>&nbsp;<\/p>\n<p style=\"margin: 0cm;\"><strong>19 P\u00c1GINAS<\/strong><\/p>\n<p><strong>\u00a0<\/strong><strong>O material cont\u00e9m:<\/strong><\/p>\n<ul>\n<li><strong>AVALIA\u00c7\u00c3O FORMATIVA<\/strong><\/li>\n<li><strong>AVALIA\u00c7\u00c3O SOMATIVA<\/strong><\/li>\n<li><strong>AVALIA\u00c7\u00c3O DE RECUPERA\u00c7\u00c3O<\/strong><\/li>\n<li><strong>SUGEST\u00c3O DE TRABALHO DE RECUPERA\u00c7\u00c3O<\/strong><\/li>\n<li><strong>GABARITOS<\/strong><\/li>\n<\/ul>\n<p style=\"text-align: center;\"><strong>AVISO IMPORTANTE:<\/strong><\/p>\n<p style=\"text-align: center;\"><strong>AS APOSTILAS S\u00c3O ENVIADAS EM FORMATO PDF NO EMAIL CADASTRADO NO ATO DA COMPRA. CASO QUEIRA O MATERIAL EM FORMATO IMAGEM JPEG, ENTRE EM CONTATO CONOSCO PELO WHATSAPP: 31-994716920<\/strong><\/p>\n<p style=\"text-align: center;\"><strong>MAIS INFORMA\u00c7\u00d5ES E COMPRA PELO PIX, ENTRE EM CONTATO CONOSCO: 31-994716920. PIX: 31-994716920 (Eduardo de Sousa)<\/strong><\/p>\n<p style=\"text-align: center;\"><strong>ENVIO DO MATERIAL: EM AT\u00c9 1 (UM) DIA \u00daTIL, AP\u00d3S A CONFIRMA\u00c7\u00c3O DO PAGAMENTO<\/strong>\u00a0<strong>(SER\u00c1 ENVIADO UM LINK DO GOOGLE DRIVE NO E-MAIL INFORMADO NO ATO DA COMPRA PARA O DOWNLOAD DA APOSTILA).<\/strong><\/p>\n","protected":false},"featured_media":22825,"comment_status":"open","ping_status":"closed","template":"","meta":[],"product_brand":[],"product_cat":[50],"product_tag":[128,31,35,172,132,179],"class_list":{"0":"post-22824","1":"product","2":"type-product","3":"status-publish","4":"has-post-thumbnail","6":"product_cat-arte","7":"product_tag-atividades-adaptadas","8":"product_tag-atividades-ludicas","9":"product_tag-ensino-medio","10":"product_tag-estudos-dirigidos","11":"product_tag-questoes-abertas","12":"product_tag-tecnologia-e-inovacao","14":"first","15":"instock","16":"sale","17":"virtual","18":"taxable","19":"purchasable","20":"product-type-simple"},"_links":{"self":[{"href":"https:\/\/cacapalavrasdidaticos.com.br\/site\/wp-json\/wp\/v2\/product\/22824","targetHints":{"allow":["GET"]}}],"collection":[{"href":"https:\/\/cacapalavrasdidaticos.com.br\/site\/wp-json\/wp\/v2\/product"}],"about":[{"href":"https:\/\/cacapalavrasdidaticos.com.br\/site\/wp-json\/wp\/v2\/types\/product"}],"replies":[{"embeddable":true,"href":"https:\/\/cacapalavrasdidaticos.com.br\/site\/wp-json\/wp\/v2\/comments?post=22824"}],"wp:featuredmedia":[{"embeddable":true,"href":"https:\/\/cacapalavrasdidaticos.com.br\/site\/wp-json\/wp\/v2\/media\/22825"}],"wp:attachment":[{"href":"https:\/\/cacapalavrasdidaticos.com.br\/site\/wp-json\/wp\/v2\/media?parent=22824"}],"wp:term":[{"taxonomy":"product_brand","embeddable":true,"href":"https:\/\/cacapalavrasdidaticos.com.br\/site\/wp-json\/wp\/v2\/product_brand?post=22824"},{"taxonomy":"product_cat","embeddable":true,"href":"https:\/\/cacapalavrasdidaticos.com.br\/site\/wp-json\/wp\/v2\/product_cat?post=22824"},{"taxonomy":"product_tag","embeddable":true,"href":"https:\/\/cacapalavrasdidaticos.com.br\/site\/wp-json\/wp\/v2\/product_tag?post=22824"}],"curies":[{"name":"wp","href":"https:\/\/api.w.org\/{rel}","templated":true}]}}