{"id":22818,"date":"2025-10-28T23:52:53","date_gmt":"2025-10-29T02:52:53","guid":{"rendered":"https:\/\/cacapalavrasdidaticos.com.br\/site\/?post_type=product&#038;p=22818"},"modified":"2025-12-01T00:11:05","modified_gmt":"2025-12-01T03:11:05","slug":"avaliacoes-de-arte-6o-ano-4o-bimestre-ensino-fundamental-2","status":"publish","type":"product","link":"https:\/\/cacapalavrasdidaticos.com.br\/site\/produto\/avaliacoes-de-arte-6o-ano-4o-bimestre-ensino-fundamental-2\/","title":{"rendered":"AVALIA\u00c7\u00d5ES DE ARTE &#8211; 6\u00ba ANO (4\u00ba BIMESTRE) &#8211; ENSINO FUNDAMENTAL 2"},"content":{"rendered":"","protected":false},"excerpt":{"rendered":"<p style=\"margin: 0cm;\">Esta apostila cont\u00e9m as avalia\u00e7\u00f5es e trabalhos de <strong>ARTE (PLANO DE CURSO DE MINAS GERAIS &#8211; 2025<\/strong>) para o <strong>6\u00ba ano<\/strong> do Ensino Fundamental II, referente ao <strong>4\u00ba bimestre<\/strong>.<\/p>\n<p>Temas abordados:<\/p>\n<ul data-start=\"34\" data-end=\"311\">\n<li data-start=\"34\" data-end=\"77\">\n<p data-start=\"36\" data-end=\"77\"><strong data-start=\"36\" data-end=\"75\">Bienal de Arte de S\u00e3o Paulo de 2023<\/strong><\/p>\n<\/li>\n<li data-start=\"81\" data-end=\"141\">\n<p data-start=\"83\" data-end=\"141\"><strong data-start=\"83\" data-end=\"139\">Improvisa\u00e7\u00e3o musical e uso de materiais alternativos<\/strong><\/p>\n<\/li>\n<li data-start=\"145\" data-end=\"189\">\n<p data-start=\"147\" data-end=\"189\"><strong data-start=\"147\" data-end=\"187\">Processos criativos em artes visuais<\/strong><\/p>\n<\/li>\n<li data-start=\"193\" data-end=\"231\">\n<p data-start=\"195\" data-end=\"231\"><strong data-start=\"195\" data-end=\"229\">Nota\u00e7\u00e3o musical e improvisa\u00e7\u00e3o<\/strong><\/p>\n<\/li>\n<li data-start=\"235\" data-end=\"268\">\n<p data-start=\"237\" data-end=\"268\"><strong data-start=\"237\" data-end=\"266\">Teatro e cria\u00e7\u00e3o coletiva<\/strong><\/p>\n<\/li>\n<li data-start=\"272\" data-end=\"311\">\n<p data-start=\"274\" data-end=\"311\"><strong data-start=\"274\" data-end=\"309\">Esculturas e fun\u00e7\u00f5es art\u00edsticas<\/strong><\/p>\n<\/li>\n<\/ul>\n<h3 data-start=\"313\" data-end=\"343\"><\/h3>\n<p style=\"margin: 0cm;\"><strong>18 P\u00c1GINAS<\/strong><\/p>\n<p><strong>\u00a0<\/strong><strong>O material cont\u00e9m:<\/strong><\/p>\n<ul>\n<li><strong>AVALIA\u00c7\u00c3O FORMATIVA<\/strong><\/li>\n<li><strong>AVALIA\u00c7\u00c3O SOMATIVA<\/strong><\/li>\n<li><strong>AVALIA\u00c7\u00c3O DE RECUPERA\u00c7\u00c3O<\/strong><\/li>\n<li><strong>SUGEST\u00c3O DE TRABALHO DE RECUPERA\u00c7\u00c3O<\/strong><\/li>\n<li><strong>GABARITOS<\/strong><\/li>\n<\/ul>\n<p style=\"text-align: center;\"><strong>AVISO IMPORTANTE:<\/strong><\/p>\n<p style=\"text-align: center;\"><strong>AS APOSTILAS S\u00c3O ENVIADAS EM FORMATO PDF NO EMAIL CADASTRADO NO ATO DA COMPRA. CASO QUEIRA O MATERIAL EM FORMATO IMAGEM JPEG, ENTRE EM CONTATO CONOSCO PELO WHATSAPP: 31-994716920<\/strong><\/p>\n<p style=\"text-align: center;\"><strong>MAIS INFORMA\u00c7\u00d5ES E COMPRA PELO PIX, ENTRE EM CONTATO CONOSCO: 31-994716920. PIX: 31-994716920 (Eduardo de Sousa)<\/strong><\/p>\n<p style=\"text-align: center;\"><strong>ENVIO DO MATERIAL: EM AT\u00c9 1 (UM) DIA \u00daTIL, AP\u00d3S A CONFIRMA\u00c7\u00c3O DO PAGAMENTO<\/strong>\u00a0<strong>(SER\u00c1 ENVIADO UM LINK DO GOOGLE DRIVE NO E-MAIL INFORMADO NO ATO DA COMPRA PARA O DOWNLOAD DA APOSTILA).<\/strong><\/p>\n","protected":false},"featured_media":22819,"comment_status":"open","ping_status":"closed","template":"","meta":[],"product_brand":[],"product_cat":[50],"product_tag":[128,31,35,172,132,179],"class_list":{"0":"post-22818","1":"product","2":"type-product","3":"status-publish","4":"has-post-thumbnail","6":"product_cat-arte","7":"product_tag-atividades-adaptadas","8":"product_tag-atividades-ludicas","9":"product_tag-ensino-medio","10":"product_tag-estudos-dirigidos","11":"product_tag-questoes-abertas","12":"product_tag-tecnologia-e-inovacao","14":"first","15":"instock","16":"sale","17":"virtual","18":"taxable","19":"purchasable","20":"product-type-simple"},"_links":{"self":[{"href":"https:\/\/cacapalavrasdidaticos.com.br\/site\/wp-json\/wp\/v2\/product\/22818","targetHints":{"allow":["GET"]}}],"collection":[{"href":"https:\/\/cacapalavrasdidaticos.com.br\/site\/wp-json\/wp\/v2\/product"}],"about":[{"href":"https:\/\/cacapalavrasdidaticos.com.br\/site\/wp-json\/wp\/v2\/types\/product"}],"replies":[{"embeddable":true,"href":"https:\/\/cacapalavrasdidaticos.com.br\/site\/wp-json\/wp\/v2\/comments?post=22818"}],"wp:featuredmedia":[{"embeddable":true,"href":"https:\/\/cacapalavrasdidaticos.com.br\/site\/wp-json\/wp\/v2\/media\/22819"}],"wp:attachment":[{"href":"https:\/\/cacapalavrasdidaticos.com.br\/site\/wp-json\/wp\/v2\/media?parent=22818"}],"wp:term":[{"taxonomy":"product_brand","embeddable":true,"href":"https:\/\/cacapalavrasdidaticos.com.br\/site\/wp-json\/wp\/v2\/product_brand?post=22818"},{"taxonomy":"product_cat","embeddable":true,"href":"https:\/\/cacapalavrasdidaticos.com.br\/site\/wp-json\/wp\/v2\/product_cat?post=22818"},{"taxonomy":"product_tag","embeddable":true,"href":"https:\/\/cacapalavrasdidaticos.com.br\/site\/wp-json\/wp\/v2\/product_tag?post=22818"}],"curies":[{"name":"wp","href":"https:\/\/api.w.org\/{rel}","templated":true}]}}