{"id":22341,"date":"2025-10-09T22:34:50","date_gmt":"2025-10-10T01:34:50","guid":{"rendered":"https:\/\/cacapalavrasdidaticos.com.br\/site\/?post_type=product&#038;p=22341"},"modified":"2026-02-02T00:32:50","modified_gmt":"2026-02-02T03:32:50","slug":"arte-5o-ano-do-ensino-fundamental-1","status":"publish","type":"product","link":"https:\/\/cacapalavrasdidaticos.com.br\/site\/produto\/arte-5o-ano-do-ensino-fundamental-1\/","title":{"rendered":"ARTE: 5\u00ba ANO DO ENSINO FUNDAMENTAL 1"},"content":{"rendered":"","protected":false},"excerpt":{"rendered":"<p data-start=\"121\" data-end=\"165\"><strong data-start=\"121\" data-end=\"165\">Desperte a Criatividade dos Seus Alunos!<\/strong><\/p>\n<p data-start=\"167\" data-end=\"485\">Leve seus alunos do 5\u00ba ano para uma jornada de descobertas no mundo da arte com a apostila &#8220;Ca\u00e7a Atividades Escolares &#8211; Atividades de Arte&#8221;! Uma cole\u00e7\u00e3o de atividades criativas, onde eles ir\u00e3o explorar desde a Hist\u00f3ria da Arte at\u00e9 t\u00e9cnicas contempor\u00e2neas, como arte digital, grafismo ind\u00edgena e pintura impressionista.<\/p>\n<p data-start=\"487\" data-end=\"516\"><strong data-start=\"487\" data-end=\"516\">O que voc\u00ea vai encontrar:<\/strong><\/p>\n<ul data-start=\"517\" data-end=\"834\">\n<li data-start=\"517\" data-end=\"577\">\n<p data-start=\"519\" data-end=\"577\"><strong data-start=\"519\" data-end=\"540\">Hist\u00f3ria da Arte:<\/strong> Da Pr\u00e9-Hist\u00f3ria \u00e0 Arte Contempor\u00e2nea<\/p>\n<\/li>\n<li data-start=\"578\" data-end=\"642\">\n<p data-start=\"580\" data-end=\"642\"><strong data-start=\"580\" data-end=\"599\">Impressionismo:<\/strong> Capturando luz e natureza com Claude Monet<\/p>\n<\/li>\n<li data-start=\"643\" data-end=\"710\">\n<p data-start=\"645\" data-end=\"710\"><strong data-start=\"645\" data-end=\"677\">Arte e Cultura no Cotidiano:<\/strong> Artes populares e suas tradi\u00e7\u00f5es<\/p>\n<\/li>\n<li data-start=\"711\" data-end=\"789\">\n<p data-start=\"713\" data-end=\"789\"><strong data-start=\"713\" data-end=\"737\">Pintura e Escultura:<\/strong> T\u00e9cnicas de grandes mestres como Van Gogh e Picasso<\/p>\n<\/li>\n<li data-start=\"790\" data-end=\"834\">\n<p data-start=\"792\" data-end=\"834\"><strong data-start=\"792\" data-end=\"809\">Arte Digital:<\/strong> Criando no mundo virtual<\/p>\n<\/li>\n<\/ul>\n<p data-start=\"836\" data-end=\"1018\">Al\u00e9m disso, atividades pr\u00e1ticas de mosaicos, colagens, e muito mais para incentivar a express\u00e3o \u00fanica dos alunos! <strong data-start=\"950\" data-end=\"1018\">Ajude seus alunos a se expressarem com liberdade e criatividade!<\/strong><\/p>\n<p><strong>73 P\u00c1GINAS<\/strong><\/p>\n<p style=\"text-align: center;\" data-start=\"650\" data-end=\"889\"><strong>AVISO IMPORTANTE:<\/strong><\/p>\n<p style=\"text-align: center;\"><strong>AS APOSTILAS S\u00c3O ENVIADAS EM FORMATO PDF NO EMAIL CADASTRADO NO ATO DA COMPRA. CASO QUEIRA O MATERIAL EM FORMATO IMAGEM JPEG, ENTRE EM CONTATO CONOSCO PELO WHATSAPP: 31-994716920<\/strong><\/p>\n<p style=\"text-align: center;\"><strong>MAIS INFORMA\u00c7\u00d5ES E COMPRA PELO PIX: 31-994716920 (Eduardo de Sousa)<\/strong><\/p>\n<p style=\"text-align: center;\"><strong>ENVIO DO MATERIAL: EM AT\u00c9 1 (UM) DIA \u00daTIL, AP\u00d3S A CONFIRMA\u00c7\u00c3O DO PAGAMENTO<\/strong>\u00a0<strong>(SER\u00c1 ENVIADO UM LINK DO GOOGLE DRIVE NO E-MAIL INFORMADO NO ATO DA COMPRA PARA O DOWNLOAD DA APOSTILA).<\/strong><\/p>\n","protected":false},"featured_media":22342,"comment_status":"open","ping_status":"closed","template":"","meta":[],"product_brand":[],"product_cat":[50],"product_tag":[31,101,35],"class_list":{"0":"post-22341","1":"product","2":"type-product","3":"status-publish","4":"has-post-thumbnail","6":"product_cat-arte","7":"product_tag-atividades-ludicas","8":"product_tag-bncc","9":"product_tag-ensino-medio","11":"first","12":"instock","13":"virtual","14":"taxable","15":"purchasable","16":"product-type-simple"},"_links":{"self":[{"href":"https:\/\/cacapalavrasdidaticos.com.br\/site\/wp-json\/wp\/v2\/product\/22341","targetHints":{"allow":["GET"]}}],"collection":[{"href":"https:\/\/cacapalavrasdidaticos.com.br\/site\/wp-json\/wp\/v2\/product"}],"about":[{"href":"https:\/\/cacapalavrasdidaticos.com.br\/site\/wp-json\/wp\/v2\/types\/product"}],"replies":[{"embeddable":true,"href":"https:\/\/cacapalavrasdidaticos.com.br\/site\/wp-json\/wp\/v2\/comments?post=22341"}],"wp:featuredmedia":[{"embeddable":true,"href":"https:\/\/cacapalavrasdidaticos.com.br\/site\/wp-json\/wp\/v2\/media\/22342"}],"wp:attachment":[{"href":"https:\/\/cacapalavrasdidaticos.com.br\/site\/wp-json\/wp\/v2\/media?parent=22341"}],"wp:term":[{"taxonomy":"product_brand","embeddable":true,"href":"https:\/\/cacapalavrasdidaticos.com.br\/site\/wp-json\/wp\/v2\/product_brand?post=22341"},{"taxonomy":"product_cat","embeddable":true,"href":"https:\/\/cacapalavrasdidaticos.com.br\/site\/wp-json\/wp\/v2\/product_cat?post=22341"},{"taxonomy":"product_tag","embeddable":true,"href":"https:\/\/cacapalavrasdidaticos.com.br\/site\/wp-json\/wp\/v2\/product_tag?post=22341"}],"curies":[{"name":"wp","href":"https:\/\/api.w.org\/{rel}","templated":true}]}}