{"id":21203,"date":"2025-08-31T23:28:54","date_gmt":"2025-09-01T02:28:54","guid":{"rendered":"https:\/\/cacapalavrasdidaticos.com.br\/site\/?post_type=product&#038;p=21203"},"modified":"2025-11-24T23:08:16","modified_gmt":"2025-11-25T02:08:16","slug":"combo-de-atividades-adaptadas-de-filosofia-1o-ao-3o-ano-3o-bimestre","status":"publish","type":"product","link":"https:\/\/cacapalavrasdidaticos.com.br\/site\/produto\/combo-de-atividades-adaptadas-de-filosofia-1o-ao-3o-ano-3o-bimestre\/","title":{"rendered":"COMBO DE ATIVIDADES ADAPTADAS DE FILOSOFIA &#8211; 1\u00ba AO 3\u00ba ANO (3\u00ba BIMESTRE)"},"content":{"rendered":"","protected":false},"excerpt":{"rendered":"<p>Transforme suas aulas de Filosofia em experi\u00eancias \u00fanicas!<\/p>\n<p>Voc\u00ea, professor(a), sabe o quanto \u00e9 desafiador ensinar Filosofia no Ensino M\u00e9dio para turmas diversas. Pensando nisso, criamos a Cole\u00e7\u00e3o Filosofia \u2013 Materiais Adaptados, feita especialmente para atender alunos com diferentes n\u00edveis de aprendizagem.<\/p>\n<p>\u2728 3 apostilas completas (1\u00ba, 2\u00ba e 3\u00ba ano do Ensino M\u00e9dio)<br \/>\n\u2714 Conte\u00fado alinhado \u00e0 BNCC<br \/>\n\u2714 Textos claros e objetivos<br \/>\n\u2714 Atividades l\u00fadicas e visuais<br \/>\n\u2714 Exerc\u00edcios com gabarito pronto<br \/>\n\u2714 Temas filos\u00f3ficos conectados ao dia a dia dos estudantes<\/p>\n<p>O que seus alunos v\u00e3o conquistar:<\/p>\n<p>\u2705 Facilidade para compreender ideias complexas da Filosofia<br \/>\n\u2705 Desenvolvimento do pensamento cr\u00edtico de forma acess\u00edvel<br \/>\n\u2705 Inclus\u00e3o de todos na sala de aula<br \/>\n\u2705 Mais motiva\u00e7\u00e3o e engajamento<\/p>\n<p>O que voc\u00ea, professor(a), ganha:<\/p>\n<p>\ud83c\udfaf Economia de tempo no planejamento<br \/>\n\ud83c\udfaf Materiais prontos para aplicar em sala<br \/>\n\ud83c\udfaf Recursos visuais que facilitam a explica\u00e7\u00e3o<br \/>\n\ud83c\udfaf Apoio pedag\u00f3gico diferenciado para alunos com dificuldades<\/p>\n<p>\ud83d\udca1 Com a nossa cole\u00e7\u00e3o, Filosofia deixa de ser \u201ccomplicada\u201d e se torna uma disciplina viva, din\u00e2mica e transformadora!<\/p>\n<p>\ud83d\udc49 Adquira j\u00e1 as apostilas do 1\u00ba, 2\u00ba e 3\u00ba ano e revolucione suas aulas.<\/p>\n<p><strong>P\u00e1ginas por apostila: 1\u00ba ano (28); 2\u00ba ano (31); 3\u00ba ano (34)<\/strong><\/p>\n<p>&nbsp;<\/p>\n<p style=\"text-align: center;\"><strong>AVISO IMPORTANTE:<\/strong><\/p>\n<p style=\"text-align: center;\"><strong>AS APOSTILAS S\u00c3O ENVIADAS EM FORMATO PDF NO EMAIL CADASTRADO NO ATO DA COMPRA. CASO QUEIRA O MATERIAL EM FORMATO IMAGEM JPEG, ENTRE EM CONTATO CONOSCO PELO WHATSAPP: 31-994716920<\/strong><\/p>\n<p style=\"text-align: center;\"><strong>MAIS INFORMA\u00c7\u00d5ES E COMPRA PELO PIX: 31-994716920 (Eduardo de Sousa)<\/strong><\/p>\n<p style=\"text-align: center;\"><strong>ENVIO DO MATERIAL: EM AT\u00c9 1 (UM) DIA \u00daTIL, AP\u00d3S A CONFIRMA\u00c7\u00c3O DO PAGAMENTO<\/strong>\u00a0<strong>(SER\u00c1 ENVIADO UM LINK DO GOOGLE DRIVE NO E-MAIL INFORMADO NO ATO DA COMPRA PARA O DOWNLOAD DA APOSTILA).<\/strong><\/p>\n","protected":false},"featured_media":21204,"comment_status":"open","ping_status":"closed","template":"","meta":[],"product_brand":[],"product_cat":[156],"product_tag":[31,101,178,34,35,172,38],"class_list":{"0":"post-21203","1":"product","2":"type-product","3":"status-publish","4":"has-post-thumbnail","6":"product_cat-filosofia","7":"product_tag-atividades-ludicas","8":"product_tag-bncc","9":"product_tag-ciencias-humanas-e-sociais","10":"product_tag-cruzadinhas","11":"product_tag-ensino-medio","12":"product_tag-estudos-dirigidos","13":"product_tag-sociologia","15":"first","16":"instock","17":"sale","18":"virtual","19":"taxable","20":"purchasable","21":"product-type-simple"},"_links":{"self":[{"href":"https:\/\/cacapalavrasdidaticos.com.br\/site\/wp-json\/wp\/v2\/product\/21203","targetHints":{"allow":["GET"]}}],"collection":[{"href":"https:\/\/cacapalavrasdidaticos.com.br\/site\/wp-json\/wp\/v2\/product"}],"about":[{"href":"https:\/\/cacapalavrasdidaticos.com.br\/site\/wp-json\/wp\/v2\/types\/product"}],"replies":[{"embeddable":true,"href":"https:\/\/cacapalavrasdidaticos.com.br\/site\/wp-json\/wp\/v2\/comments?post=21203"}],"wp:featuredmedia":[{"embeddable":true,"href":"https:\/\/cacapalavrasdidaticos.com.br\/site\/wp-json\/wp\/v2\/media\/21204"}],"wp:attachment":[{"href":"https:\/\/cacapalavrasdidaticos.com.br\/site\/wp-json\/wp\/v2\/media?parent=21203"}],"wp:term":[{"taxonomy":"product_brand","embeddable":true,"href":"https:\/\/cacapalavrasdidaticos.com.br\/site\/wp-json\/wp\/v2\/product_brand?post=21203"},{"taxonomy":"product_cat","embeddable":true,"href":"https:\/\/cacapalavrasdidaticos.com.br\/site\/wp-json\/wp\/v2\/product_cat?post=21203"},{"taxonomy":"product_tag","embeddable":true,"href":"https:\/\/cacapalavrasdidaticos.com.br\/site\/wp-json\/wp\/v2\/product_tag?post=21203"}],"curies":[{"name":"wp","href":"https:\/\/api.w.org\/{rel}","templated":true}]}}