{"id":21126,"date":"2025-08-27T00:38:36","date_gmt":"2025-08-27T03:38:36","guid":{"rendered":"https:\/\/cacapalavrasdidaticos.com.br\/site\/?post_type=product&#038;p=21126"},"modified":"2025-12-01T00:13:27","modified_gmt":"2025-12-01T03:13:27","slug":"arte-3o-e-4o-ano-do-ensino-fundamental-1","status":"publish","type":"product","link":"https:\/\/cacapalavrasdidaticos.com.br\/site\/produto\/arte-3o-e-4o-ano-do-ensino-fundamental-1\/","title":{"rendered":"ARTE: 3\u00ba E 4\u00ba ANO DO ENSINO FUNDAMENTAL 1"},"content":{"rendered":"","protected":false},"excerpt":{"rendered":"<p data-start=\"896\" data-end=\"1394\">\ud83c\udfa8 <strong data-start=\"973\" data-end=\"1015\">Inspire a pr\u00f3xima gera\u00e7\u00e3o de artistas!<\/strong><br data-start=\"1015\" data-end=\"1018\" \/>Leve seus alunos do 3\u00ba e 4\u00ba ano a uma jornada criativa no mundo da arte com a apostila &#8220;Ca\u00e7a Atividades Escolares &#8211; Atividades de Arte&#8221;. Com uma variedade de atividades que incluem grafismo ind\u00edgena, pintura em aquarela, teatro de sombras e at\u00e9 arte digital, eles ir\u00e3o explorar novas formas de express\u00e3o art\u00edstica e criar obras extraordin\u00e1rias!<br data-start=\"1362\" data-end=\"1365\" \/>\ud83c\udf1f <strong data-start=\"1368\" data-end=\"1392\">O que voc\u00ea encontra:<\/strong><\/p>\n<ul data-start=\"1395\" data-end=\"1743\">\n<li data-start=\"1395\" data-end=\"1428\">\n<p data-start=\"1397\" data-end=\"1428\">T\u00e9cnicas de pintura e desenho<\/p>\n<\/li>\n<li data-start=\"1429\" data-end=\"1462\">\n<p data-start=\"1431\" data-end=\"1462\">Mosaicos e colagens criativas<\/p>\n<\/li>\n<li data-start=\"1463\" data-end=\"1501\">\n<p data-start=\"1465\" data-end=\"1501\">Constru\u00e7\u00e3o de escultura com argila<\/p>\n<\/li>\n<li data-start=\"1502\" data-end=\"1743\">\n<p data-start=\"1504\" data-end=\"1743\">Cria\u00e7\u00e3o de m\u00fasicas e par\u00f3dias<\/p>\n<\/li>\n<li data-start=\"1502\" data-end=\"1743\">\n<p data-start=\"1504\" data-end=\"1743\">Liberte a criatividade e ajude seus alunos a se expressarem de maneiras \u00fanicas!<\/p>\n<\/li>\n<\/ul>\n<p>&nbsp;<\/p>\n<p><strong>91 P\u00c1GINAS<\/strong><\/p>\n<p style=\"text-align: center;\" data-start=\"650\" data-end=\"889\"><strong>AVISO IMPORTANTE:<\/strong><\/p>\n<p style=\"text-align: center;\"><strong>AS APOSTILAS S\u00c3O ENVIADAS EM FORMATO PDF NO EMAIL CADASTRADO NO ATO DA COMPRA. CASO QUEIRA O MATERIAL EM FORMATO IMAGEM JPEG, ENTRE EM CONTATO CONOSCO PELO WHATSAPP: 31-994716920<\/strong><\/p>\n<p style=\"text-align: center;\"><strong>MAIS INFORMA\u00c7\u00d5ES E COMPRA PELO PIX: 31-994716920 (Eduardo de Sousa)<\/strong><\/p>\n<p style=\"text-align: center;\"><strong>ENVIO DO MATERIAL: EM AT\u00c9 1 (UM) DIA \u00daTIL, AP\u00d3S A CONFIRMA\u00c7\u00c3O DO PAGAMENTO<\/strong>\u00a0<strong>(SER\u00c1 ENVIADO UM LINK DO GOOGLE DRIVE NO E-MAIL INFORMADO NO ATO DA COMPRA PARA O DOWNLOAD DA APOSTILA).<\/strong><\/p>\n","protected":false},"featured_media":21127,"comment_status":"open","ping_status":"closed","template":"","meta":[],"product_brand":[],"product_cat":[50],"product_tag":[31,101,35],"class_list":{"0":"post-21126","1":"product","2":"type-product","3":"status-publish","4":"has-post-thumbnail","6":"product_cat-arte","7":"product_tag-atividades-ludicas","8":"product_tag-bncc","9":"product_tag-ensino-medio","11":"first","12":"instock","13":"virtual","14":"taxable","15":"purchasable","16":"product-type-simple"},"_links":{"self":[{"href":"https:\/\/cacapalavrasdidaticos.com.br\/site\/wp-json\/wp\/v2\/product\/21126","targetHints":{"allow":["GET"]}}],"collection":[{"href":"https:\/\/cacapalavrasdidaticos.com.br\/site\/wp-json\/wp\/v2\/product"}],"about":[{"href":"https:\/\/cacapalavrasdidaticos.com.br\/site\/wp-json\/wp\/v2\/types\/product"}],"replies":[{"embeddable":true,"href":"https:\/\/cacapalavrasdidaticos.com.br\/site\/wp-json\/wp\/v2\/comments?post=21126"}],"wp:featuredmedia":[{"embeddable":true,"href":"https:\/\/cacapalavrasdidaticos.com.br\/site\/wp-json\/wp\/v2\/media\/21127"}],"wp:attachment":[{"href":"https:\/\/cacapalavrasdidaticos.com.br\/site\/wp-json\/wp\/v2\/media?parent=21126"}],"wp:term":[{"taxonomy":"product_brand","embeddable":true,"href":"https:\/\/cacapalavrasdidaticos.com.br\/site\/wp-json\/wp\/v2\/product_brand?post=21126"},{"taxonomy":"product_cat","embeddable":true,"href":"https:\/\/cacapalavrasdidaticos.com.br\/site\/wp-json\/wp\/v2\/product_cat?post=21126"},{"taxonomy":"product_tag","embeddable":true,"href":"https:\/\/cacapalavrasdidaticos.com.br\/site\/wp-json\/wp\/v2\/product_tag?post=21126"}],"curies":[{"name":"wp","href":"https:\/\/api.w.org\/{rel}","templated":true}]}}