{"id":20980,"date":"2025-08-19T00:10:14","date_gmt":"2025-08-19T03:10:14","guid":{"rendered":"https:\/\/cacapalavrasdidaticos.com.br\/site\/?post_type=product&#038;p=20980"},"modified":"2025-12-01T00:13:45","modified_gmt":"2025-12-01T03:13:45","slug":"1o-ano-do-ensino-medio-a-arte-de-ser-auteintico-3o-bimestre","status":"publish","type":"product","link":"https:\/\/cacapalavrasdidaticos.com.br\/site\/produto\/1o-ano-do-ensino-medio-a-arte-de-ser-auteintico-3o-bimestre\/","title":{"rendered":"1\u00ba ANO DO ENSINO M\u00c9DIO: S\u00c3O PAULO &#8211; A ARTE DE SER AUT\u00caNTICO (3\u00ba BIMESTRE)"},"content":{"rendered":"","protected":false},"excerpt":{"rendered":"<p data-start=\"48\" data-end=\"82\"><strong data-start=\"48\" data-end=\"82\">Transforme Suas Aulas de Arte!<\/strong><\/p>\n<p data-start=\"84\" data-end=\"399\">Apresentamos um material inovador para professores do 1\u00ba ano do Ensino M\u00e9dio, com foco em Arte Contempor\u00e2nea, Identidade e Poder. Inclui reflex\u00f5es sobre o poder na arte, desconstru\u00e7\u00e3o de estere\u00f3tipos, an\u00e1lises de discursos art\u00edsticos, m\u00fasica e cr\u00edtica social, al\u00e9m de atividades interativas e avalia\u00e7\u00f5es formativas.<\/p>\n<p data-start=\"401\" data-end=\"416\"><strong data-start=\"401\" data-end=\"416\">Ideal para:<\/strong><\/p>\n<ul data-start=\"417\" data-end=\"519\">\n<li data-start=\"417\" data-end=\"454\">\n<p data-start=\"419\" data-end=\"454\">Professores de Arte no Ensino M\u00e9dio<\/p>\n<\/li>\n<li data-start=\"455\" data-end=\"519\">\n<p data-start=\"457\" data-end=\"519\">Educadores que buscam metodologias ativas e interdisciplinares<\/p>\n<\/li>\n<\/ul>\n<p data-start=\"521\" data-end=\"572\"><strong data-start=\"521\" data-end=\"572\">Adquira agora e revolucione suas aulas de Arte!<\/strong><\/p>\n<p data-start=\"521\" data-end=\"572\"><strong>95 P\u00c1GINAS<\/strong><\/p>\n<p style=\"text-align: center;\"><strong>AVISO IMPORTANTE:<\/strong><\/p>\n<p style=\"text-align: center;\"><strong>AS APOSTILAS S\u00c3O ENVIADAS EM FORMATO PDF NO EMAIL CADASTRADO NO ATO DA COMPRA. CASO QUEIRA O MATERIAL EM FORMATO IMAGEM JPEG, ENTRE EM CONTATO CONOSCO PELO WHATSAPP: 31-994716920<\/strong><\/p>\n<p style=\"text-align: center;\"><strong>MAIS INFORMA\u00c7\u00d5ES E COMPRA PELO PIX: 31-994716920 (Eduardo de Sousa)<\/strong><\/p>\n<p style=\"text-align: center;\"><strong>ENVIO DO MATERIAL: EM AT\u00c9 1 (UM) DIA \u00daTIL, AP\u00d3S A CONFIRMA\u00c7\u00c3O DO PAGAMENTO<\/strong>\u00a0<strong>(SER\u00c1 ENVIADO UM LINK DO GOOGLE DRIVE NO E-MAIL INFORMADO NO ATO DA COMPRA PARA O DOWNLOAD DA APOSTILA).<\/strong><\/p>\n","protected":false},"featured_media":20990,"comment_status":"open","ping_status":"closed","template":"","meta":[],"product_brand":[],"product_cat":[50],"product_tag":[31,101,35],"class_list":{"0":"post-20980","1":"product","2":"type-product","3":"status-publish","4":"has-post-thumbnail","6":"product_cat-arte","7":"product_tag-atividades-ludicas","8":"product_tag-bncc","9":"product_tag-ensino-medio","11":"first","12":"instock","13":"virtual","14":"taxable","15":"purchasable","16":"product-type-simple"},"_links":{"self":[{"href":"https:\/\/cacapalavrasdidaticos.com.br\/site\/wp-json\/wp\/v2\/product\/20980","targetHints":{"allow":["GET"]}}],"collection":[{"href":"https:\/\/cacapalavrasdidaticos.com.br\/site\/wp-json\/wp\/v2\/product"}],"about":[{"href":"https:\/\/cacapalavrasdidaticos.com.br\/site\/wp-json\/wp\/v2\/types\/product"}],"replies":[{"embeddable":true,"href":"https:\/\/cacapalavrasdidaticos.com.br\/site\/wp-json\/wp\/v2\/comments?post=20980"}],"wp:featuredmedia":[{"embeddable":true,"href":"https:\/\/cacapalavrasdidaticos.com.br\/site\/wp-json\/wp\/v2\/media\/20990"}],"wp:attachment":[{"href":"https:\/\/cacapalavrasdidaticos.com.br\/site\/wp-json\/wp\/v2\/media?parent=20980"}],"wp:term":[{"taxonomy":"product_brand","embeddable":true,"href":"https:\/\/cacapalavrasdidaticos.com.br\/site\/wp-json\/wp\/v2\/product_brand?post=20980"},{"taxonomy":"product_cat","embeddable":true,"href":"https:\/\/cacapalavrasdidaticos.com.br\/site\/wp-json\/wp\/v2\/product_cat?post=20980"},{"taxonomy":"product_tag","embeddable":true,"href":"https:\/\/cacapalavrasdidaticos.com.br\/site\/wp-json\/wp\/v2\/product_tag?post=20980"}],"curies":[{"name":"wp","href":"https:\/\/api.w.org\/{rel}","templated":true}]}}