{"id":20677,"date":"2025-08-08T23:52:59","date_gmt":"2025-08-09T02:52:59","guid":{"rendered":"https:\/\/cacapalavrasdidaticos.com.br\/site\/?post_type=product&#038;p=20677"},"modified":"2026-02-02T08:29:30","modified_gmt":"2026-02-02T11:29:30","slug":"combo-minas-gerais-biologia-e-ciencias-da-natureza-6o-ao-3o-ano-3o-bimestre","status":"publish","type":"product","link":"https:\/\/cacapalavrasdidaticos.com.br\/site\/produto\/combo-minas-gerais-biologia-e-ciencias-da-natureza-6o-ao-3o-ano-3o-bimestre\/","title":{"rendered":"COMBO MINAS GERAIS BIOLOGIA E CI\u00caNCIAS DA NATUREZA &#8211; 6\u00ba AO 3\u00ba ANO (3\u00ba BIMESTRE)"},"content":{"rendered":"","protected":false},"excerpt":{"rendered":"<p>Este combo cont\u00e9m 7 apostilas de atividades de <strong>BIOLOGIA E CI\u00caNCIAS DA NATUREZA &#8211; PLANO DE CURSO DE MINAS GERAIS (2025) <\/strong>para o<strong> Ensino Fundamental 2 (6\u00ba ao 3\u00ba ano), <\/strong>referentes aos conte\u00fados do <strong>3\u00ba BIMESTRE<\/strong>. Este projeto ter\u00e1 16 apostilas com atividades variadas. Em cada uma das apostilas voc\u00ea encontrar\u00e1:<\/p>\n<ul>\n<li><strong>Planejamento bimestral;<\/strong><\/li>\n<li><strong>Estudos dirigidos e atividades relacionadas na sequ\u00eancia por apostila;<\/strong><\/li>\n<li><strong>Ca\u00e7a-palavras;<\/strong><\/li>\n<li><strong>Cruzadinhas;<\/strong><\/li>\n<li><strong>Atividades orientadas para colorir;<\/strong><\/li>\n<li><strong>Gabaritos de todas as atividades.<\/strong><\/li>\n<li style=\"list-style-type: none;\"><\/li>\n<\/ul>\n<p><strong>P\u00c1GINAS POR APOSTILA: <\/strong><\/p>\n<p><strong>CI\u00caNCIAS DA NATUREZA: 6\u00ba ano (82); 7\u00ba ano (72); 8\u00ba ano(72); 9\u00ba ano (62)<\/strong><\/p>\n<p><strong>BIOLOGIA: 1\u00ba ano (76); 2\u00ba ano (83); 3\u00ba ano (57)<\/strong><\/p>\n<p>&nbsp;<\/p>\n<p style=\"text-align: center;\"><strong>AVISO IMPORTANTE:<\/strong><\/p>\n<p style=\"text-align: center;\"><strong>AS APOSTILAS S\u00c3O ENVIADAS EM FORMATO PDF NO EMAIL CADASTRADO NO ATO DA COMPRA. CASO QUEIRA O MATERIAL EM FORMATO IMAGEM JPEG, ENTRE EM CONTATO CONOSCO PELO WHATSAPP: 31-994716920<\/strong><\/p>\n<p style=\"text-align: center;\"><strong>MAIS INFORMA\u00c7\u00d5ES E COMPRA PELO PIX: 31-994716920 (Eduardo de Sousa)<\/strong><\/p>\n<p style=\"text-align: center;\"><strong>ENVIO DO MATERIAL: EM AT\u00c9 1 (UM) DIA \u00daTIL, AP\u00d3S A CONFIRMA\u00c7\u00c3O DO PAGAMENTO<\/strong>\u00a0<strong>(SER\u00c1 ENVIADO UM LINK DO GOOGLE DRIVE NO E-MAIL INFORMADO NO ATO DA COMPRA PARA O DOWNLOAD DA APOSTILA).<\/strong><\/p>\n","protected":false},"featured_media":20673,"comment_status":"open","ping_status":"closed","template":"","meta":[],"product_brand":[],"product_cat":[54,24],"product_tag":[31,101,32,175,34,114,172],"class_list":{"0":"post-20677","1":"product","2":"type-product","3":"status-publish","4":"has-post-thumbnail","6":"product_cat-biologia","7":"product_cat-ciencias","8":"product_tag-atividades-ludicas","9":"product_tag-bncc","10":"product_tag-caca-palavras","11":"product_tag-ciencias-da-natureza","12":"product_tag-cruzadinhas","13":"product_tag-ensino-fundamental-2","14":"product_tag-estudos-dirigidos","16":"first","17":"instock","18":"virtual","19":"taxable","20":"purchasable","21":"product-type-simple"},"_links":{"self":[{"href":"https:\/\/cacapalavrasdidaticos.com.br\/site\/wp-json\/wp\/v2\/product\/20677","targetHints":{"allow":["GET"]}}],"collection":[{"href":"https:\/\/cacapalavrasdidaticos.com.br\/site\/wp-json\/wp\/v2\/product"}],"about":[{"href":"https:\/\/cacapalavrasdidaticos.com.br\/site\/wp-json\/wp\/v2\/types\/product"}],"replies":[{"embeddable":true,"href":"https:\/\/cacapalavrasdidaticos.com.br\/site\/wp-json\/wp\/v2\/comments?post=20677"}],"wp:featuredmedia":[{"embeddable":true,"href":"https:\/\/cacapalavrasdidaticos.com.br\/site\/wp-json\/wp\/v2\/media\/20673"}],"wp:attachment":[{"href":"https:\/\/cacapalavrasdidaticos.com.br\/site\/wp-json\/wp\/v2\/media?parent=20677"}],"wp:term":[{"taxonomy":"product_brand","embeddable":true,"href":"https:\/\/cacapalavrasdidaticos.com.br\/site\/wp-json\/wp\/v2\/product_brand?post=20677"},{"taxonomy":"product_cat","embeddable":true,"href":"https:\/\/cacapalavrasdidaticos.com.br\/site\/wp-json\/wp\/v2\/product_cat?post=20677"},{"taxonomy":"product_tag","embeddable":true,"href":"https:\/\/cacapalavrasdidaticos.com.br\/site\/wp-json\/wp\/v2\/product_tag?post=20677"}],"curies":[{"name":"wp","href":"https:\/\/api.w.org\/{rel}","templated":true}]}}