{"id":18919,"date":"2025-05-25T00:42:46","date_gmt":"2025-05-25T03:42:46","guid":{"rendered":"https:\/\/cacapalavrasdidaticos.com.br\/site\/?post_type=product&#038;p=18919"},"modified":"2025-12-01T08:44:04","modified_gmt":"2025-12-01T11:44:04","slug":"geopolitica-eletiva-2o-bimestre","status":"publish","type":"product","link":"https:\/\/cacapalavrasdidaticos.com.br\/site\/produto\/geopolitica-eletiva-2o-bimestre\/","title":{"rendered":"GEOPOL\u00cdTICA &#8211; ELETIVA (2\u00ba BIMESTRE)"},"content":{"rendered":"","protected":false},"excerpt":{"rendered":"<h2 data-start=\"177\" data-end=\"223\">\ud83c\udf0d Geopol\u00edtica e os Desafios do Mundo Atual<\/h2>\n<p data-start=\"225\" data-end=\"399\">\ud83d\udd0e Voc\u00ea j\u00e1 se perguntou por que alguns pa\u00edses vivem em constante tens\u00e3o? Ou por que certos recursos naturais, como a \u00e1gua e o petr\u00f3leo, s\u00e3o motivo de disputas internacionais?<\/p>\n<p data-start=\"401\" data-end=\"671\">\ud83d\udcd8 Na <strong data-start=\"407\" data-end=\"439\">Eletiva Anual de Geopol\u00edtica<\/strong>, voc\u00ea vai explorar as rela\u00e7\u00f5es de poder entre na\u00e7\u00f5es, entender os conflitos por recursos estrat\u00e9gicos e analisar como a globaliza\u00e7\u00e3o, as tecnologias emergentes e as mudan\u00e7as clim\u00e1ticas est\u00e3o redesenhando o cen\u00e1rio pol\u00edtico mundial.<\/p>\n<hr data-start=\"673\" data-end=\"676\" \/>\n<h3 data-start=\"678\" data-end=\"709\">\ud83e\udded O que voc\u00ea vai aprender?<\/h3>\n<p data-start=\"711\" data-end=\"1136\">\u2705 Como a globaliza\u00e7\u00e3o transforma as rela\u00e7\u00f5es econ\u00f4micas e culturais entre pa\u00edses<br data-start=\"791\" data-end=\"794\" \/>\u2705 Os efeitos das desigualdades sociais e da exclus\u00e3o digital no mundo globalizado<br data-start=\"875\" data-end=\"878\" \/>\u2705 O papel das Big Techs e da intelig\u00eancia artificial na regula\u00e7\u00e3o da informa\u00e7\u00e3o<br data-start=\"957\" data-end=\"960\" \/>\u2705 A influ\u00eancia dos recursos naturais e energ\u00e9ticos nos conflitos internacionais<br data-start=\"1039\" data-end=\"1042\" \/>\u2705 Como o trabalho remoto, as soft skills e as novas tecnologias est\u00e3o mudando o mercado global<\/p>\n<hr data-start=\"1138\" data-end=\"1141\" \/>\n<p data-start=\"1143\" data-end=\"1319\">\ud83d\udccc <strong data-start=\"1146\" data-end=\"1195\">Entenda o presente para transformar o futuro!<\/strong><br data-start=\"1195\" data-end=\"1198\" \/>Com atividades pr\u00e1ticas, debates e estudos de caso, voc\u00ea ser\u00e1 protagonista na an\u00e1lise dos desafios globais do s\u00e9culo XXI.<\/p>\n<p>&nbsp;<\/p>\n<p style=\"margin: 0cm;\"><strong>63 P\u00c1GINAS<\/strong><\/p>\n<p><strong>O material cont\u00e9m:<\/strong><\/p>\n<ul>\n<li><strong>Planejamento bimestral;<\/strong><\/li>\n<li><strong>Estudos dirigidos;<\/strong><\/li>\n<li><strong>Quest\u00f5es abertas e fechadas;<\/strong><\/li>\n<li><strong>Cruzadinhas;<\/strong><\/li>\n<li><strong>Ca\u00e7a-palavras;<\/strong><\/li>\n<li><strong>Gabaritos.<\/strong><\/li>\n<\/ul>\n<p>&nbsp;<\/p>\n<p style=\"text-align: center;\"><strong>AVISO IMPORTANTE:<\/strong><\/p>\n<p style=\"text-align: center;\"><strong>AS APOSTILAS S\u00c3O ENVIADAS EM FORMATO PDF NO EMAIL CADASTRADO NO ATO DA COMPRA. CASO QUEIRA O MATERIAL EM FORMATO IMAGEM JPEG, ENTRE EM CONTATO CONOSCO PELO WHATSAPP: 31-994716920<\/strong><\/p>\n<p style=\"text-align: center;\"><strong>MAIS INFORMA\u00c7\u00d5ES E COMPRA PELO PIX, ENTRE EM CONTATO CONOSCO: 31-994716920. PIX: 31-994716920 (Eduardo de Sousa)<\/strong><\/p>\n<p style=\"text-align: center;\"><strong>ENVIO DO MATERIAL: EM AT\u00c9 1 (UM) DIA \u00daTIL, AP\u00d3S A CONFIRMA\u00c7\u00c3O DO PAGAMENTO<\/strong>\u00a0<strong>(SER\u00c1 ENVIADO UM LINK DO GOOGLE DRIVE NO E-MAIL INFORMADO NO ATO DA COMPRA PARA O DOWNLOAD DA APOSTILA).<\/strong><\/p>\n","protected":false},"featured_media":18930,"comment_status":"open","ping_status":"closed","template":"","meta":[],"product_brand":[],"product_cat":[159,153],"product_tag":[128,31,34,35,172,132],"class_list":{"0":"post-18919","1":"product","2":"type-product","3":"status-publish","4":"has-post-thumbnail","6":"product_cat-eletivas","7":"product_cat-geografia","8":"product_tag-atividades-adaptadas","9":"product_tag-atividades-ludicas","10":"product_tag-cruzadinhas","11":"product_tag-ensino-medio","12":"product_tag-estudos-dirigidos","13":"product_tag-questoes-abertas","15":"first","16":"instock","17":"virtual","18":"taxable","19":"purchasable","20":"product-type-simple"},"_links":{"self":[{"href":"https:\/\/cacapalavrasdidaticos.com.br\/site\/wp-json\/wp\/v2\/product\/18919","targetHints":{"allow":["GET"]}}],"collection":[{"href":"https:\/\/cacapalavrasdidaticos.com.br\/site\/wp-json\/wp\/v2\/product"}],"about":[{"href":"https:\/\/cacapalavrasdidaticos.com.br\/site\/wp-json\/wp\/v2\/types\/product"}],"replies":[{"embeddable":true,"href":"https:\/\/cacapalavrasdidaticos.com.br\/site\/wp-json\/wp\/v2\/comments?post=18919"}],"wp:featuredmedia":[{"embeddable":true,"href":"https:\/\/cacapalavrasdidaticos.com.br\/site\/wp-json\/wp\/v2\/media\/18930"}],"wp:attachment":[{"href":"https:\/\/cacapalavrasdidaticos.com.br\/site\/wp-json\/wp\/v2\/media?parent=18919"}],"wp:term":[{"taxonomy":"product_brand","embeddable":true,"href":"https:\/\/cacapalavrasdidaticos.com.br\/site\/wp-json\/wp\/v2\/product_brand?post=18919"},{"taxonomy":"product_cat","embeddable":true,"href":"https:\/\/cacapalavrasdidaticos.com.br\/site\/wp-json\/wp\/v2\/product_cat?post=18919"},{"taxonomy":"product_tag","embeddable":true,"href":"https:\/\/cacapalavrasdidaticos.com.br\/site\/wp-json\/wp\/v2\/product_tag?post=18919"}],"curies":[{"name":"wp","href":"https:\/\/api.w.org\/{rel}","templated":true}]}}