{"id":18075,"date":"2025-04-28T10:59:20","date_gmt":"2025-04-28T13:59:20","guid":{"rendered":"https:\/\/cacapalavrasdidaticos.com.br\/site\/?post_type=product&#038;p=18075"},"modified":"2025-12-01T09:07:18","modified_gmt":"2025-12-01T12:07:18","slug":"minas-gerais-estudos-dirigidos-de-historia-1o-ano-do-ensino-medio-2o-bimestre","status":"publish","type":"product","link":"https:\/\/cacapalavrasdidaticos.com.br\/site\/produto\/minas-gerais-estudos-dirigidos-de-historia-1o-ano-do-ensino-medio-2o-bimestre\/","title":{"rendered":"MINAS GERAIS- ESTUDOS DIRIGIDOS DE HIST\u00d3RIA &#8211; 1\u00ba ANO DO ENSINO M\u00c9DIO (2\u00ba BIMESTRE)"},"content":{"rendered":"","protected":false},"excerpt":{"rendered":"<p>Esta apostila \u00e9 referente ao <strong>2\u00ba BIMESTRE<\/strong>, de acordo com o <strong>PLANO DE CURSO DE MINAS GERAIS DE 2025<\/strong> para o Componente curricular de <strong>HIST\u00d3RIA<\/strong> para o Ensino M\u00e9dio (<strong>1\u00ba ano<\/strong>). Este projeto ter\u00e1 12 apostilas com atividades variadas. As atividades cont\u00e9m os c\u00f3digos de Habilidades BNCC. Em cada uma das apostilas voc\u00ea encontrar\u00e1:<\/p>\n<ul>\n<li><strong>Planejamento bimestral e habilidades BNCC com descri\u00e7\u00e3o;<\/strong><\/li>\n<li><strong>Estudos dirigidos e atividades relacionadas na sequ\u00eancia;<\/strong><\/li>\n<li><strong>Ca\u00e7a-palavras;<\/strong><\/li>\n<li><strong>Cruzadinhas;<\/strong><\/li>\n<li><strong>Criptogramas;<\/strong><\/li>\n<li><strong>Atividade orientada para colorir;<\/strong><\/li>\n<li><strong>Gabaritos de todas as atividades.<\/strong><\/li>\n<\/ul>\n<p><strong>\u00a0 \u00a0 \u00a0 54 P\u00c1GINAS<\/strong><\/p>\n<p>&nbsp;<\/p>\n<p style=\"text-align: center;\"><strong>AVISO IMPORTANTE:<\/strong><\/p>\n<p style=\"text-align: center;\"><strong>AS APOSTILAS S\u00c3O ENVIADAS EM FORMATO PDF NO EMAIL CADASTRADO NO ATO DA COMPRA. CASO QUEIRA O MATERIAL EM FORMATO IMAGEM JPEG, ENTRE EM CONTATO CONOSCO PELO WHATSAPP: 31-994716920<\/strong><\/p>\n<p style=\"text-align: center;\"><strong>MAIS INFORMA\u00c7\u00d5ES E COMPRA PELO PIX: 31-994716920 (Eduardo de Sousa)<\/strong><\/p>\n<p style=\"text-align: center;\"><strong>ENVIO DO MATERIAL: EM AT\u00c9 1 (UM) DIA \u00daTIL, AP\u00d3S A CONFIRMA\u00c7\u00c3O DO PAGAMENTO<\/strong>\u00a0<strong>(SER\u00c1 ENVIADO UM LINK DO GOOGLE DRIVE NO E-MAIL INFORMADO NO ATO DA COMPRA PARA O DOWNLOAD DA APOSTILA).<\/strong><\/p>\n","protected":false},"featured_media":18076,"comment_status":"open","ping_status":"closed","template":"","meta":[],"product_brand":[],"product_cat":[23],"product_tag":[31,101,32,33,34,114,86,36,37],"class_list":{"0":"post-18075","1":"product","2":"type-product","3":"status-publish","4":"has-post-thumbnail","6":"product_cat-historia","7":"product_tag-atividades-ludicas","8":"product_tag-bncc","9":"product_tag-caca-palavras","10":"product_tag-criptogramas","11":"product_tag-cruzadinhas","12":"product_tag-ensino-fundamental-2","13":"product_tag-historia","14":"product_tag-mapas-conceituais","15":"product_tag-mapas-mentais","17":"first","18":"instock","19":"sale","20":"virtual","21":"taxable","22":"purchasable","23":"product-type-simple"},"_links":{"self":[{"href":"https:\/\/cacapalavrasdidaticos.com.br\/site\/wp-json\/wp\/v2\/product\/18075","targetHints":{"allow":["GET"]}}],"collection":[{"href":"https:\/\/cacapalavrasdidaticos.com.br\/site\/wp-json\/wp\/v2\/product"}],"about":[{"href":"https:\/\/cacapalavrasdidaticos.com.br\/site\/wp-json\/wp\/v2\/types\/product"}],"replies":[{"embeddable":true,"href":"https:\/\/cacapalavrasdidaticos.com.br\/site\/wp-json\/wp\/v2\/comments?post=18075"}],"wp:featuredmedia":[{"embeddable":true,"href":"https:\/\/cacapalavrasdidaticos.com.br\/site\/wp-json\/wp\/v2\/media\/18076"}],"wp:attachment":[{"href":"https:\/\/cacapalavrasdidaticos.com.br\/site\/wp-json\/wp\/v2\/media?parent=18075"}],"wp:term":[{"taxonomy":"product_brand","embeddable":true,"href":"https:\/\/cacapalavrasdidaticos.com.br\/site\/wp-json\/wp\/v2\/product_brand?post=18075"},{"taxonomy":"product_cat","embeddable":true,"href":"https:\/\/cacapalavrasdidaticos.com.br\/site\/wp-json\/wp\/v2\/product_cat?post=18075"},{"taxonomy":"product_tag","embeddable":true,"href":"https:\/\/cacapalavrasdidaticos.com.br\/site\/wp-json\/wp\/v2\/product_tag?post=18075"}],"curies":[{"name":"wp","href":"https:\/\/api.w.org\/{rel}","templated":true}]}}