{"id":17749,"date":"2025-04-20T23:09:06","date_gmt":"2025-04-21T02:09:06","guid":{"rendered":"https:\/\/cacapalavrasdidaticos.com.br\/site\/?post_type=product&#038;p=17749"},"modified":"2025-12-01T00:13:28","modified_gmt":"2025-12-01T03:13:28","slug":"1o-ano-do-ensino-medio-arte-manifestos-e-criacao-colaborativao-espirito-do-tempo-em-movimento-2o-bimestre","status":"publish","type":"product","link":"https:\/\/cacapalavrasdidaticos.com.br\/site\/produto\/1o-ano-do-ensino-medio-arte-manifestos-e-criacao-colaborativao-espirito-do-tempo-em-movimento-2o-bimestre\/","title":{"rendered":"1\u00ba ANO DO ENSINO M\u00c9DIO: Arte, Manifestos e Cria\u00e7\u00e3o Colaborativa:O Esp\u00edrito do Tempo em Movimento (2\u00ba BIMESTRE)"},"content":{"rendered":"","protected":false},"excerpt":{"rendered":"<p class=\"\" data-start=\"0\" data-end=\"63\">\ud83c\udfa8\ud83d\udcd6 <strong data-start=\"5\" data-end=\"57\">CA\u00c7A ATIVIDADES ESCOLARES &#8211; ARTE NO ENSINO M\u00c9DIO<\/strong> \ud83c\udfad\ud83d\udd8c\ufe0f<\/p>\n<p class=\"\" data-start=\"65\" data-end=\"140\">\ud83c\udf1f Transforme suas aulas de Arte com propostas interativas e reflexivas! \ud83c\udf1f<\/p>\n<p class=\"\" data-start=\"142\" data-end=\"318\">Apresentamos um material did\u00e1tico inovador e completo para professores do 1\u00ba ano do Ensino M\u00e9dio, focado em Arte Contempor\u00e2nea, Identidade e Poder de forma din\u00e2mica e criativa!<\/p>\n<p class=\"\" data-start=\"320\" data-end=\"718\">\ud83d\udd0d O que voc\u00ea vai encontrar? \u2705 Reflex\u00f5es sobre o poder na arte contempor\u00e2nea \u2705 Atividades sobre corpo, identidade e gesto social \u2705 Desconstru\u00e7\u00e3o de estere\u00f3tipos nas m\u00eddias \u2705 An\u00e1lises de discursos art\u00edsticos e suas implica\u00e7\u00f5es sociais \u2705 M\u00fasica e cr\u00edtica social para estimular o pensamento cr\u00edtico \u2705 Performance como ferramenta de express\u00e3o art\u00edstica \u2705 Atividades para colorir e avalia\u00e7\u00f5es formativas.<\/p>\n<p class=\"\" data-start=\"720\" data-end=\"912\">\ud83d\udca1 Propostas que incentivam a criatividade, an\u00e1lise cr\u00edtica e a participa\u00e7\u00e3o ativa dos alunos! Ideal para professores que desejam inovar suas aulas e engajar os estudantes no universo da Arte!<\/p>\n<p class=\"\" data-start=\"914\" data-end=\"1106\">\ud83c\udfaf Perfeito para: \u2714\ufe0f Professores de Arte no Ensino M\u00e9dio \u2714\ufe0f Educadores que buscam metodologias ativas e interdisciplinares \u2714\ufe0f Escolas que promovem um ensino din\u00e2mico, cr\u00edtico e contextualizado<\/p>\n<p class=\"\" data-start=\"1108\" data-end=\"1174\">\ud83d\udcda <strong data-start=\"1111\" data-end=\"1174\" data-is-last-node=\"\">Adquira j\u00e1 o seu material e revolucione suas aulas de Arte!<\/strong><\/p>\n<p>&nbsp;<\/p>\n<p style=\"text-align: center;\"><strong>AVISO IMPORTANTE:<\/strong><\/p>\n<p style=\"text-align: center;\"><strong>AS APOSTILAS S\u00c3O ENVIADAS EM FORMATO PDF NO EMAIL CADASTRADO NO ATO DA COMPRA. CASO QUEIRA O MATERIAL EM FORMATO IMAGEM JPEG, ENTRE EM CONTATO CONOSCO PELO WHATSAPP: 31-994716920<\/strong><\/p>\n<p style=\"text-align: center;\"><strong>MAIS INFORMA\u00c7\u00d5ES E COMPRA PELO PIX: 31-994716920 (Eduardo de Sousa)<\/strong><\/p>\n<p style=\"text-align: center;\"><strong>ENVIO DO MATERIAL: EM AT\u00c9 1 (UM) DIA \u00daTIL, AP\u00d3S A CONFIRMA\u00c7\u00c3O DO PAGAMENTO<\/strong>\u00a0<strong>(SER\u00c1 ENVIADO UM LINK DO GOOGLE DRIVE NO E-MAIL INFORMADO NO ATO DA COMPRA PARA O DOWNLOAD DA APOSTILA).<\/strong><\/p>\n","protected":false},"featured_media":17750,"comment_status":"open","ping_status":"closed","template":"","meta":[],"product_brand":[],"product_cat":[50],"product_tag":[31,101,35],"class_list":{"0":"post-17749","1":"product","2":"type-product","3":"status-publish","4":"has-post-thumbnail","6":"product_cat-arte","7":"product_tag-atividades-ludicas","8":"product_tag-bncc","9":"product_tag-ensino-medio","11":"first","12":"instock","13":"virtual","14":"taxable","15":"purchasable","16":"product-type-simple"},"_links":{"self":[{"href":"https:\/\/cacapalavrasdidaticos.com.br\/site\/wp-json\/wp\/v2\/product\/17749","targetHints":{"allow":["GET"]}}],"collection":[{"href":"https:\/\/cacapalavrasdidaticos.com.br\/site\/wp-json\/wp\/v2\/product"}],"about":[{"href":"https:\/\/cacapalavrasdidaticos.com.br\/site\/wp-json\/wp\/v2\/types\/product"}],"replies":[{"embeddable":true,"href":"https:\/\/cacapalavrasdidaticos.com.br\/site\/wp-json\/wp\/v2\/comments?post=17749"}],"wp:featuredmedia":[{"embeddable":true,"href":"https:\/\/cacapalavrasdidaticos.com.br\/site\/wp-json\/wp\/v2\/media\/17750"}],"wp:attachment":[{"href":"https:\/\/cacapalavrasdidaticos.com.br\/site\/wp-json\/wp\/v2\/media?parent=17749"}],"wp:term":[{"taxonomy":"product_brand","embeddable":true,"href":"https:\/\/cacapalavrasdidaticos.com.br\/site\/wp-json\/wp\/v2\/product_brand?post=17749"},{"taxonomy":"product_cat","embeddable":true,"href":"https:\/\/cacapalavrasdidaticos.com.br\/site\/wp-json\/wp\/v2\/product_cat?post=17749"},{"taxonomy":"product_tag","embeddable":true,"href":"https:\/\/cacapalavrasdidaticos.com.br\/site\/wp-json\/wp\/v2\/product_tag?post=17749"}],"curies":[{"name":"wp","href":"https:\/\/api.w.org\/{rel}","templated":true}]}}