{"id":17646,"date":"2025-04-19T00:49:28","date_gmt":"2025-04-19T03:49:28","guid":{"rendered":"https:\/\/cacapalavrasdidaticos.com.br\/site\/?post_type=product&#038;p=17646"},"modified":"2025-12-01T09:29:12","modified_gmt":"2025-12-01T12:29:12","slug":"estudos-dirigidos-de-ensino-religioso-9o-ano-do-ensino-fundamental-2o-bimestre","status":"publish","type":"product","link":"https:\/\/cacapalavrasdidaticos.com.br\/site\/produto\/estudos-dirigidos-de-ensino-religioso-9o-ano-do-ensino-fundamental-2o-bimestre\/","title":{"rendered":"ESTUDOS DIRIGIDOS DE ENSINO RELIGIOSO &#8211; 9\u00ba ANO DO ENSINO FUNDAMENTAL (2\u00ba BIMESTRE)"},"content":{"rendered":"","protected":false},"excerpt":{"rendered":"<p class=\"\" data-start=\"2677\" data-end=\"2908\">Quer preparar seus alunos para refletirem sobre m\u00eddia, cultura de paz e sustentabilidade no Ensino Religioso?<br data-start=\"2786\" data-end=\"2789\" \/>O <strong data-start=\"2791\" data-end=\"2885\">&#8220;Ca\u00e7a Atividades Escolares \u2013 Estudos Dirigidos de Ensino Religioso \u2013 9\u00ba Ano \u2013 2\u00ba Bimestre&#8221;<\/strong> foi pensado para voc\u00ea!<\/p>\n<p class=\"\" data-start=\"2910\" data-end=\"2938\">\ud83d\udcda S\u00e3o 52 p\u00e1ginas abordando:<\/p>\n<ul data-start=\"2939\" data-end=\"3080\">\n<li class=\"\" data-start=\"2939\" data-end=\"2965\">\n<p class=\"\" data-start=\"2941\" data-end=\"2965\">M\u00eddia e valores sociais;<\/p>\n<\/li>\n<li class=\"\" data-start=\"2966\" data-end=\"2999\">\n<p class=\"\" data-start=\"2968\" data-end=\"2999\">Cultura de paz nas comunidades;<\/p>\n<\/li>\n<li class=\"\" data-start=\"3000\" data-end=\"3041\">\n<p class=\"\" data-start=\"3002\" data-end=\"3041\">Religi\u00f5es e sustentabilidade ambiental;<\/p>\n<\/li>\n<li class=\"\" data-start=\"3042\" data-end=\"3080\">\n<p class=\"\" data-start=\"3044\" data-end=\"3080\">Vis\u00f5es culturais sobre vida e morte.<\/p>\n<\/li>\n<\/ul>\n<p class=\"\" data-start=\"3082\" data-end=\"3213\">Voc\u00ea encontrar\u00e1:<\/p>\n<p class=\"\" data-start=\"3082\" data-end=\"3213\">\u2705 Quest\u00f5es de an\u00e1lise cr\u00edtica,<br data-start=\"3129\" data-end=\"3132\" \/>\u2705 Exerc\u00edcios interativos,<br data-start=\"3157\" data-end=\"3160\" \/>\u2705 Cruzadinhas,<br data-start=\"3174\" data-end=\"3177\" \/>\u2705 Atividades de reflex\u00e3o e pesquisa.<\/p>\n<p class=\"\" data-start=\"3215\" data-end=\"3385\">Com este material, voc\u00ea ter\u00e1 aulas mais din\u00e2micas e formativas, ajudando seus alunos a se tornarem cidad\u00e3os cr\u00edticos e \u00e9ticos<\/p>\n<p style=\"text-align: center;\"><strong>AVISO IMPORTANTE:<\/strong><\/p>\n<p style=\"text-align: center;\"><strong>AS APOSTILAS S\u00c3O ENVIADAS EM FORMATO PDF NO EMAIL CADASTRADO NO ATO DA COMPRA. CASO QUEIRA O MATERIAL EM FORMATO IMAGEM JPEG, ENTRE EM CONTATO CONOSCO PELO WHATSAPP: 31-994716920<\/strong><\/p>\n<p style=\"text-align: center;\"><strong>MAIS INFORMA\u00c7\u00d5ES E COMPRA PELO PIX: 31-994716920 (Eduardo de Sousa)<\/strong><\/p>\n<p style=\"text-align: center;\"><strong>ENVIO DO MATERIAL: EM AT\u00c9 1 (UM) DIA \u00daTIL, AP\u00d3S A CONFIRMA\u00c7\u00c3O DO PAGAMENTO<\/strong>\u00a0<strong>(SER\u00c1 ENVIADO UM LINK DO GOOGLE DRIVE NO E-MAIL INFORMADO NO ATO DA COMPRA PARA O DOWNLOAD DA APOSTILA).<\/strong><\/p>\n","protected":false},"featured_media":17647,"comment_status":"open","ping_status":"closed","template":"","meta":[],"product_brand":[],"product_cat":[151],"product_tag":[31,101,32,33,34,36,37],"class_list":{"0":"post-17646","1":"product","2":"type-product","3":"status-publish","4":"has-post-thumbnail","6":"product_cat-ension-religioso","7":"product_tag-atividades-ludicas","8":"product_tag-bncc","9":"product_tag-caca-palavras","10":"product_tag-criptogramas","11":"product_tag-cruzadinhas","12":"product_tag-mapas-conceituais","13":"product_tag-mapas-mentais","15":"first","16":"instock","17":"virtual","18":"taxable","19":"purchasable","20":"product-type-simple"},"_links":{"self":[{"href":"https:\/\/cacapalavrasdidaticos.com.br\/site\/wp-json\/wp\/v2\/product\/17646","targetHints":{"allow":["GET"]}}],"collection":[{"href":"https:\/\/cacapalavrasdidaticos.com.br\/site\/wp-json\/wp\/v2\/product"}],"about":[{"href":"https:\/\/cacapalavrasdidaticos.com.br\/site\/wp-json\/wp\/v2\/types\/product"}],"replies":[{"embeddable":true,"href":"https:\/\/cacapalavrasdidaticos.com.br\/site\/wp-json\/wp\/v2\/comments?post=17646"}],"wp:featuredmedia":[{"embeddable":true,"href":"https:\/\/cacapalavrasdidaticos.com.br\/site\/wp-json\/wp\/v2\/media\/17647"}],"wp:attachment":[{"href":"https:\/\/cacapalavrasdidaticos.com.br\/site\/wp-json\/wp\/v2\/media?parent=17646"}],"wp:term":[{"taxonomy":"product_brand","embeddable":true,"href":"https:\/\/cacapalavrasdidaticos.com.br\/site\/wp-json\/wp\/v2\/product_brand?post=17646"},{"taxonomy":"product_cat","embeddable":true,"href":"https:\/\/cacapalavrasdidaticos.com.br\/site\/wp-json\/wp\/v2\/product_cat?post=17646"},{"taxonomy":"product_tag","embeddable":true,"href":"https:\/\/cacapalavrasdidaticos.com.br\/site\/wp-json\/wp\/v2\/product_tag?post=17646"}],"curies":[{"name":"wp","href":"https:\/\/api.w.org\/{rel}","templated":true}]}}