{"id":17636,"date":"2025-04-19T00:45:31","date_gmt":"2025-04-19T03:45:31","guid":{"rendered":"https:\/\/cacapalavrasdidaticos.com.br\/site\/?post_type=product&#038;p=17636"},"modified":"2025-12-01T09:29:12","modified_gmt":"2025-12-01T12:29:12","slug":"estudos-dirigidos-de-ensino-religioso-8o-ano-do-ensino-fundamental-2o-bimestre","status":"publish","type":"product","link":"https:\/\/cacapalavrasdidaticos.com.br\/site\/produto\/estudos-dirigidos-de-ensino-religioso-8o-ano-do-ensino-fundamental-2o-bimestre\/","title":{"rendered":"ESTUDOS DIRIGIDOS DE ENSINO RELIGIOSO &#8211; 8\u00ba ANO DO ENSINO FUNDAMENTAL (2\u00ba BIMESTRE)"},"content":{"rendered":"","protected":false},"excerpt":{"rendered":"<p class=\"\" data-start=\"1937\" data-end=\"2140\">Se voc\u00ea deseja trazer temas atuais e reflexivos para suas aulas de Ensino Religioso, o <strong data-start=\"2024\" data-end=\"2118\">&#8220;Ca\u00e7a Atividades Escolares \u2013 Estudos Dirigidos de Ensino Religioso \u2013 8\u00ba Ano \u2013 2\u00ba Bimestre&#8221;<\/strong> \u00e9 o que voc\u00ea procura.<\/p>\n<p class=\"\" data-start=\"2142\" data-end=\"2178\">\ud83d\udcda Um material com 52 p\u00e1ginas sobre:<\/p>\n<ul data-start=\"2179\" data-end=\"2315\">\n<li class=\"\" data-start=\"2179\" data-end=\"2215\">\n<p class=\"\" data-start=\"2181\" data-end=\"2215\">Cren\u00e7as religiosas contempor\u00e2neas;<\/p>\n<\/li>\n<li class=\"\" data-start=\"2216\" data-end=\"2251\">\n<p class=\"\" data-start=\"2218\" data-end=\"2251\">Tecnologia e pr\u00e1ticas religiosas;<\/p>\n<\/li>\n<li class=\"\" data-start=\"2252\" data-end=\"2278\">\n<p class=\"\" data-start=\"2254\" data-end=\"2278\">Diversidade doutrin\u00e1ria;<\/p>\n<\/li>\n<li class=\"\" data-start=\"2279\" data-end=\"2315\">\n<p class=\"\" data-start=\"2281\" data-end=\"2315\">Rela\u00e7\u00f5es entre religi\u00e3o e cultura.<\/p>\n<\/li>\n<\/ul>\n<p class=\"\" data-start=\"2317\" data-end=\"2448\">Voc\u00ea poder\u00e1 trabalhar com:<\/p>\n<p class=\"\" data-start=\"2317\" data-end=\"2448\">\u2705 Quest\u00f5es de interpreta\u00e7\u00e3o,<br data-start=\"2372\" data-end=\"2375\" \/>\u2705 Cruzadinhas,<br data-start=\"2389\" data-end=\"2392\" \/>\u2705 Textos com lacunas,<br data-start=\"2413\" data-end=\"2416\" \/>\u2705 Propostas de reflex\u00e3o cr\u00edtica.<\/p>\n<p class=\"\" data-start=\"2450\" data-end=\"2631\">Com ele, seus alunos v\u00e3o entender melhor a influ\u00eancia da religi\u00e3o no mundo globalizado e desenvolver uma vis\u00e3o mais cr\u00edtica e respeitosa.<\/p>\n<p>&nbsp;<\/p>\n<p style=\"text-align: center;\"><strong>AVISO IMPORTANTE:<\/strong><\/p>\n<p style=\"text-align: center;\"><strong>AS APOSTILAS S\u00c3O ENVIADAS EM FORMATO PDF NO EMAIL CADASTRADO NO ATO DA COMPRA. CASO QUEIRA O MATERIAL EM FORMATO IMAGEM JPEG, ENTRE EM CONTATO CONOSCO PELO WHATSAPP: 31-994716920<\/strong><\/p>\n<p style=\"text-align: center;\"><strong>MAIS INFORMA\u00c7\u00d5ES E COMPRA PELO PIX: 31-994716920 (Eduardo de Sousa)<\/strong><\/p>\n<p style=\"text-align: center;\"><strong>ENVIO DO MATERIAL: EM AT\u00c9 1 (UM) DIA \u00daTIL, AP\u00d3S A CONFIRMA\u00c7\u00c3O DO PAGAMENTO<\/strong>\u00a0<strong>(SER\u00c1 ENVIADO UM LINK DO GOOGLE DRIVE NO E-MAIL INFORMADO NO ATO DA COMPRA PARA O DOWNLOAD DA APOSTILA).<\/strong><\/p>\n","protected":false},"featured_media":17637,"comment_status":"open","ping_status":"closed","template":"","meta":[],"product_brand":[],"product_cat":[151],"product_tag":[31,101,32,33,34,36,37],"class_list":{"0":"post-17636","1":"product","2":"type-product","3":"status-publish","4":"has-post-thumbnail","6":"product_cat-ension-religioso","7":"product_tag-atividades-ludicas","8":"product_tag-bncc","9":"product_tag-caca-palavras","10":"product_tag-criptogramas","11":"product_tag-cruzadinhas","12":"product_tag-mapas-conceituais","13":"product_tag-mapas-mentais","15":"first","16":"instock","17":"virtual","18":"taxable","19":"purchasable","20":"product-type-simple"},"_links":{"self":[{"href":"https:\/\/cacapalavrasdidaticos.com.br\/site\/wp-json\/wp\/v2\/product\/17636","targetHints":{"allow":["GET"]}}],"collection":[{"href":"https:\/\/cacapalavrasdidaticos.com.br\/site\/wp-json\/wp\/v2\/product"}],"about":[{"href":"https:\/\/cacapalavrasdidaticos.com.br\/site\/wp-json\/wp\/v2\/types\/product"}],"replies":[{"embeddable":true,"href":"https:\/\/cacapalavrasdidaticos.com.br\/site\/wp-json\/wp\/v2\/comments?post=17636"}],"wp:featuredmedia":[{"embeddable":true,"href":"https:\/\/cacapalavrasdidaticos.com.br\/site\/wp-json\/wp\/v2\/media\/17637"}],"wp:attachment":[{"href":"https:\/\/cacapalavrasdidaticos.com.br\/site\/wp-json\/wp\/v2\/media?parent=17636"}],"wp:term":[{"taxonomy":"product_brand","embeddable":true,"href":"https:\/\/cacapalavrasdidaticos.com.br\/site\/wp-json\/wp\/v2\/product_brand?post=17636"},{"taxonomy":"product_cat","embeddable":true,"href":"https:\/\/cacapalavrasdidaticos.com.br\/site\/wp-json\/wp\/v2\/product_cat?post=17636"},{"taxonomy":"product_tag","embeddable":true,"href":"https:\/\/cacapalavrasdidaticos.com.br\/site\/wp-json\/wp\/v2\/product_tag?post=17636"}],"curies":[{"name":"wp","href":"https:\/\/api.w.org\/{rel}","templated":true}]}}