{"id":16837,"date":"2025-03-22T10:33:06","date_gmt":"2025-03-22T13:33:06","guid":{"rendered":"https:\/\/cacapalavrasdidaticos.com.br\/site\/?post_type=product&#038;p=16837"},"modified":"2025-12-01T01:31:53","modified_gmt":"2025-12-01T04:31:53","slug":"lingua-portuguesa-gramatica-estudo-da-palavra-volume-4","status":"publish","type":"product","link":"https:\/\/cacapalavrasdidaticos.com.br\/site\/produto\/lingua-portuguesa-gramatica-estudo-da-palavra-volume-4\/","title":{"rendered":"L\u00cdNGUA PORTUGUESA &#8211; GRAM\u00c1TICA ESTUDO DA PALAVRA (VOLUME 4)"},"content":{"rendered":"","protected":false},"excerpt":{"rendered":"<p><strong>\ud83d\udcd5\u00a0Volume 4 \u2013 Gram\u00e1tica: Pronomes, Figuras de Linguagem e Predicado (80 P\u00c1GINAS)<br \/>\nEste volume re\u00fane conte\u00fados essenciais para a\u00a0interpreta\u00e7\u00e3o e produ\u00e7\u00e3o de textos, abordando:<\/strong><\/p>\n<ul>\n<li>Sujeito e predicado<\/li>\n<li>D\u00edgrafos<\/li>\n<li>Pronomes pessoais, obl\u00edquos, possessivos e demonstrativos<\/li>\n<li>Linguagem denotativa e conotativa<\/li>\n<li>Figuras de linguagem: met\u00e1fora, compara\u00e7\u00e3o, meton\u00edmia, hip\u00e9rbole e personifica\u00e7\u00e3o<\/li>\n<\/ul>\n<p>\ud83d\udcd6 O material apresenta explica\u00e7\u00f5es acess\u00edveis, exemplos do cotidiano, compara\u00e7\u00f5es entre usos, mapas mentais e quest\u00f5es de m\u00faltipla escolha e interpreta\u00e7\u00e3o.<br \/>\n\ud83d\udde3\ufe0f \u00d3timo recurso para trabalhar leitura cr\u00edtica e criatividade na linguagem!<\/p>\n<p>Delicie-se e leve para a sua sala de aula mais essa experi\u00eancia l\u00fadica e did\u00e1tica.<\/p>\n<p>&nbsp;<\/p>\n<p style=\"text-align: center;\"><strong>AVISO IMPORTANTE:<\/strong><\/p>\n<p style=\"text-align: center;\"><strong>AS APOSTILAS S\u00c3O ENVIADAS EM FORMATO PDF NO EMAIL CADASTRADO NO ATO DA COMPRA. CASO QUEIRA O MATERIAL EM FORMATO IMAGEM JPEG, ENTRE EM CONTATO CONOSCO PELO WHATSAPP: 31-994716920<\/strong><\/p>\n<p style=\"text-align: center;\"><strong>MAIS INFORMA\u00c7\u00d5ES E COMPRA PELO PIX: 31-994716920 (Eduardo de Sousa)<\/strong><\/p>\n<p style=\"text-align: center;\"><strong>ENVIO DO MATERIAL: EM AT\u00c9 1 (UM) DIA \u00daTIL, AP\u00d3S A CONFIRMA\u00c7\u00c3O DO PAGAMENTO<\/strong>\u00a0<strong>(SER\u00c1 ENVIADO UM LINK DO GOOGLE DRIVE NO E-MAIL INFORMADO NO ATO DA COMPRA PARA O DOWNLOAD DA APOSTILA).<\/strong><\/p>\n","protected":false},"featured_media":23204,"comment_status":"open","ping_status":"closed","template":"","meta":[],"product_brand":[],"product_cat":[44],"product_tag":[31,101,32,33,34,36,37],"class_list":{"0":"post-16837","1":"product","2":"type-product","3":"status-publish","4":"has-post-thumbnail","6":"product_cat-lingua-portuguesa","7":"product_tag-atividades-ludicas","8":"product_tag-bncc","9":"product_tag-caca-palavras","10":"product_tag-criptogramas","11":"product_tag-cruzadinhas","12":"product_tag-mapas-conceituais","13":"product_tag-mapas-mentais","15":"first","16":"instock","17":"sale","18":"virtual","19":"taxable","20":"purchasable","21":"product-type-simple"},"_links":{"self":[{"href":"https:\/\/cacapalavrasdidaticos.com.br\/site\/wp-json\/wp\/v2\/product\/16837","targetHints":{"allow":["GET"]}}],"collection":[{"href":"https:\/\/cacapalavrasdidaticos.com.br\/site\/wp-json\/wp\/v2\/product"}],"about":[{"href":"https:\/\/cacapalavrasdidaticos.com.br\/site\/wp-json\/wp\/v2\/types\/product"}],"replies":[{"embeddable":true,"href":"https:\/\/cacapalavrasdidaticos.com.br\/site\/wp-json\/wp\/v2\/comments?post=16837"}],"wp:featuredmedia":[{"embeddable":true,"href":"https:\/\/cacapalavrasdidaticos.com.br\/site\/wp-json\/wp\/v2\/media\/23204"}],"wp:attachment":[{"href":"https:\/\/cacapalavrasdidaticos.com.br\/site\/wp-json\/wp\/v2\/media?parent=16837"}],"wp:term":[{"taxonomy":"product_brand","embeddable":true,"href":"https:\/\/cacapalavrasdidaticos.com.br\/site\/wp-json\/wp\/v2\/product_brand?post=16837"},{"taxonomy":"product_cat","embeddable":true,"href":"https:\/\/cacapalavrasdidaticos.com.br\/site\/wp-json\/wp\/v2\/product_cat?post=16837"},{"taxonomy":"product_tag","embeddable":true,"href":"https:\/\/cacapalavrasdidaticos.com.br\/site\/wp-json\/wp\/v2\/product_tag?post=16837"}],"curies":[{"name":"wp","href":"https:\/\/api.w.org\/{rel}","templated":true}]}}