{"id":16824,"date":"2025-03-22T10:30:50","date_gmt":"2025-03-22T13:30:50","guid":{"rendered":"https:\/\/cacapalavrasdidaticos.com.br\/site\/?post_type=product&#038;p=16824"},"modified":"2025-12-01T01:31:53","modified_gmt":"2025-12-01T04:31:53","slug":"lingua-portuguesa-gramatica-estudo-da-palavra-volume-3","status":"publish","type":"product","link":"https:\/\/cacapalavrasdidaticos.com.br\/site\/produto\/lingua-portuguesa-gramatica-estudo-da-palavra-volume-3\/","title":{"rendered":"L\u00cdNGUA PORTUGUESA &#8211; GRAM\u00c1TICA ESTUDO DA PALAVRA (VOLUME 3)"},"content":{"rendered":"","protected":false},"excerpt":{"rendered":"<p class=\"\" data-start=\"1506\" data-end=\"1653\">\ud83d\udcd9 <strong data-start=\"1509\" data-end=\"1584\">Volume 3 \u2013 Gram\u00e1tica: Encontros Voc\u00e1licos, Deriva\u00e7\u00e3o e Tipos de Sujeito (103 P\u00c1GINAS)<\/strong><br data-start=\"1584\" data-end=\"1587\" \/>Com abordagem mais fonol\u00f3gica e morfol\u00f3gica, este volume trata de:<\/p>\n<ul data-start=\"1654\" data-end=\"1891\">\n<li class=\"\" data-start=\"1654\" data-end=\"1743\">\n<p class=\"\" data-start=\"1656\" data-end=\"1743\">Encontro voc\u00e1lico e encontro consonantal (com exemplos de ditongos, tritongos e hiatos)<\/p>\n<\/li>\n<li class=\"\" data-start=\"1744\" data-end=\"1780\">\n<p class=\"\" data-start=\"1746\" data-end=\"1780\">Deriva\u00e7\u00e3o e composi\u00e7\u00e3o de palavras<\/p>\n<\/li>\n<li class=\"\" data-start=\"1781\" data-end=\"1829\">\n<p class=\"\" data-start=\"1783\" data-end=\"1829\">Acentua\u00e7\u00e3o das palavras ox\u00edtonas e parox\u00edtonas<\/p>\n<\/li>\n<li class=\"\" data-start=\"1830\" data-end=\"1891\">\n<p class=\"\" data-start=\"1832\" data-end=\"1891\">Tipos de sujeito: simples, composto, oculto e indeterminado<\/p>\n<\/li>\n<\/ul>\n<p class=\"\" data-start=\"1893\" data-end=\"2096\">\ud83c\udfa8 As atividades combinam teoria e pr\u00e1tica com imagens, mapas conceituais, atividades de escrita criativa e ca\u00e7a-palavras.<br data-start=\"2015\" data-end=\"2018\" \/>\ud83d\udcda Excelente para desenvolver a consci\u00eancia fonol\u00f3gica e estrutural da l\u00edngua!<\/p>\n<p style=\"text-align: center;\">Delicie-se e leve para a sua sala de aula mais essa experi\u00eancia l\u00fadica e did\u00e1tica.<\/p>\n<p>&nbsp;<\/p>\n<p style=\"text-align: center;\"><strong>AVISO IMPORTANTE:<\/strong><\/p>\n<p style=\"text-align: center;\"><strong>AS APOSTILAS S\u00c3O ENVIADAS EM FORMATO PDF NO EMAIL CADASTRADO NO ATO DA COMPRA. CASO QUEIRA O MATERIAL EM FORMATO IMAGEM JPEG, ENTRE EM CONTATO CONOSCO PELO WHATSAPP: 31-994716920<\/strong><\/p>\n<p style=\"text-align: center;\"><strong>MAIS INFORMA\u00c7\u00d5ES E COMPRA PELO PIX: 31-994716920 (Eduardo de Sousa)<\/strong><\/p>\n<p style=\"text-align: center;\"><strong>ENVIO DO MATERIAL: EM AT\u00c9 1 (UM) DIA \u00daTIL, AP\u00d3S A CONFIRMA\u00c7\u00c3O DO PAGAMENTO<\/strong>\u00a0<strong>(SER\u00c1 ENVIADO UM LINK DO GOOGLE DRIVE NO E-MAIL INFORMADO NO ATO DA COMPRA PARA O DOWNLOAD DA APOSTILA).<\/strong><\/p>\n","protected":false},"featured_media":23215,"comment_status":"open","ping_status":"closed","template":"","meta":[],"product_brand":[],"product_cat":[44],"product_tag":[31,101,32,33,34,36,37],"class_list":{"0":"post-16824","1":"product","2":"type-product","3":"status-publish","4":"has-post-thumbnail","6":"product_cat-lingua-portuguesa","7":"product_tag-atividades-ludicas","8":"product_tag-bncc","9":"product_tag-caca-palavras","10":"product_tag-criptogramas","11":"product_tag-cruzadinhas","12":"product_tag-mapas-conceituais","13":"product_tag-mapas-mentais","15":"first","16":"instock","17":"sale","18":"virtual","19":"taxable","20":"purchasable","21":"product-type-simple"},"_links":{"self":[{"href":"https:\/\/cacapalavrasdidaticos.com.br\/site\/wp-json\/wp\/v2\/product\/16824","targetHints":{"allow":["GET"]}}],"collection":[{"href":"https:\/\/cacapalavrasdidaticos.com.br\/site\/wp-json\/wp\/v2\/product"}],"about":[{"href":"https:\/\/cacapalavrasdidaticos.com.br\/site\/wp-json\/wp\/v2\/types\/product"}],"replies":[{"embeddable":true,"href":"https:\/\/cacapalavrasdidaticos.com.br\/site\/wp-json\/wp\/v2\/comments?post=16824"}],"wp:featuredmedia":[{"embeddable":true,"href":"https:\/\/cacapalavrasdidaticos.com.br\/site\/wp-json\/wp\/v2\/media\/23215"}],"wp:attachment":[{"href":"https:\/\/cacapalavrasdidaticos.com.br\/site\/wp-json\/wp\/v2\/media?parent=16824"}],"wp:term":[{"taxonomy":"product_brand","embeddable":true,"href":"https:\/\/cacapalavrasdidaticos.com.br\/site\/wp-json\/wp\/v2\/product_brand?post=16824"},{"taxonomy":"product_cat","embeddable":true,"href":"https:\/\/cacapalavrasdidaticos.com.br\/site\/wp-json\/wp\/v2\/product_cat?post=16824"},{"taxonomy":"product_tag","embeddable":true,"href":"https:\/\/cacapalavrasdidaticos.com.br\/site\/wp-json\/wp\/v2\/product_tag?post=16824"}],"curies":[{"name":"wp","href":"https:\/\/api.w.org\/{rel}","templated":true}]}}