{"id":16810,"date":"2025-03-22T10:27:59","date_gmt":"2025-03-22T13:27:59","guid":{"rendered":"https:\/\/cacapalavrasdidaticos.com.br\/site\/?post_type=product&#038;p=16810"},"modified":"2025-12-01T01:31:53","modified_gmt":"2025-12-01T04:31:53","slug":"lingua-portuguesa-gramatica-estudo-da-palavra-volume-2","status":"publish","type":"product","link":"https:\/\/cacapalavrasdidaticos.com.br\/site\/produto\/lingua-portuguesa-gramatica-estudo-da-palavra-volume-2\/","title":{"rendered":"L\u00cdNGUA PORTUGUESA &#8211; GRAM\u00c1TICA ESTUDO DA PALAVRA (VOLUME 2)"},"content":{"rendered":"","protected":false},"excerpt":{"rendered":"<p class=\"\" data-start=\"852\" data-end=\"1047\">\ud83d\udcd7 <strong data-start=\"855\" data-end=\"916\">Volume 2 \u2013 Gram\u00e1tica: Concord\u00e2ncia, Sintagmas e Ant\u00f4nimos (121 P\u00c1GINAS)<\/strong><br data-start=\"916\" data-end=\"919\" \/>Este volume aprofunda os conhecimentos lingu\u00edsticos com conte\u00fados mais estruturais da gram\u00e1tica. Nele, o estudante trabalha com:<\/p>\n<ul data-start=\"1048\" data-end=\"1209\">\n<li class=\"\" data-start=\"1048\" data-end=\"1071\">\n<p class=\"\" data-start=\"1050\" data-end=\"1071\">Locu\u00e7\u00f5es prepositivas<\/p>\n<\/li>\n<li class=\"\" data-start=\"1072\" data-end=\"1103\">\n<p class=\"\" data-start=\"1074\" data-end=\"1103\">Concord\u00e2ncia verbal e nominal<\/p>\n<\/li>\n<li class=\"\" data-start=\"1104\" data-end=\"1134\">\n<p class=\"\" data-start=\"1106\" data-end=\"1134\">Sintagmas nominais e verbais<\/p>\n<\/li>\n<li class=\"\" data-start=\"1135\" data-end=\"1180\">\n<p class=\"\" data-start=\"1137\" data-end=\"1180\">Sin\u00f4nimos, ant\u00f4nimos, hom\u00f4nimos e par\u00f4nimos<\/p>\n<\/li>\n<li class=\"\" data-start=\"1181\" data-end=\"1209\">\n<p class=\"\" data-start=\"1183\" data-end=\"1209\">Per\u00edodo simples e composto<\/p>\n<\/li>\n<\/ul>\n<p class=\"\" data-start=\"1211\" data-end=\"1499\">\u270d\ufe0f As atividades s\u00e3o contextualizadas com situa\u00e7\u00f5es cotidianas e oferecem explica\u00e7\u00f5es esquem\u00e1ticas, mapas mentais e desafios como ca\u00e7a-palavras, completando a proposta com avalia\u00e7\u00f5es e gabaritos.<br data-start=\"1406\" data-end=\"1409\" \/>\ud83d\udd0d Ideal para desenvolver a clareza na constru\u00e7\u00e3o de frases e no uso preciso das palavras!<\/p>\n<p>&nbsp;<\/p>\n<p style=\"text-align: center;\">Delicie-se e leve para a sua sala de aula mais essa experi\u00eancia l\u00fadica e did\u00e1tica.<\/p>\n<p>&nbsp;<\/p>\n<p style=\"text-align: center;\"><strong>AVISO IMPORTANTE:<\/strong><\/p>\n<p style=\"text-align: center;\"><strong>AS APOSTILAS S\u00c3O ENVIADAS EM FORMATO PDF NO EMAIL CADASTRADO NO ATO DA COMPRA. CASO QUEIRA O MATERIAL EM FORMATO IMAGEM JPEG, ENTRE EM CONTATO CONOSCO PELO WHATSAPP: 31-994716920<\/strong><\/p>\n<p style=\"text-align: center;\"><strong>MAIS INFORMA\u00c7\u00d5ES E COMPRA PELO PIX: 31-994716920 (Eduardo de Sousa)<\/strong><\/p>\n<p style=\"text-align: center;\"><strong>ENVIO DO MATERIAL: EM AT\u00c9 1 (UM) DIA \u00daTIL, AP\u00d3S A CONFIRMA\u00c7\u00c3O DO PAGAMENTO<\/strong>\u00a0<strong>(SER\u00c1 ENVIADO UM LINK DO GOOGLE DRIVE NO E-MAIL INFORMADO NO ATO DA COMPRA PARA O DOWNLOAD DA APOSTILA).<\/strong><\/p>\n","protected":false},"featured_media":16811,"comment_status":"open","ping_status":"closed","template":"","meta":[],"product_brand":[],"product_cat":[44],"product_tag":[31,101,32,33,34,36,37],"class_list":{"0":"post-16810","1":"product","2":"type-product","3":"status-publish","4":"has-post-thumbnail","6":"product_cat-lingua-portuguesa","7":"product_tag-atividades-ludicas","8":"product_tag-bncc","9":"product_tag-caca-palavras","10":"product_tag-criptogramas","11":"product_tag-cruzadinhas","12":"product_tag-mapas-conceituais","13":"product_tag-mapas-mentais","15":"first","16":"instock","17":"sale","18":"virtual","19":"taxable","20":"purchasable","21":"product-type-simple"},"_links":{"self":[{"href":"https:\/\/cacapalavrasdidaticos.com.br\/site\/wp-json\/wp\/v2\/product\/16810","targetHints":{"allow":["GET"]}}],"collection":[{"href":"https:\/\/cacapalavrasdidaticos.com.br\/site\/wp-json\/wp\/v2\/product"}],"about":[{"href":"https:\/\/cacapalavrasdidaticos.com.br\/site\/wp-json\/wp\/v2\/types\/product"}],"replies":[{"embeddable":true,"href":"https:\/\/cacapalavrasdidaticos.com.br\/site\/wp-json\/wp\/v2\/comments?post=16810"}],"wp:featuredmedia":[{"embeddable":true,"href":"https:\/\/cacapalavrasdidaticos.com.br\/site\/wp-json\/wp\/v2\/media\/16811"}],"wp:attachment":[{"href":"https:\/\/cacapalavrasdidaticos.com.br\/site\/wp-json\/wp\/v2\/media?parent=16810"}],"wp:term":[{"taxonomy":"product_brand","embeddable":true,"href":"https:\/\/cacapalavrasdidaticos.com.br\/site\/wp-json\/wp\/v2\/product_brand?post=16810"},{"taxonomy":"product_cat","embeddable":true,"href":"https:\/\/cacapalavrasdidaticos.com.br\/site\/wp-json\/wp\/v2\/product_cat?post=16810"},{"taxonomy":"product_tag","embeddable":true,"href":"https:\/\/cacapalavrasdidaticos.com.br\/site\/wp-json\/wp\/v2\/product_tag?post=16810"}],"curies":[{"name":"wp","href":"https:\/\/api.w.org\/{rel}","templated":true}]}}