{"id":16797,"date":"2025-03-22T10:08:26","date_gmt":"2025-03-22T13:08:26","guid":{"rendered":"https:\/\/cacapalavrasdidaticos.com.br\/site\/?post_type=product&#038;p=16797"},"modified":"2025-12-01T01:31:53","modified_gmt":"2025-12-01T04:31:53","slug":"lingua-portuguesa-gramatica-estudo-da-palavra-volume-1","status":"publish","type":"product","link":"https:\/\/cacapalavrasdidaticos.com.br\/site\/produto\/lingua-portuguesa-gramatica-estudo-da-palavra-volume-1\/","title":{"rendered":"L\u00cdNGUA PORTUGUESA &#8211; GRAM\u00c1TICA ESTUDO DA PALAVRA (VOLUME 1)"},"content":{"rendered":"","protected":false},"excerpt":{"rendered":"<p class=\"\" data-start=\"128\" data-end=\"326\">\ud83d\udcd8 <strong data-start=\"131\" data-end=\"189\">Volume 1 \u2013 Gram\u00e1tica: Substantivos, Verbos e Adjetivos (105 P\u00c1GINAS)<\/strong><br data-start=\"189\" data-end=\"192\" \/>Este volume \u00e9 ideal para o in\u00edcio do estudo da gram\u00e1tica na Educa\u00e7\u00e3o B\u00e1sica. Com foco no <strong data-start=\"281\" data-end=\"302\">estudo da palavra<\/strong>, traz atividades sobre:<\/p>\n<ul data-start=\"327\" data-end=\"539\">\n<li class=\"\" data-start=\"327\" data-end=\"409\">\n<p class=\"\" data-start=\"329\" data-end=\"409\">Substantivos (comum, pr\u00f3prio, primitivo, derivado, concreto, abstrato, coletivo)<\/p>\n<\/li>\n<li class=\"\" data-start=\"410\" data-end=\"477\">\n<p class=\"\" data-start=\"412\" data-end=\"477\">Modos verbais e classifica\u00e7\u00e3o de verbos (regulares e irregulares)<\/p>\n<\/li>\n<li class=\"\" data-start=\"478\" data-end=\"510\">\n<p class=\"\" data-start=\"480\" data-end=\"510\">Adjetivos e locu\u00e7\u00f5es adjetivas<\/p>\n<\/li>\n<li class=\"\" data-start=\"511\" data-end=\"539\">\n<p class=\"\" data-start=\"513\" data-end=\"539\">Preposi\u00e7\u00f5es e interjei\u00e7\u00f5es<\/p>\n<\/li>\n<\/ul>\n<p class=\"\" data-start=\"541\" data-end=\"845\">\ud83d\udca1 O material inclui explica\u00e7\u00f5es claras, textos liter\u00e1rios contextualizados (como o poema \u201cEnchente\u201d, de Cec\u00edlia Meireles), mapas mentais, an\u00e1lises, jogos e exerc\u00edcios variados. Ao final, h\u00e1 se\u00e7\u00f5es de avalia\u00e7\u00e3o, anexos e gabaritos.<br data-start=\"772\" data-end=\"775\" \/>\ud83d\udc49 Excelente para refor\u00e7ar o conte\u00fado de forma l\u00fadica e participativa!<\/p>\n<p>&nbsp;<\/p>\n<p style=\"text-align: center;\">Delicie-se e leve para a sua sala de aula mais essa experi\u00eancia l\u00fadica e did\u00e1tica.<\/p>\n<p>&nbsp;<\/p>\n<p style=\"text-align: center;\"><strong>AVISO IMPORTANTE:<\/strong><\/p>\n<p style=\"text-align: center;\"><strong>AS APOSTILAS S\u00c3O ENVIADAS EM FORMATO PDF NO EMAIL CADASTRADO NO ATO DA COMPRA. CASO QUEIRA O MATERIAL EM FORMATO IMAGEM JPEG, ENTRE EM CONTATO CONOSCO PELO WHATSAPP: 31-994716920<\/strong><\/p>\n<p style=\"text-align: center;\"><strong>MAIS INFORMA\u00c7\u00d5ES E COMPRA PELO PIX: 31-994716920 (Eduardo de Sousa)<\/strong><\/p>\n<p style=\"text-align: center;\"><strong>ENVIO DO MATERIAL: EM AT\u00c9 1 (UM) DIA \u00daTIL, AP\u00d3S A CONFIRMA\u00c7\u00c3O DO PAGAMENTO<\/strong>\u00a0<strong>(SER\u00c1 ENVIADO UM LINK DO GOOGLE DRIVE NO E-MAIL INFORMADO NO ATO DA COMPRA PARA O DOWNLOAD DA APOSTILA).<\/strong><\/p>\n","protected":false},"featured_media":16798,"comment_status":"open","ping_status":"closed","template":"","meta":[],"product_brand":[],"product_cat":[44],"product_tag":[31,101,32,33,34,36,37],"class_list":{"0":"post-16797","1":"product","2":"type-product","3":"status-publish","4":"has-post-thumbnail","6":"product_cat-lingua-portuguesa","7":"product_tag-atividades-ludicas","8":"product_tag-bncc","9":"product_tag-caca-palavras","10":"product_tag-criptogramas","11":"product_tag-cruzadinhas","12":"product_tag-mapas-conceituais","13":"product_tag-mapas-mentais","15":"first","16":"instock","17":"sale","18":"virtual","19":"taxable","20":"purchasable","21":"product-type-simple"},"_links":{"self":[{"href":"https:\/\/cacapalavrasdidaticos.com.br\/site\/wp-json\/wp\/v2\/product\/16797","targetHints":{"allow":["GET"]}}],"collection":[{"href":"https:\/\/cacapalavrasdidaticos.com.br\/site\/wp-json\/wp\/v2\/product"}],"about":[{"href":"https:\/\/cacapalavrasdidaticos.com.br\/site\/wp-json\/wp\/v2\/types\/product"}],"replies":[{"embeddable":true,"href":"https:\/\/cacapalavrasdidaticos.com.br\/site\/wp-json\/wp\/v2\/comments?post=16797"}],"wp:featuredmedia":[{"embeddable":true,"href":"https:\/\/cacapalavrasdidaticos.com.br\/site\/wp-json\/wp\/v2\/media\/16798"}],"wp:attachment":[{"href":"https:\/\/cacapalavrasdidaticos.com.br\/site\/wp-json\/wp\/v2\/media?parent=16797"}],"wp:term":[{"taxonomy":"product_brand","embeddable":true,"href":"https:\/\/cacapalavrasdidaticos.com.br\/site\/wp-json\/wp\/v2\/product_brand?post=16797"},{"taxonomy":"product_cat","embeddable":true,"href":"https:\/\/cacapalavrasdidaticos.com.br\/site\/wp-json\/wp\/v2\/product_cat?post=16797"},{"taxonomy":"product_tag","embeddable":true,"href":"https:\/\/cacapalavrasdidaticos.com.br\/site\/wp-json\/wp\/v2\/product_tag?post=16797"}],"curies":[{"name":"wp","href":"https:\/\/api.w.org\/{rel}","templated":true}]}}