{"id":16706,"date":"2025-03-19T11:50:25","date_gmt":"2025-03-19T14:50:25","guid":{"rendered":"https:\/\/cacapalavrasdidaticos.com.br\/site\/?post_type=product&#038;p=16706"},"modified":"2025-12-01T09:32:20","modified_gmt":"2025-12-01T12:32:20","slug":"estudos-dirigidos-de-ensino-religioso-9o-ano-do-ensino-fundamental-1o-bimestre","status":"publish","type":"product","link":"https:\/\/cacapalavrasdidaticos.com.br\/site\/produto\/estudos-dirigidos-de-ensino-religioso-9o-ano-do-ensino-fundamental-1o-bimestre\/","title":{"rendered":"ESTUDOS DIRIGIDOS DE ENSINO RELIGIOSO &#8211; 9\u00ba ANO DO ENSINO FUNDAMENTAL (1\u00ba BIMESTRE)"},"content":{"rendered":"","protected":false},"excerpt":{"rendered":"<p data-start=\"0\" data-end=\"409\">O material <strong data-start=\"11\" data-end=\"105\">&#8220;Ca\u00e7a Atividades Escolares &#8211; Estudos Dirigidos de Ensino Religioso &#8211; 9\u00ba Ano &#8211; 1\u00ba Bimestre&#8221;<\/strong> \u00e9 desenvolvido para o <strong data-start=\"128\" data-end=\"163\">9\u00ba ano do Ensino Fundamental II<\/strong> e foca em quest\u00f5es \u00e9ticas e sociais fundamentais, promovendo a reflex\u00e3o sobre os <strong data-start=\"245\" data-end=\"276\">princ\u00edpios e valores \u00e9ticos<\/strong> que orientam a conviv\u00eancia e as decis\u00f5es em uma sociedade. Elaborado por <strong data-start=\"350\" data-end=\"370\">Eduardo Menandes<\/strong> e <strong data-start=\"373\" data-end=\"389\">Jo\u00e1s Vicente<\/strong>, o conte\u00fado inclui:<\/p>\n<p data-start=\"0\" data-end=\"409\"><strong>49 P\u00c1GINAS<\/strong><\/p>\n<ul data-start=\"411\" data-end=\"685\">\n<li data-start=\"411\" data-end=\"469\"><strong data-start=\"413\" data-end=\"468\">Princ\u00edpios \u00e9ticos e sua aplica\u00e7\u00e3o na vida cotidiana<\/strong>;<\/li>\n<li data-start=\"470\" data-end=\"549\"><strong data-start=\"472\" data-end=\"548\">A import\u00e2ncia do respeito \u00e0 vida e atitudes \u00e9ticas em diversas situa\u00e7\u00f5es<\/strong>;<\/li>\n<li data-start=\"550\" data-end=\"629\"><strong data-start=\"552\" data-end=\"628\">A constru\u00e7\u00e3o da identidade, rela\u00e7\u00f5es de amizade e combate ao preconceito<\/strong>;<\/li>\n<li data-start=\"630\" data-end=\"685\"><strong data-start=\"632\" data-end=\"684\">O exerc\u00edcio da conviv\u00eancia em sociedades plurais<\/strong>.<\/li>\n<\/ul>\n<p data-start=\"687\" data-end=\"996\">O material tamb\u00e9m aborda como os <strong data-start=\"720\" data-end=\"739\">textos sagrados<\/strong> influenciam a forma\u00e7\u00e3o da identidade cultural e espiritual das sociedades, destacando valores como <strong data-start=\"839\" data-end=\"850\">empatia<\/strong>, <strong data-start=\"852\" data-end=\"869\">solidariedade<\/strong> e <strong data-start=\"872\" data-end=\"883\">justi\u00e7a<\/strong>. Al\u00e9m disso, explora a relev\u00e2ncia do <strong data-start=\"921\" data-end=\"946\">di\u00e1logo intercultural<\/strong> para a promo\u00e7\u00e3o de respeito e entendimento m\u00fatuo.<\/p>\n<p data-start=\"998\" data-end=\"1080\">Al\u00e9m das explica\u00e7\u00f5es te\u00f3ricas, a apostila prop\u00f5e <strong data-start=\"1047\" data-end=\"1073\">atividades interativas<\/strong>, como:<\/p>\n<ul data-start=\"1081\" data-end=\"1335\">\n<li data-start=\"1081\" data-end=\"1120\"><strong data-start=\"1083\" data-end=\"1119\">Quest\u00f5es de compreens\u00e3o de texto<\/strong>;<\/li>\n<li data-start=\"1121\" data-end=\"1180\"><strong data-start=\"1123\" data-end=\"1138\">Cruzadinhas<\/strong> sobre princ\u00edpios \u00e9ticos e valores morais;<\/li>\n<li data-start=\"1181\" data-end=\"1274\"><strong data-start=\"1183\" data-end=\"1273\">Reflex\u00f5es sobre o impacto dos princ\u00edpios \u00e9ticos no comportamento individual e coletivo<\/strong>;<\/li>\n<li data-start=\"1275\" data-end=\"1335\"><strong data-start=\"1277\" data-end=\"1334\">Exemplos de aplica\u00e7\u00e3o dos valores \u00e9ticos no cotidiano<\/strong>.<\/li>\n<\/ul>\n<p data-start=\"1337\" data-end=\"1589\" data-is-last-node=\"\" data-is-only-node=\"\">O objetivo \u00e9 estimular os estudantes a refletirem sobre como os princ\u00edpios \u00e9ticos podem contribuir para uma sociedade mais justa e harm\u00f4nica, promovendo uma educa\u00e7\u00e3o que valorize a conviv\u00eancia respeitosa e a constru\u00e7\u00e3o de uma identidade coletiva \u00e9tica.<\/p>\n<p data-start=\"1337\" data-end=\"1589\" data-is-last-node=\"\" data-is-only-node=\"\">\n<p style=\"text-align: center;\">Delicie-se e leve para a sua sala de aula mais essa experi\u00eancia l\u00fadica e did\u00e1tica.<\/p>\n<p>&nbsp;<\/p>\n<p style=\"text-align: center;\"><strong>AVISO IMPORTANTE:<\/strong><\/p>\n<p style=\"text-align: center;\"><strong>AS APOSTILAS S\u00c3O ENVIADAS EM FORMATO PDF NO EMAIL CADASTRADO NO ATO DA COMPRA. CASO QUEIRA O MATERIAL EM FORMATO IMAGEM JPEG, ENTRE EM CONTATO CONOSCO PELO WHATSAPP: 31-994716920<\/strong><\/p>\n<p style=\"text-align: center;\"><strong>MAIS INFORMA\u00c7\u00d5ES E COMPRA PELO PIX: 31-994716920 (Eduardo de Sousa)<\/strong><\/p>\n<p style=\"text-align: center;\"><strong>ENVIO DO MATERIAL: EM AT\u00c9 1 (UM) DIA \u00daTIL, AP\u00d3S A CONFIRMA\u00c7\u00c3O DO PAGAMENTO<\/strong>\u00a0<strong>(SER\u00c1 ENVIADO UM LINK DO GOOGLE DRIVE NO E-MAIL INFORMADO NO ATO DA COMPRA PARA O DOWNLOAD DA APOSTILA).<\/strong><\/p>\n","protected":false},"featured_media":16707,"comment_status":"open","ping_status":"closed","template":"","meta":[],"product_brand":[],"product_cat":[151],"product_tag":[31,101,32,33,34,36,37],"class_list":{"0":"post-16706","1":"product","2":"type-product","3":"status-publish","4":"has-post-thumbnail","6":"product_cat-ension-religioso","7":"product_tag-atividades-ludicas","8":"product_tag-bncc","9":"product_tag-caca-palavras","10":"product_tag-criptogramas","11":"product_tag-cruzadinhas","12":"product_tag-mapas-conceituais","13":"product_tag-mapas-mentais","15":"first","16":"instock","17":"virtual","18":"taxable","19":"purchasable","20":"product-type-simple"},"_links":{"self":[{"href":"https:\/\/cacapalavrasdidaticos.com.br\/site\/wp-json\/wp\/v2\/product\/16706","targetHints":{"allow":["GET"]}}],"collection":[{"href":"https:\/\/cacapalavrasdidaticos.com.br\/site\/wp-json\/wp\/v2\/product"}],"about":[{"href":"https:\/\/cacapalavrasdidaticos.com.br\/site\/wp-json\/wp\/v2\/types\/product"}],"replies":[{"embeddable":true,"href":"https:\/\/cacapalavrasdidaticos.com.br\/site\/wp-json\/wp\/v2\/comments?post=16706"}],"wp:featuredmedia":[{"embeddable":true,"href":"https:\/\/cacapalavrasdidaticos.com.br\/site\/wp-json\/wp\/v2\/media\/16707"}],"wp:attachment":[{"href":"https:\/\/cacapalavrasdidaticos.com.br\/site\/wp-json\/wp\/v2\/media?parent=16706"}],"wp:term":[{"taxonomy":"product_brand","embeddable":true,"href":"https:\/\/cacapalavrasdidaticos.com.br\/site\/wp-json\/wp\/v2\/product_brand?post=16706"},{"taxonomy":"product_cat","embeddable":true,"href":"https:\/\/cacapalavrasdidaticos.com.br\/site\/wp-json\/wp\/v2\/product_cat?post=16706"},{"taxonomy":"product_tag","embeddable":true,"href":"https:\/\/cacapalavrasdidaticos.com.br\/site\/wp-json\/wp\/v2\/product_tag?post=16706"}],"curies":[{"name":"wp","href":"https:\/\/api.w.org\/{rel}","templated":true}]}}