{"id":16697,"date":"2025-03-19T11:47:33","date_gmt":"2025-03-19T14:47:33","guid":{"rendered":"https:\/\/cacapalavrasdidaticos.com.br\/site\/?post_type=product&#038;p=16697"},"modified":"2025-12-01T09:32:20","modified_gmt":"2025-12-01T12:32:20","slug":"estudos-dirigidos-de-ensino-religioso-8o-ano-do-ensino-fundamental-1o-bimestre","status":"publish","type":"product","link":"https:\/\/cacapalavrasdidaticos.com.br\/site\/produto\/estudos-dirigidos-de-ensino-religioso-8o-ano-do-ensino-fundamental-1o-bimestre\/","title":{"rendered":"ESTUDOS DIRIGIDOS DE ENSINO RELIGIOSO &#8211; 8\u00ba ANO DO ENSINO FUNDAMENTAL (1\u00ba BIMESTRE)"},"content":{"rendered":"","protected":false},"excerpt":{"rendered":"<p data-start=\"0\" data-end=\"459\">O material <strong data-start=\"11\" data-end=\"105\">&#8220;Ca\u00e7a Atividades Escolares &#8211; Estudos Dirigidos de Ensino Religioso &#8211; 8\u00ba Ano &#8211; 1\u00ba Bimestre&#8221;<\/strong> \u00e9 voltado para o <strong data-start=\"123\" data-end=\"158\">8\u00ba ano do Ensino Fundamental II<\/strong> e aborda temas centrais relacionados aos <strong data-start=\"200\" data-end=\"226\">valores, moral e \u00e9tica<\/strong>. Elaborado por <strong data-start=\"242\" data-end=\"262\">Eduardo Menandes<\/strong> e <strong data-start=\"265\" data-end=\"281\">Jo\u00e1s Vicente<\/strong>, o conte\u00fado do material busca promover uma reflex\u00e3o cr\u00edtica sobre os princ\u00edpios que orientam as a\u00e7\u00f5es individuais e coletivas dentro da sociedade. Os principais t\u00f3picos incluem:<\/p>\n<p data-start=\"0\" data-end=\"459\"><strong>58 P\u00c1GINAS<\/strong><\/p>\n<ul data-start=\"461\" data-end=\"705\">\n<li data-start=\"461\" data-end=\"497\"><strong data-start=\"463\" data-end=\"496\">Distin\u00e7\u00e3o entre moral e \u00e9tica<\/strong>;<\/li>\n<li data-start=\"498\" data-end=\"556\"><strong data-start=\"500\" data-end=\"555\">A import\u00e2ncia dos valores para a conviv\u00eancia social<\/strong>;<\/li>\n<li data-start=\"557\" data-end=\"629\"><strong data-start=\"559\" data-end=\"628\">A influ\u00eancia dos valores nas sociedades e no comportamento humano<\/strong>;<\/li>\n<li data-start=\"630\" data-end=\"705\"><strong data-start=\"632\" data-end=\"666\">Desafios \u00e9ticos contempor\u00e2neos<\/strong>, como desigualdade social e corrup\u00e7\u00e3o.<\/li>\n<\/ul>\n<p data-start=\"707\" data-end=\"956\">O material oferece uma an\u00e1lise detalhada sobre a diferen\u00e7a entre moral (normas e regras aceitas por uma sociedade) e \u00e9tica (reflex\u00e3o cr\u00edtica sobre essas normas), al\u00e9m de discutir como esses conceitos moldam a tomada de decis\u00f5es e intera\u00e7\u00f5es sociais.<\/p>\n<p data-start=\"958\" data-end=\"1038\">Al\u00e9m do conte\u00fado te\u00f3rico, a apostila apresenta <strong data-start=\"1005\" data-end=\"1031\">atividades interativas<\/strong>, como:<\/p>\n<ul data-start=\"1039\" data-end=\"1218\">\n<li data-start=\"1039\" data-end=\"1078\"><strong data-start=\"1041\" data-end=\"1077\">Quest\u00f5es de compreens\u00e3o de texto<\/strong>;<\/li>\n<li data-start=\"1079\" data-end=\"1145\"><strong data-start=\"1081\" data-end=\"1096\">Cruzadinhas<\/strong> com palavras-chave sobre moral, \u00e9tica e valores;<\/li>\n<li data-start=\"1146\" data-end=\"1218\"><strong data-start=\"1148\" data-end=\"1217\">Reflex\u00f5es sobre como os valores afetam a conviv\u00eancia em sociedade<\/strong>.<\/li>\n<\/ul>\n<p data-start=\"1220\" data-end=\"1409\">O material tamb\u00e9m explora a influ\u00eancia da globaliza\u00e7\u00e3o e da diversidade cultural nas normas e valores, destacando a import\u00e2ncia de promover di\u00e1logos \u00e9ticos e justos em uma sociedade plural.<\/p>\n<p data-start=\"1411\" data-end=\"1554\" data-is-last-node=\"\" data-is-only-node=\"\">O objetivo principal \u00e9 desenvolver cidad\u00e3os cr\u00edticos e conscientes sobre as quest\u00f5es morais e \u00e9ticas que moldam suas decis\u00f5es e comportamentos.<\/p>\n<p data-start=\"1411\" data-end=\"1554\" data-is-last-node=\"\" data-is-only-node=\"\">\n<p data-start=\"1411\" data-end=\"1554\" data-is-last-node=\"\" data-is-only-node=\"\">\n<p style=\"text-align: center;\">Delicie-se e leve para a sua sala de aula mais essa experi\u00eancia l\u00fadica e did\u00e1tica.<\/p>\n<p>&nbsp;<\/p>\n<p style=\"text-align: center;\"><strong>AVISO IMPORTANTE:<\/strong><\/p>\n<p style=\"text-align: center;\"><strong>AS APOSTILAS S\u00c3O ENVIADAS EM FORMATO PDF NO EMAIL CADASTRADO NO ATO DA COMPRA. CASO QUEIRA O MATERIAL EM FORMATO IMAGEM JPEG, ENTRE EM CONTATO CONOSCO PELO WHATSAPP: 31-994716920<\/strong><\/p>\n<p style=\"text-align: center;\"><strong>MAIS INFORMA\u00c7\u00d5ES E COMPRA PELO PIX: 31-994716920 (Eduardo de Sousa)<\/strong><\/p>\n<p style=\"text-align: center;\"><strong>ENVIO DO MATERIAL: EM AT\u00c9 1 (UM) DIA \u00daTIL, AP\u00d3S A CONFIRMA\u00c7\u00c3O DO PAGAMENTO<\/strong>\u00a0<strong>(SER\u00c1 ENVIADO UM LINK DO GOOGLE DRIVE NO E-MAIL INFORMADO NO ATO DA COMPRA PARA O DOWNLOAD DA APOSTILA).<\/strong><\/p>\n","protected":false},"featured_media":16698,"comment_status":"open","ping_status":"closed","template":"","meta":[],"product_brand":[],"product_cat":[151],"product_tag":[31,101,32,33,34,36,37],"class_list":{"0":"post-16697","1":"product","2":"type-product","3":"status-publish","4":"has-post-thumbnail","6":"product_cat-ension-religioso","7":"product_tag-atividades-ludicas","8":"product_tag-bncc","9":"product_tag-caca-palavras","10":"product_tag-criptogramas","11":"product_tag-cruzadinhas","12":"product_tag-mapas-conceituais","13":"product_tag-mapas-mentais","15":"first","16":"instock","17":"virtual","18":"taxable","19":"purchasable","20":"product-type-simple"},"_links":{"self":[{"href":"https:\/\/cacapalavrasdidaticos.com.br\/site\/wp-json\/wp\/v2\/product\/16697","targetHints":{"allow":["GET"]}}],"collection":[{"href":"https:\/\/cacapalavrasdidaticos.com.br\/site\/wp-json\/wp\/v2\/product"}],"about":[{"href":"https:\/\/cacapalavrasdidaticos.com.br\/site\/wp-json\/wp\/v2\/types\/product"}],"replies":[{"embeddable":true,"href":"https:\/\/cacapalavrasdidaticos.com.br\/site\/wp-json\/wp\/v2\/comments?post=16697"}],"wp:featuredmedia":[{"embeddable":true,"href":"https:\/\/cacapalavrasdidaticos.com.br\/site\/wp-json\/wp\/v2\/media\/16698"}],"wp:attachment":[{"href":"https:\/\/cacapalavrasdidaticos.com.br\/site\/wp-json\/wp\/v2\/media?parent=16697"}],"wp:term":[{"taxonomy":"product_brand","embeddable":true,"href":"https:\/\/cacapalavrasdidaticos.com.br\/site\/wp-json\/wp\/v2\/product_brand?post=16697"},{"taxonomy":"product_cat","embeddable":true,"href":"https:\/\/cacapalavrasdidaticos.com.br\/site\/wp-json\/wp\/v2\/product_cat?post=16697"},{"taxonomy":"product_tag","embeddable":true,"href":"https:\/\/cacapalavrasdidaticos.com.br\/site\/wp-json\/wp\/v2\/product_tag?post=16697"}],"curies":[{"name":"wp","href":"https:\/\/api.w.org\/{rel}","templated":true}]}}