{"id":16688,"date":"2025-03-19T11:37:57","date_gmt":"2025-03-19T14:37:57","guid":{"rendered":"https:\/\/cacapalavrasdidaticos.com.br\/site\/?post_type=product&#038;p=16688"},"modified":"2025-12-01T09:32:20","modified_gmt":"2025-12-01T12:32:20","slug":"estudos-dirigidos-de-ensino-religioso-7o-ano-do-ensino-fundamental-1o-bimestre","status":"publish","type":"product","link":"https:\/\/cacapalavrasdidaticos.com.br\/site\/produto\/estudos-dirigidos-de-ensino-religioso-7o-ano-do-ensino-fundamental-1o-bimestre\/","title":{"rendered":"ESTUDOS DIRIGIDOS DE ENSINO RELIGIOSO &#8211; 7\u00ba ANO DO ENSINO FUNDAMENTAL (1\u00ba BIMESTRE)"},"content":{"rendered":"","protected":false},"excerpt":{"rendered":"<p data-start=\"0\" data-end=\"333\">O material <strong data-start=\"11\" data-end=\"105\">&#8220;Ca\u00e7a Atividades Escolares &#8211; Estudos Dirigidos de Ensino Religioso &#8211; 7\u00ba Ano &#8211; 1\u00ba Bimestre&#8221;<\/strong> foi desenvolvido para o <strong data-start=\"130\" data-end=\"165\">7\u00ba ano do Ensino Fundamental II<\/strong> e aborda temas relacionados \u00e0s <strong data-start=\"197\" data-end=\"234\">express\u00f5es culturais e religiosas<\/strong>. Elaborado por <strong data-start=\"250\" data-end=\"270\">Eduardo Menandes<\/strong> e <strong data-start=\"273\" data-end=\"289\">Jo\u00e1s Vicente<\/strong>, o conte\u00fado do material destaca temas como:<\/p>\n<p data-start=\"0\" data-end=\"333\"><strong>48 P\u00c1GINAS<\/strong><\/p>\n<ul data-start=\"335\" data-end=\"591\">\n<li data-start=\"335\" data-end=\"383\"><strong data-start=\"337\" data-end=\"382\">Pr\u00e1ticas de comunica\u00e7\u00e3o com as divindades<\/strong>;<\/li>\n<li data-start=\"384\" data-end=\"422\"><strong data-start=\"386\" data-end=\"421\">Espiritualidade e suas pr\u00e1ticas<\/strong>;<\/li>\n<li data-start=\"423\" data-end=\"477\"><strong data-start=\"425\" data-end=\"476\">Express\u00f5es emocionais em situa\u00e7\u00f5es desafiadoras<\/strong>;<\/li>\n<li data-start=\"478\" data-end=\"513\"><strong data-start=\"480\" data-end=\"512\">Misticismo e espiritualidade<\/strong>;<\/li>\n<li data-start=\"514\" data-end=\"591\"><strong data-start=\"516\" data-end=\"565\">A import\u00e2ncia dos s\u00edmbolos, m\u00fasicas e rituais<\/strong> nas tradi\u00e7\u00f5es religiosas.<\/li>\n<\/ul>\n<p data-start=\"593\" data-end=\"960\">O material explora como diferentes tradi\u00e7\u00f5es religiosas usam s\u00edmbolos, m\u00fasicas e rituais para se conectar com o divino, promovendo coes\u00e3o social e fortalecendo a identidade cultural. Al\u00e9m disso, ele enfatiza o papel dos rituais na uni\u00e3o das comunidades e na transmiss\u00e3o de valores, como ocorre com celebra\u00e7\u00f5es religiosas como o <strong data-start=\"921\" data-end=\"931\">Ramad\u00e3<\/strong>, o <strong data-start=\"935\" data-end=\"944\">Natal<\/strong> e o <strong data-start=\"949\" data-end=\"959\">Diwali<\/strong>.<\/p>\n<p data-start=\"962\" data-end=\"1049\">Al\u00e9m do conte\u00fado te\u00f3rico, a apostila tamb\u00e9m apresenta <strong data-start=\"1016\" data-end=\"1042\">atividades interativas<\/strong>, como:<\/p>\n<ul data-start=\"1050\" data-end=\"1332\">\n<li data-start=\"1050\" data-end=\"1089\"><strong data-start=\"1052\" data-end=\"1088\">Quest\u00f5es de compreens\u00e3o de texto<\/strong>;<\/li>\n<li data-start=\"1090\" data-end=\"1134\"><strong data-start=\"1092\" data-end=\"1107\">Cruzadinhas<\/strong> sobre os temas discutidos;<\/li>\n<li data-start=\"1135\" data-end=\"1220\"><strong data-start=\"1137\" data-end=\"1219\">Reflex\u00f5es sobre o impacto da m\u00fasica e dos s\u00edmbolos nas experi\u00eancias religiosas<\/strong>;<\/li>\n<li data-start=\"1221\" data-end=\"1332\"><strong data-start=\"1223\" data-end=\"1294\">Curiosidades culturais sobre festivais religiosos ao redor do mundo<\/strong>, como o <strong data-start=\"1303\" data-end=\"1321\">Dia de Muertos<\/strong> no M\u00e9xico.<\/li>\n<\/ul>\n<p data-start=\"1334\" data-end=\"1523\" data-is-last-node=\"\" data-is-only-node=\"\">O material visa promover uma compreens\u00e3o cr\u00edtica sobre a diversidade de express\u00f5es culturais e religiosas e a import\u00e2ncia de respeitar essas tradi\u00e7\u00f5es na forma\u00e7\u00e3o das identidades coletivas.<\/p>\n<p>&nbsp;<\/p>\n<p style=\"text-align: center;\">Delicie-se e leve para a sua sala de aula mais essa experi\u00eancia l\u00fadica e did\u00e1tica.<\/p>\n<p>&nbsp;<\/p>\n<p style=\"text-align: center;\"><strong>AVISO IMPORTANTE:<\/strong><\/p>\n<p style=\"text-align: center;\"><strong>AS APOSTILAS S\u00c3O ENVIADAS EM FORMATO PDF NO EMAIL CADASTRADO NO ATO DA COMPRA. CASO QUEIRA O MATERIAL EM FORMATO IMAGEM JPEG, ENTRE EM CONTATO CONOSCO PELO WHATSAPP: 31-994716920<\/strong><\/p>\n<p style=\"text-align: center;\"><strong>MAIS INFORMA\u00c7\u00d5ES E COMPRA PELO PIX: 31-994716920 (Eduardo de Sousa)<\/strong><\/p>\n<p style=\"text-align: center;\"><strong>ENVIO DO MATERIAL: EM AT\u00c9 1 (UM) DIA \u00daTIL, AP\u00d3S A CONFIRMA\u00c7\u00c3O DO PAGAMENTO<\/strong>\u00a0<strong>(SER\u00c1 ENVIADO UM LINK DO GOOGLE DRIVE NO E-MAIL INFORMADO NO ATO DA COMPRA PARA O DOWNLOAD DA APOSTILA).<\/strong><\/p>\n","protected":false},"featured_media":16689,"comment_status":"open","ping_status":"closed","template":"","meta":[],"product_brand":[],"product_cat":[151],"product_tag":[31,101,32,33,34,36,37],"class_list":{"0":"post-16688","1":"product","2":"type-product","3":"status-publish","4":"has-post-thumbnail","6":"product_cat-ension-religioso","7":"product_tag-atividades-ludicas","8":"product_tag-bncc","9":"product_tag-caca-palavras","10":"product_tag-criptogramas","11":"product_tag-cruzadinhas","12":"product_tag-mapas-conceituais","13":"product_tag-mapas-mentais","15":"first","16":"instock","17":"virtual","18":"taxable","19":"purchasable","20":"product-type-simple"},"_links":{"self":[{"href":"https:\/\/cacapalavrasdidaticos.com.br\/site\/wp-json\/wp\/v2\/product\/16688","targetHints":{"allow":["GET"]}}],"collection":[{"href":"https:\/\/cacapalavrasdidaticos.com.br\/site\/wp-json\/wp\/v2\/product"}],"about":[{"href":"https:\/\/cacapalavrasdidaticos.com.br\/site\/wp-json\/wp\/v2\/types\/product"}],"replies":[{"embeddable":true,"href":"https:\/\/cacapalavrasdidaticos.com.br\/site\/wp-json\/wp\/v2\/comments?post=16688"}],"wp:featuredmedia":[{"embeddable":true,"href":"https:\/\/cacapalavrasdidaticos.com.br\/site\/wp-json\/wp\/v2\/media\/16689"}],"wp:attachment":[{"href":"https:\/\/cacapalavrasdidaticos.com.br\/site\/wp-json\/wp\/v2\/media?parent=16688"}],"wp:term":[{"taxonomy":"product_brand","embeddable":true,"href":"https:\/\/cacapalavrasdidaticos.com.br\/site\/wp-json\/wp\/v2\/product_brand?post=16688"},{"taxonomy":"product_cat","embeddable":true,"href":"https:\/\/cacapalavrasdidaticos.com.br\/site\/wp-json\/wp\/v2\/product_cat?post=16688"},{"taxonomy":"product_tag","embeddable":true,"href":"https:\/\/cacapalavrasdidaticos.com.br\/site\/wp-json\/wp\/v2\/product_tag?post=16688"}],"curies":[{"name":"wp","href":"https:\/\/api.w.org\/{rel}","templated":true}]}}