{"id":16678,"date":"2025-03-19T11:23:23","date_gmt":"2025-03-19T14:23:23","guid":{"rendered":"https:\/\/cacapalavrasdidaticos.com.br\/site\/?post_type=product&#038;p=16678"},"modified":"2025-12-01T09:30:30","modified_gmt":"2025-12-01T12:30:30","slug":"combo-de-estudos-diirigidos-de-ensino-religioso-6o-ao-9o-ano-do-ensino-fundamental-1o-bimestre","status":"publish","type":"product","link":"https:\/\/cacapalavrasdidaticos.com.br\/site\/produto\/combo-de-estudos-diirigidos-de-ensino-religioso-6o-ao-9o-ano-do-ensino-fundamental-1o-bimestre\/","title":{"rendered":"COMBO DE ESTUDOS DIIRIGIDOS DE ENSINO RELIGIOSO &#8211; 6\u00ba AO 9\u00ba ANO DO ENSINO FUNDAMENTAL (1\u00ba BIMESTRE)"},"content":{"rendered":"","protected":false},"excerpt":{"rendered":"<p data-start=\"0\" data-end=\"371\">Este combo cont\u00e9m 4 apostilas do <strong data-start=\"19\" data-end=\"90\">&#8220;Ca\u00e7a Atividades Escolares &#8211; Estudos Dirigidos de Ensino Religioso&#8221;<\/strong> s\u00e3o materiais direcionados aos alunos do Ensino Fundamental II, abrangendo os 6\u00ba, 7\u00ba, 8\u00ba e 9\u00ba anos. Cada um foca em temas essenciais do ensino religioso, promovendo uma reflex\u00e3o \u00e9tica e cultural relevante para a forma\u00e7\u00e3o dos estudantes. Abaixo est\u00e1 uma breve descri\u00e7\u00e3o de cada um:<\/p>\n<ol data-start=\"373\" data-end=\"1479\">\n<li data-start=\"373\" data-end=\"640\">\n<p data-start=\"376\" data-end=\"640\"><strong data-start=\"376\" data-end=\"400\">6\u00ba Ano &#8211; 1\u00ba Bimestre<\/strong>: Este material explora temas como <strong data-start=\"435\" data-end=\"508\">tradi\u00e7\u00e3o escrita, textos sagrados, e respeito \u00e0s tradi\u00e7\u00f5es religiosas<\/strong>, estimulando a compreens\u00e3o da import\u00e2ncia dos textos religiosos na preserva\u00e7\u00e3o da mem\u00f3ria cultural e na forma\u00e7\u00e3o de valores \u00e9ticos.<\/p>\n<\/li>\n<li data-start=\"642\" data-end=\"925\">\n<p data-start=\"645\" data-end=\"925\"><strong data-start=\"645\" data-end=\"669\">7\u00ba Ano &#8211; 1\u00ba Bimestre<\/strong>: Foca nas <strong data-start=\"680\" data-end=\"717\">express\u00f5es culturais e religiosas<\/strong>, como s\u00edmbolos, m\u00fasicas e rituais, enfatizando sua import\u00e2ncia para a conex\u00e3o com o divino, a constru\u00e7\u00e3o da identidade e a conviv\u00eancia em sociedade, com um enfoque na <strong data-start=\"885\" data-end=\"924\" data-is-only-node=\"\">toler\u00e2ncia e respeito \u00e0 diversidade<\/strong>.<\/p>\n<\/li>\n<li data-start=\"927\" data-end=\"1175\">\n<p data-start=\"930\" data-end=\"1175\"><strong data-start=\"930\" data-end=\"954\">8\u00ba Ano &#8211; 1\u00ba Bimestre<\/strong>: Trata dos <strong data-start=\"966\" data-end=\"997\">princ\u00edpios e valores \u00e9ticos<\/strong>, diferenciando moral e \u00e9tica, discutindo a aplica\u00e7\u00e3o desses conceitos em situa\u00e7\u00f5es cotidianas e a import\u00e2ncia da educa\u00e7\u00e3o \u00e9tica para a constru\u00e7\u00e3o de uma sociedade justa e coesa.<\/p>\n<\/li>\n<li data-start=\"1177\" data-end=\"1479\">\n<p data-start=\"1180\" data-end=\"1479\"><strong data-start=\"1180\" data-end=\"1204\">9\u00ba Ano &#8211; 1\u00ba Bimestre<\/strong>: Enfatiza os <strong data-start=\"1218\" data-end=\"1239\">princ\u00edpios \u00e9ticos<\/strong> e sua pr\u00e1tica, com foco em valores como <strong data-start=\"1280\" data-end=\"1315\" data-is-only-node=\"\">empatia, solidariedade, justi\u00e7a<\/strong> e <strong data-start=\"1318\" data-end=\"1344\">combate ao preconceito<\/strong>, al\u00e9m de promover o di\u00e1logo intercultural e a reflex\u00e3o sobre a constru\u00e7\u00e3o da identidade e a conviv\u00eancia \u00e9tica em uma sociedade plural.<\/p>\n<\/li>\n<\/ol>\n<p data-start=\"1481\" data-end=\"1711\" data-is-last-node=\"\" data-is-only-node=\"\">Cada material busca envolver os estudantes em atividades interativas, promovendo discuss\u00f5es e reflex\u00f5es sobre como aplicar os valores \u00e9ticos e religiosos em suas vidas di\u00e1rias e contribuir para um ambiente mais respeitoso e justo.<\/p>\n<p><strong>6\u00ba, 7\u00ba E 9\u00ba ANO: 48 P\u00c1GINAS POR APOSTILA. 8<\/strong><strong>\u00ba ANO: 58 P\u00c1GINAS<\/strong><\/p>\n<p>&nbsp;<\/p>\n<p style=\"text-align: center;\">Delicie-se e leve para a sua sala de aula mais essa experi\u00eancia l\u00fadica e did\u00e1tica.<\/p>\n<p>&nbsp;<\/p>\n<p style=\"text-align: center;\"><strong>AVISO IMPORTANTE:<\/strong><\/p>\n<p style=\"text-align: center;\"><strong>AS APOSTILAS S\u00c3O ENVIADAS EM FORMATO PDF NO EMAIL CADASTRADO NO ATO DA COMPRA. CASO QUEIRA O MATERIAL EM FORMATO IMAGEM JPEG, ENTRE EM CONTATO CONOSCO PELO WHATSAPP: 31-994716920<\/strong><\/p>\n<p style=\"text-align: center;\"><strong>MAIS INFORMA\u00c7\u00d5ES E COMPRA PELO PIX: 31-994716920 (Eduardo de Sousa)<\/strong><\/p>\n<p style=\"text-align: center;\"><strong>ENVIO DO MATERIAL: EM AT\u00c9 1 (UM) DIA \u00daTIL, AP\u00d3S A CONFIRMA\u00c7\u00c3O DO PAGAMENTO<\/strong>\u00a0<strong>(SER\u00c1 ENVIADO UM LINK DO GOOGLE DRIVE NO E-MAIL INFORMADO NO ATO DA COMPRA PARA O DOWNLOAD DA APOSTILA).<\/strong><\/p>\n","protected":false},"featured_media":16715,"comment_status":"open","ping_status":"closed","template":"","meta":[],"product_brand":[],"product_cat":[151],"product_tag":[31,101,32,33,34,36,37],"class_list":{"0":"post-16678","1":"product","2":"type-product","3":"status-publish","4":"has-post-thumbnail","6":"product_cat-ension-religioso","7":"product_tag-atividades-ludicas","8":"product_tag-bncc","9":"product_tag-caca-palavras","10":"product_tag-criptogramas","11":"product_tag-cruzadinhas","12":"product_tag-mapas-conceituais","13":"product_tag-mapas-mentais","15":"first","16":"instock","17":"sale","18":"virtual","19":"taxable","20":"purchasable","21":"product-type-simple"},"_links":{"self":[{"href":"https:\/\/cacapalavrasdidaticos.com.br\/site\/wp-json\/wp\/v2\/product\/16678","targetHints":{"allow":["GET"]}}],"collection":[{"href":"https:\/\/cacapalavrasdidaticos.com.br\/site\/wp-json\/wp\/v2\/product"}],"about":[{"href":"https:\/\/cacapalavrasdidaticos.com.br\/site\/wp-json\/wp\/v2\/types\/product"}],"replies":[{"embeddable":true,"href":"https:\/\/cacapalavrasdidaticos.com.br\/site\/wp-json\/wp\/v2\/comments?post=16678"}],"wp:featuredmedia":[{"embeddable":true,"href":"https:\/\/cacapalavrasdidaticos.com.br\/site\/wp-json\/wp\/v2\/media\/16715"}],"wp:attachment":[{"href":"https:\/\/cacapalavrasdidaticos.com.br\/site\/wp-json\/wp\/v2\/media?parent=16678"}],"wp:term":[{"taxonomy":"product_brand","embeddable":true,"href":"https:\/\/cacapalavrasdidaticos.com.br\/site\/wp-json\/wp\/v2\/product_brand?post=16678"},{"taxonomy":"product_cat","embeddable":true,"href":"https:\/\/cacapalavrasdidaticos.com.br\/site\/wp-json\/wp\/v2\/product_cat?post=16678"},{"taxonomy":"product_tag","embeddable":true,"href":"https:\/\/cacapalavrasdidaticos.com.br\/site\/wp-json\/wp\/v2\/product_tag?post=16678"}],"curies":[{"name":"wp","href":"https:\/\/api.w.org\/{rel}","templated":true}]}}