{"id":15819,"date":"2025-02-23T01:31:19","date_gmt":"2025-02-23T04:31:19","guid":{"rendered":"https:\/\/cacapalavrasdidaticos.com.br\/site\/?post_type=product&#038;p=15819"},"modified":"2025-12-01T00:32:17","modified_gmt":"2025-12-01T03:32:17","slug":"nucleo-de-inovacao-matematica-e-saberes-e-investigacao-da-natureza-3o-ano-ensino-medio-1o-bimestre-plano-de-curso-de-minas-gerais-2025","status":"publish","type":"product","link":"https:\/\/cacapalavrasdidaticos.com.br\/site\/produto\/nucleo-de-inovacao-matematica-e-saberes-e-investigacao-da-natureza-3o-ano-ensino-medio-1o-bimestre-plano-de-curso-de-minas-gerais-2025\/","title":{"rendered":"N\u00daCLEO DE INOVA\u00c7\u00c3O MATEM\u00c1TICA E SABERES E INVESTIGA\u00c7\u00c3O DA NATUREZA &#8211; 3\u00ba ANO &#8211; ENSINO M\u00c9DIO: 1\u00ba BIMESTRE &#8211; PLANO DE CURSO DE MINAS GERAIS 2025"},"content":{"rendered":"","protected":false},"excerpt":{"rendered":"<p style=\"margin: 0cm;\">Esta apostila apresenta 8 temas para o <strong>Itiner\u00e1rio Formativo de N\u00daCLEO DE INOVA\u00c7\u00c3O MATEM\u00c1TICA E SABERES E INVESTIGA\u00c7\u00c3O DA NATUREZA<\/strong>\u00a0\u2013 <strong>3\u00ba ano:<\/strong><strong>\u00a01\u00ba bimestre<\/strong>, de acordo com o <strong>Plano de Curso de Minas Gerais 2025<\/strong>. Cada tema inclui de 4 a 5 p\u00e1ginas de atividades diversificadas, proporcionando uma abordagem ampla e din\u00e2mica para o desenvolvimento do itiner\u00e1rio.<\/p>\n<p>&nbsp;<\/p>\n<p style=\"margin: 0cm;\"><strong>65 P\u00c1GINAS<\/strong><\/p>\n<p><strong>\u00a0<\/strong><strong>O material cont\u00e9m:<\/strong><\/p>\n<ul>\n<li><strong>Planejamento bimestral;<\/strong><\/li>\n<li><strong>8 Estudos dirigidos;<\/strong><\/li>\n<li><strong>Quest\u00f5es abertas e fechadas de acordo com os textos;<\/strong><\/li>\n<li><strong>Cruzadinhas;<\/strong><\/li>\n<li><strong>Ca\u00e7a-palavras;<\/strong><\/li>\n<li><strong>Imagens para colorir;<\/strong><\/li>\n<li><strong>Sugest\u00e3o de avalia\u00e7\u00e3o bimestral;<\/strong><\/li>\n<li><strong>Gabaritos.<\/strong><\/li>\n<\/ul>\n<p>&nbsp;<\/p>\n<p style=\"text-align: center;\"><strong>AVISO IMPORTANTE:<\/strong><\/p>\n<p style=\"text-align: center;\"><strong>AS APOSTILAS S\u00c3O ENVIADAS EM FORMATO PDF NO EMAIL CADASTRADO NO ATO DA COMPRA. CASO QUEIRA O MATERIAL EM FORMATO IMAGEM JPEG, ENTRE EM CONTATO CONOSCO PELO WHATSAPP: 31-994716920<\/strong><\/p>\n<p style=\"text-align: center;\"><strong>MAIS INFORMA\u00c7\u00d5ES E COMPRA PELO PIX, ENTRE EM CONTATO CONOSCO: 31-994716920. PIX: 31-994716920 (Eduardo de Sousa)<\/strong><\/p>\n<p style=\"text-align: center;\"><strong>ENVIO DO MATERIAL: EM AT\u00c9 1 (UM) DIA \u00daTIL, AP\u00d3S A CONFIRMA\u00c7\u00c3O DO PAGAMENTO<\/strong>\u00a0<strong>(SER\u00c1 ENVIADO UM LINK DO GOOGLE DRIVE NO E-MAIL INFORMADO NO ATO DA COMPRA PARA O DOWNLOAD DA APOSTILA).<\/strong><\/p>\n","protected":false},"featured_media":15820,"comment_status":"open","ping_status":"closed","template":"","meta":[],"product_brand":[],"product_cat":[152],"product_tag":[128,31,32,34,35,172],"class_list":{"0":"post-15819","1":"product","2":"type-product","3":"status-publish","4":"has-post-thumbnail","6":"product_cat-plano-de-curso","7":"product_tag-atividades-adaptadas","8":"product_tag-atividades-ludicas","9":"product_tag-caca-palavras","10":"product_tag-cruzadinhas","11":"product_tag-ensino-medio","12":"product_tag-estudos-dirigidos","14":"first","15":"instock","16":"sale","17":"virtual","18":"taxable","19":"purchasable","20":"product-type-simple"},"_links":{"self":[{"href":"https:\/\/cacapalavrasdidaticos.com.br\/site\/wp-json\/wp\/v2\/product\/15819","targetHints":{"allow":["GET"]}}],"collection":[{"href":"https:\/\/cacapalavrasdidaticos.com.br\/site\/wp-json\/wp\/v2\/product"}],"about":[{"href":"https:\/\/cacapalavrasdidaticos.com.br\/site\/wp-json\/wp\/v2\/types\/product"}],"replies":[{"embeddable":true,"href":"https:\/\/cacapalavrasdidaticos.com.br\/site\/wp-json\/wp\/v2\/comments?post=15819"}],"wp:featuredmedia":[{"embeddable":true,"href":"https:\/\/cacapalavrasdidaticos.com.br\/site\/wp-json\/wp\/v2\/media\/15820"}],"wp:attachment":[{"href":"https:\/\/cacapalavrasdidaticos.com.br\/site\/wp-json\/wp\/v2\/media?parent=15819"}],"wp:term":[{"taxonomy":"product_brand","embeddable":true,"href":"https:\/\/cacapalavrasdidaticos.com.br\/site\/wp-json\/wp\/v2\/product_brand?post=15819"},{"taxonomy":"product_cat","embeddable":true,"href":"https:\/\/cacapalavrasdidaticos.com.br\/site\/wp-json\/wp\/v2\/product_cat?post=15819"},{"taxonomy":"product_tag","embeddable":true,"href":"https:\/\/cacapalavrasdidaticos.com.br\/site\/wp-json\/wp\/v2\/product_tag?post=15819"}],"curies":[{"name":"wp","href":"https:\/\/api.w.org\/{rel}","templated":true}]}}