{"id":14501,"date":"2025-01-08T00:12:53","date_gmt":"2025-01-08T03:12:53","guid":{"rendered":"https:\/\/cacapalavrasdidaticos.com.br\/site\/?post_type=product&#038;p=14501"},"modified":"2025-12-01T09:54:44","modified_gmt":"2025-12-01T12:54:44","slug":"filosofia-2o-ano-ensino-medio-1o-bimestre","status":"publish","type":"product","link":"https:\/\/cacapalavrasdidaticos.com.br\/site\/produto\/filosofia-2o-ano-ensino-medio-1o-bimestre\/","title":{"rendered":"FILOSOFIA 2\u00ba ANO &#8211; ENSINO M\u00c9DIO: 1\u00ba BIMESTRE"},"content":{"rendered":"","protected":false},"excerpt":{"rendered":"<p style=\"margin: 0cm;\">Esta apostila conta com <strong>8<\/strong> temas para o componente curricular de <strong>FILOSOFIA <\/strong>para o <strong>2\u00ba ANO <\/strong>para o <strong>1\u00ba bimestre<\/strong><strong>.\u00a0<\/strong><\/p>\n<p>&nbsp;<\/p>\n<p style=\"margin: 0cm;\"><strong>45 P\u00c1GINAS<\/strong><\/p>\n<p><strong>\u00a0<\/strong><strong>O material cont\u00e9m:<\/strong><\/p>\n<ul>\n<li>Planejamento bimestral;<\/li>\n<li>Mapas mentais;<\/li>\n<li>Ca\u00e7a-palavras;<\/li>\n<li>Quest\u00f5es abertas de acordo com os mapas mentais;<\/li>\n<li>Cruzadinhas;<\/li>\n<li>Sugest\u00f5es de avalia\u00e7\u00e3o bimestral;<\/li>\n<li>Gabaritos.<\/li>\n<\/ul>\n<p>&nbsp;<\/p>\n<p style=\"text-align: center;\"><strong>AVISO IMPORTANTE:<\/strong><\/p>\n<p style=\"text-align: center;\"><strong>AS APOSTILAS S\u00c3O ENVIADAS EM FORMATO PDF NO EMAIL CADASTRADO NO ATO DA COMPRA. CASO QUEIRA O MATERIAL EM FORMATO IMAGEM JPEG, ENTRE EM CONTATO CONOSCO PELO WHATSAPP: 31-994716920<\/strong><\/p>\n<p style=\"text-align: center;\"><strong>MAIS INFORMA\u00c7\u00d5ES E COMPRA PELO PIX, ENTRE EM CONTATO CONOSCO: 31-994716920. PIX: 31-994716920 (Eduardo de Sousa)<\/strong><\/p>\n<p style=\"text-align: center;\"><strong>ENVIO DO MATERIAL: EM AT\u00c9 1 (UM) DIA \u00daTIL, AP\u00d3S A CONFIRMA\u00c7\u00c3O DO PAGAMENTO<\/strong>\u00a0<strong>(SER\u00c1 ENVIADO UM LINK DO GOOGLE DRIVE NO E-MAIL INFORMADO NO ATO DA COMPRA PARA O DOWNLOAD DA APOSTILA).<\/strong><\/p>\n","protected":false},"featured_media":14493,"comment_status":"open","ping_status":"closed","template":"","meta":[],"product_brand":[],"product_cat":[156],"product_tag":[128,31,32,34,35,37,132],"class_list":{"0":"post-14501","1":"product","2":"type-product","3":"status-publish","4":"has-post-thumbnail","6":"product_cat-filosofia","7":"product_tag-atividades-adaptadas","8":"product_tag-atividades-ludicas","9":"product_tag-caca-palavras","10":"product_tag-cruzadinhas","11":"product_tag-ensino-medio","12":"product_tag-mapas-mentais","13":"product_tag-questoes-abertas","15":"first","16":"instock","17":"virtual","18":"taxable","19":"purchasable","20":"product-type-simple"},"_links":{"self":[{"href":"https:\/\/cacapalavrasdidaticos.com.br\/site\/wp-json\/wp\/v2\/product\/14501","targetHints":{"allow":["GET"]}}],"collection":[{"href":"https:\/\/cacapalavrasdidaticos.com.br\/site\/wp-json\/wp\/v2\/product"}],"about":[{"href":"https:\/\/cacapalavrasdidaticos.com.br\/site\/wp-json\/wp\/v2\/types\/product"}],"replies":[{"embeddable":true,"href":"https:\/\/cacapalavrasdidaticos.com.br\/site\/wp-json\/wp\/v2\/comments?post=14501"}],"wp:featuredmedia":[{"embeddable":true,"href":"https:\/\/cacapalavrasdidaticos.com.br\/site\/wp-json\/wp\/v2\/media\/14493"}],"wp:attachment":[{"href":"https:\/\/cacapalavrasdidaticos.com.br\/site\/wp-json\/wp\/v2\/media?parent=14501"}],"wp:term":[{"taxonomy":"product_brand","embeddable":true,"href":"https:\/\/cacapalavrasdidaticos.com.br\/site\/wp-json\/wp\/v2\/product_brand?post=14501"},{"taxonomy":"product_cat","embeddable":true,"href":"https:\/\/cacapalavrasdidaticos.com.br\/site\/wp-json\/wp\/v2\/product_cat?post=14501"},{"taxonomy":"product_tag","embeddable":true,"href":"https:\/\/cacapalavrasdidaticos.com.br\/site\/wp-json\/wp\/v2\/product_tag?post=14501"}],"curies":[{"name":"wp","href":"https:\/\/api.w.org\/{rel}","templated":true}]}}