{"id":13731,"date":"2024-10-11T17:08:58","date_gmt":"2024-10-11T20:08:58","guid":{"rendered":"https:\/\/cacapalavrasdidaticos.com.br\/site\/?post_type=product&#038;p=13731"},"modified":"2025-12-01T00:34:37","modified_gmt":"2025-12-01T03:34:37","slug":"jovens-e-o-mundo-digital-2o-ano-ensino-medio-3o-bimestre-plano-de-curso-de-minas-gerais-2024-2","status":"publish","type":"product","link":"https:\/\/cacapalavrasdidaticos.com.br\/site\/produto\/jovens-e-o-mundo-digital-2o-ano-ensino-medio-3o-bimestre-plano-de-curso-de-minas-gerais-2024-2\/","title":{"rendered":"JOVENS E O MUNDO DIGITAL 2\u00ba\/3\u00ba ANO &#8211; ENSINO M\u00c9DIO: 4\u00ba BIMESTRE &#8211; PLANO DE CURSO DE MINAS GERAIS 2024"},"content":{"rendered":"","protected":false},"excerpt":{"rendered":"<p style=\"margin: 0cm;\">Esta apostila conta com <strong>11<\/strong>\u00a0temas para o Itiner\u00e1rio Formativo de <strong>JOVENS E O MUNDO DIGITAL<\/strong><strong>\u00a0<\/strong><strong>&#8211;<\/strong><strong> 2\u00ba ANO : 3\u00ba BIMESTRE<\/strong><strong> &#8211; PLANO DE CURSO DE MINAS GERAIS 2024.\u00a0<\/strong><\/p>\n<p>&nbsp;<\/p>\n<p style=\"margin: 0cm;\"><strong>56 P\u00c1GINAS<\/strong><\/p>\n<p><strong>\u00a0<\/strong><strong>O material cont\u00e9m:<\/strong><\/p>\n<ul>\n<li>Mapas mentais;<\/li>\n<li>Ca\u00e7a-palavras;<\/li>\n<li>Quest\u00f5es abertas de acordo com os mapas mentais;<\/li>\n<li>Cruzadinhas;<\/li>\n<li>Criptogramas;<\/li>\n<li>Gabaritos.<\/li>\n<\/ul>\n<p>&nbsp;<\/p>\n<p style=\"text-align: center;\"><strong>AVISO IMPORTANTE:<\/strong><\/p>\n<p style=\"text-align: center;\"><strong>AS APOSTILAS S\u00c3O ENVIADAS EM FORMATO PDF NO EMAIL CADASTRADO NO ATO DA COMPRA. CASO QUEIRA O MATERIAL EM FORMATO IMAGEM JPEG, ENTRE EM CONTATO CONOSCO PELO WHATSAPP: 31-994716920<\/strong><\/p>\n<p style=\"text-align: center;\"><strong>MAIS INFORMA\u00c7\u00d5ES E COMPRA PELO PIX, ENTRE EM CONTATO CONOSCO: 31-994716920. PIX: 31-994716920 (Eduardo de Sousa)<\/strong><\/p>\n<p style=\"text-align: center;\"><strong>ENVIO DO MATERIAL: EM AT\u00c9 1 (UM) DIA \u00daTIL, AP\u00d3S A CONFIRMA\u00c7\u00c3O DO PAGAMENTO<\/strong>\u00a0<strong>(SER\u00c1 ENVIADO UM LINK DO GOOGLE DRIVE NO E-MAIL INFORMADO NO ATO DA COMPRA PARA O DOWNLOAD DA APOSTILA).<\/strong><\/p>\n","protected":false},"featured_media":13732,"comment_status":"open","ping_status":"closed","template":"","meta":[],"product_brand":[],"product_cat":[152],"product_tag":[128,31,32,33,34,169,35,37,132],"class_list":{"0":"post-13731","1":"product","2":"type-product","3":"status-publish","4":"has-post-thumbnail","6":"product_cat-plano-de-curso","7":"product_tag-atividades-adaptadas","8":"product_tag-atividades-ludicas","9":"product_tag-caca-palavras","10":"product_tag-criptogramas","11":"product_tag-cruzadinhas","12":"product_tag-curriculo-mg-2024","13":"product_tag-ensino-medio","14":"product_tag-mapas-mentais","15":"product_tag-questoes-abertas","17":"first","18":"instock","19":"virtual","20":"taxable","21":"purchasable","22":"product-type-simple"},"_links":{"self":[{"href":"https:\/\/cacapalavrasdidaticos.com.br\/site\/wp-json\/wp\/v2\/product\/13731","targetHints":{"allow":["GET"]}}],"collection":[{"href":"https:\/\/cacapalavrasdidaticos.com.br\/site\/wp-json\/wp\/v2\/product"}],"about":[{"href":"https:\/\/cacapalavrasdidaticos.com.br\/site\/wp-json\/wp\/v2\/types\/product"}],"replies":[{"embeddable":true,"href":"https:\/\/cacapalavrasdidaticos.com.br\/site\/wp-json\/wp\/v2\/comments?post=13731"}],"wp:featuredmedia":[{"embeddable":true,"href":"https:\/\/cacapalavrasdidaticos.com.br\/site\/wp-json\/wp\/v2\/media\/13732"}],"wp:attachment":[{"href":"https:\/\/cacapalavrasdidaticos.com.br\/site\/wp-json\/wp\/v2\/media?parent=13731"}],"wp:term":[{"taxonomy":"product_brand","embeddable":true,"href":"https:\/\/cacapalavrasdidaticos.com.br\/site\/wp-json\/wp\/v2\/product_brand?post=13731"},{"taxonomy":"product_cat","embeddable":true,"href":"https:\/\/cacapalavrasdidaticos.com.br\/site\/wp-json\/wp\/v2\/product_cat?post=13731"},{"taxonomy":"product_tag","embeddable":true,"href":"https:\/\/cacapalavrasdidaticos.com.br\/site\/wp-json\/wp\/v2\/product_tag?post=13731"}],"curies":[{"name":"wp","href":"https:\/\/api.w.org\/{rel}","templated":true}]}}