{"id":13417,"date":"2024-09-26T01:32:56","date_gmt":"2024-09-26T04:32:56","guid":{"rendered":"https:\/\/cacapalavrasdidaticos.com.br\/site\/?post_type=product&#038;p=13417"},"modified":"2025-12-01T00:33:37","modified_gmt":"2025-12-01T03:33:37","slug":"estudos-dirigidos-de-projeto-de-vida-1o-ano-4o-bimestre","status":"publish","type":"product","link":"https:\/\/cacapalavrasdidaticos.com.br\/site\/produto\/estudos-dirigidos-de-projeto-de-vida-1o-ano-4o-bimestre\/","title":{"rendered":"ESTUDOS DIRIGIDOS DE PROJETO DE VIDA &#8211; 1\u00ba ANO (4\u00ba BIMESTRE)"},"content":{"rendered":"","protected":false},"excerpt":{"rendered":"<p style=\"margin: 0cm;\">Esta apostila cont\u00e9m 7 <strong>ESTUDOS DIRIGIDOS<\/strong> de <strong>PROJETO DE VIDA<\/strong> para o<strong> 1\u00ba ano do Ensino M\u00e9dio, <\/strong>referentes ao<strong> 4\u00ba bimestre de 2025.\u00a0<\/strong><\/p>\n<p>&nbsp;<\/p>\n<p style=\"margin: 0cm;\"><strong>72 P\u00c1GINAS<\/strong><\/p>\n<p><strong>\u00a0<\/strong><strong>O material cont\u00e9m:<\/strong><\/p>\n<ul>\n<li>Metodologias e estrat\u00e9gias;<\/li>\n<li>7 Compreens\u00f5es de textos de acordo com o Plano de Curso para o 4\u00ba bimestre;<\/li>\n<li>Fichas e avalia\u00e7\u00f5es;<\/li>\n<li>Planejamento bimestral;<\/li>\n<li>Gabaritos.<\/li>\n<\/ul>\n<p style=\"text-align: center;\"><strong>AVISO IMPORTANTE:<\/strong><\/p>\n<p style=\"text-align: center;\"><strong>AS APOSTILAS S\u00c3O ENVIADAS EM FORMATO PDF NO EMAIL CADASTRADO NO ATO DA COMPRA. CASO QUEIRA O MATERIAL EM FORMATO IMAGEM JPEG, ENTRE EM CONTATO CONOSCO PELO WHATSAPP: 31-994716920<\/strong><\/p>\n<p style=\"text-align: center;\"><strong>MAIS INFORMA\u00c7\u00d5ES E COMPRA PELO PIX, ENTRE EM CONTATO CONOSCO: 31-994716920. PIX: 31-994716920 (Eduardo de Sousa)<\/strong><\/p>\n<p style=\"text-align: center;\"><strong>ENVIO DO MATERIAL: EM AT\u00c9 1 (UM) DIA \u00daTIL, AP\u00d3S A CONFIRMA\u00c7\u00c3O DO PAGAMENTO<\/strong>\u00a0<strong>(SER\u00c1 ENVIADO UM LINK DO GOOGLE DRIVE NO E-MAIL INFORMADO NO ATO DA COMPRA PARA O DOWNLOAD DA APOSTILA).<\/strong><\/p>\n","protected":false},"featured_media":21578,"comment_status":"open","ping_status":"closed","template":"","meta":[],"product_brand":[],"product_cat":[152,167],"product_tag":[165,128,31,169,35,172,59,60,132],"class_list":{"0":"post-13417","1":"product","2":"type-product","3":"status-publish","4":"has-post-thumbnail","6":"product_cat-plano-de-curso","7":"product_cat-projeto-de-vida-ensino-fundamental-medio","8":"product_tag-4o-bimestre","9":"product_tag-atividades-adaptadas","10":"product_tag-atividades-ludicas","11":"product_tag-curriculo-mg-2024","12":"product_tag-ensino-medio","13":"product_tag-estudos-dirigidos","14":"product_tag-novo-ensino-medio","15":"product_tag-projeto-de-vida","16":"product_tag-questoes-abertas","18":"first","19":"instock","20":"sale","21":"virtual","22":"taxable","23":"purchasable","24":"product-type-simple"},"_links":{"self":[{"href":"https:\/\/cacapalavrasdidaticos.com.br\/site\/wp-json\/wp\/v2\/product\/13417","targetHints":{"allow":["GET"]}}],"collection":[{"href":"https:\/\/cacapalavrasdidaticos.com.br\/site\/wp-json\/wp\/v2\/product"}],"about":[{"href":"https:\/\/cacapalavrasdidaticos.com.br\/site\/wp-json\/wp\/v2\/types\/product"}],"replies":[{"embeddable":true,"href":"https:\/\/cacapalavrasdidaticos.com.br\/site\/wp-json\/wp\/v2\/comments?post=13417"}],"wp:featuredmedia":[{"embeddable":true,"href":"https:\/\/cacapalavrasdidaticos.com.br\/site\/wp-json\/wp\/v2\/media\/21578"}],"wp:attachment":[{"href":"https:\/\/cacapalavrasdidaticos.com.br\/site\/wp-json\/wp\/v2\/media?parent=13417"}],"wp:term":[{"taxonomy":"product_brand","embeddable":true,"href":"https:\/\/cacapalavrasdidaticos.com.br\/site\/wp-json\/wp\/v2\/product_brand?post=13417"},{"taxonomy":"product_cat","embeddable":true,"href":"https:\/\/cacapalavrasdidaticos.com.br\/site\/wp-json\/wp\/v2\/product_cat?post=13417"},{"taxonomy":"product_tag","embeddable":true,"href":"https:\/\/cacapalavrasdidaticos.com.br\/site\/wp-json\/wp\/v2\/product_tag?post=13417"}],"curies":[{"name":"wp","href":"https:\/\/api.w.org\/{rel}","templated":true}]}}