{"id":13291,"date":"2024-09-17T11:14:13","date_gmt":"2024-09-17T14:14:13","guid":{"rendered":"https:\/\/cacapalavrasdidaticos.com.br\/site\/?post_type=product&#038;p=13291"},"modified":"2025-12-01T00:33:37","modified_gmt":"2025-12-01T03:33:37","slug":"projeto-protagonistas-em-acao-do-local-ao-global-4o-bimestre-plano-de-curso-de-minas-gerais-2024","status":"publish","type":"product","link":"https:\/\/cacapalavrasdidaticos.com.br\/site\/produto\/projeto-protagonistas-em-acao-do-local-ao-global-4o-bimestre-plano-de-curso-de-minas-gerais-2024\/","title":{"rendered":"PROJETO PROTAGONISTAS EM A\u00c7\u00c3O: DO LOCAL AO GLOBAL &#8211; 4\u00ba BIMESTRE &#8211; PLANO DE CURSO DE MINAS GERAIS 2025"},"content":{"rendered":"","protected":false},"excerpt":{"rendered":"<p style=\"margin: 0cm;\"><strong>ITINER\u00c1RIOS RELACIONADOS:<\/strong> Educomunica\u00e7\u00e3o e Ambientalismo e Emerg\u00eancia Clim\u00e1tica Global<\/p>\n<p>&nbsp;<\/p>\n<p style=\"margin: 0cm;\">Apostila &#8220;<strong>Protagonistas em A\u00e7\u00e3o: do Local ao Global<\/strong>&#8221; surge como uma iniciativa para ampliar o protagonismo dos estudantes, integrando os conhecimentos adquiridos em sala de aula \u00e0s quest\u00f5es reais e atuais de suas comunidades. Este material foi desenvolvido para professores e alunos do Ensino M\u00e9dio, com o prop\u00f3sito de promover a cidadania ativa e a conscientiza\u00e7\u00e3o socioambiental, fortalecendo a educa\u00e7\u00e3o como uma ferramenta para a transforma\u00e7\u00e3o social.<\/p>\n<p>&nbsp;<\/p>\n<p style=\"margin: 0cm;\">Apostilas como esta visam conectar o aprendizado escolar com a pr\u00e1tica di\u00e1ria, estimulando os alunos a identificar problemas locais, propor solu\u00e7\u00f5es criativas e impactar positivamente suas comunidades. Acreditamos que, ao capacitar os jovens para serem agentes de mudan\u00e7a, estamos contribuindo para a constru\u00e7\u00e3o de um futuro mais sustent\u00e1vel e justo para todos.<\/p>\n<p>&nbsp;<\/p>\n<p style=\"margin: 0cm;\"><strong>59 P\u00c1GINAS<\/strong><\/p>\n<p><strong>\u00a0<\/strong><strong>O material cont\u00e9m:<\/strong><\/p>\n<ul>\n<li>Planejamento bimestral<\/li>\n<li>8 temas com textos para serem explorados atrav\u00e9s de perguntas disparadoras, reflex\u00f5es, debates e engajamentos dos alunos;<\/li>\n<li>Orienta\u00e7\u00f5es detalhadas de aplica\u00e7\u00e3o do Projeto integrador;<\/li>\n<li>Avalia\u00e7\u00f5es e Reflex\u00f5es;<\/li>\n<li>Cruzadinhas;<\/li>\n<li>Criptogramas;<\/li>\n<li>Guias de trabalhos para o Projeto;<\/li>\n<li>Paineis;<\/li>\n<li>Gabaritos.<\/li>\n<\/ul>\n<p>&nbsp;<\/p>\n<p style=\"text-align: center;\"><strong>AVISO IMPORTANTE:<\/strong><\/p>\n<p style=\"text-align: center;\"><strong>AS APOSTILAS S\u00c3O ENVIADAS EM FORMATO PDF NO EMAIL CADASTRADO NO ATO DA COMPRA. CASO QUEIRA O MATERIAL EM FORMATO IMAGEM JPEG, ENTRE EM CONTATO CONOSCO PELO WHATSAPP: 31-994716920<\/strong><\/p>\n<p style=\"text-align: center;\"><strong>MAIS INFORMA\u00c7\u00d5ES E COMPRA PELO PIX, ENTRE EM CONTATO CONOSCO: 31-994716920. PIX: 31-994716920 (Eduardo de Sousa)<\/strong><\/p>\n<p style=\"text-align: center;\"><strong>ENVIO DO MATERIAL: EM AT\u00c9 1 (UM) DIA \u00daTIL, AP\u00d3S A CONFIRMA\u00c7\u00c3O DO PAGAMENTO<\/strong>\u00a0<strong>(SER\u00c1 ENVIADO UM LINK DO GOOGLE DRIVE NO E-MAIL INFORMADO NO ATO DA COMPRA PARA O DOWNLOAD DA APOSTILA).<\/strong><\/p>\n","protected":false},"featured_media":21513,"comment_status":"open","ping_status":"closed","template":"","meta":[],"product_brand":[],"product_cat":[152],"product_tag":[128,31,32,34,169,35,132],"class_list":{"0":"post-13291","1":"product","2":"type-product","3":"status-publish","4":"has-post-thumbnail","6":"product_cat-plano-de-curso","7":"product_tag-atividades-adaptadas","8":"product_tag-atividades-ludicas","9":"product_tag-caca-palavras","10":"product_tag-cruzadinhas","11":"product_tag-curriculo-mg-2024","12":"product_tag-ensino-medio","13":"product_tag-questoes-abertas","15":"first","16":"instock","17":"sale","18":"virtual","19":"taxable","20":"purchasable","21":"product-type-simple"},"_links":{"self":[{"href":"https:\/\/cacapalavrasdidaticos.com.br\/site\/wp-json\/wp\/v2\/product\/13291","targetHints":{"allow":["GET"]}}],"collection":[{"href":"https:\/\/cacapalavrasdidaticos.com.br\/site\/wp-json\/wp\/v2\/product"}],"about":[{"href":"https:\/\/cacapalavrasdidaticos.com.br\/site\/wp-json\/wp\/v2\/types\/product"}],"replies":[{"embeddable":true,"href":"https:\/\/cacapalavrasdidaticos.com.br\/site\/wp-json\/wp\/v2\/comments?post=13291"}],"wp:featuredmedia":[{"embeddable":true,"href":"https:\/\/cacapalavrasdidaticos.com.br\/site\/wp-json\/wp\/v2\/media\/21513"}],"wp:attachment":[{"href":"https:\/\/cacapalavrasdidaticos.com.br\/site\/wp-json\/wp\/v2\/media?parent=13291"}],"wp:term":[{"taxonomy":"product_brand","embeddable":true,"href":"https:\/\/cacapalavrasdidaticos.com.br\/site\/wp-json\/wp\/v2\/product_brand?post=13291"},{"taxonomy":"product_cat","embeddable":true,"href":"https:\/\/cacapalavrasdidaticos.com.br\/site\/wp-json\/wp\/v2\/product_cat?post=13291"},{"taxonomy":"product_tag","embeddable":true,"href":"https:\/\/cacapalavrasdidaticos.com.br\/site\/wp-json\/wp\/v2\/product_tag?post=13291"}],"curies":[{"name":"wp","href":"https:\/\/api.w.org\/{rel}","templated":true}]}}