{"id":13176,"date":"2024-09-06T23:36:42","date_gmt":"2024-09-07T02:36:42","guid":{"rendered":"https:\/\/cacapalavrasdidaticos.com.br\/site\/?post_type=product&#038;p=13176"},"modified":"2025-12-01T08:46:46","modified_gmt":"2025-12-01T11:46:46","slug":"africa-reconhecer-e-ressignificar-eletiva-anual","status":"publish","type":"product","link":"https:\/\/cacapalavrasdidaticos.com.br\/site\/produto\/africa-reconhecer-e-ressignificar-eletiva-anual\/","title":{"rendered":"\u00c1FRICA: (RE)CONHECER E RESSIGNIFICAR &#8211; ELETIVA ANUAL"},"content":{"rendered":"","protected":false},"excerpt":{"rendered":"<p style=\"margin: 0cm;\">Esta apostila conta com <strong>10<\/strong> temas para a Eletiva anual sobre <strong>\u00c1FRICA: (RE)CONHECER E RESSIGNIFICAR<\/strong>.<\/p>\n<p style=\"margin: 0cm;\"><strong>59 P\u00c1GINAS<\/strong><\/p>\n<p><strong>O material cont\u00e9m:<\/strong><\/p>\n<ul>\n<li>Mapas mentais;<\/li>\n<li>Ca\u00e7a-palavras;<\/li>\n<li>Quest\u00f5es abertas de acordo com os mapas mentais;<\/li>\n<li>Cruzadinhas;<\/li>\n<li>Criptogramas;<\/li>\n<li>Gabaritos.<\/li>\n<\/ul>\n<p>&nbsp;<\/p>\n<p style=\"text-align: center;\"><strong>AVISO IMPORTANTE:<\/strong><\/p>\n<p style=\"text-align: center;\"><strong>AS APOSTILAS S\u00c3O ENVIADAS EM FORMATO PDF NO EMAIL CADASTRADO NO ATO DA COMPRA. CASO QUEIRA O MATERIAL EM FORMATO IMAGEM JPEG, ENTRE EM CONTATO CONOSCO PELO WHATSAPP: 31-994716920<\/strong><\/p>\n<p style=\"text-align: center;\"><strong>MAIS INFORMA\u00c7\u00d5ES E COMPRA PELO PIX, ENTRE EM CONTATO CONOSCO: 31-994716920. PIX: 31-994716920 (Eduardo de Sousa)<\/strong><\/p>\n<p style=\"text-align: center;\"><strong>ENVIO DO MATERIAL: EM AT\u00c9 1 (UM) DIA \u00daTIL, AP\u00d3S A CONFIRMA\u00c7\u00c3O DO PAGAMENTO<\/strong>\u00a0<strong>(SER\u00c1 ENVIADO UM LINK DO GOOGLE DRIVE NO E-MAIL INFORMADO NO ATO DA COMPRA PARA O DOWNLOAD DA APOSTILA).<\/strong><\/p>\n","protected":false},"featured_media":13177,"comment_status":"open","ping_status":"closed","template":"","meta":[],"product_brand":[],"product_cat":[152,159,153,23],"product_tag":[128,31,32,33,34,169,35,37,132],"class_list":{"0":"post-13176","1":"product","2":"type-product","3":"status-publish","4":"has-post-thumbnail","6":"product_cat-plano-de-curso","7":"product_cat-eletivas","8":"product_cat-geografia","9":"product_cat-historia","10":"product_tag-atividades-adaptadas","11":"product_tag-atividades-ludicas","12":"product_tag-caca-palavras","13":"product_tag-criptogramas","14":"product_tag-cruzadinhas","15":"product_tag-curriculo-mg-2024","16":"product_tag-ensino-medio","17":"product_tag-mapas-mentais","18":"product_tag-questoes-abertas","20":"first","21":"instock","22":"virtual","23":"taxable","24":"purchasable","25":"product-type-simple"},"_links":{"self":[{"href":"https:\/\/cacapalavrasdidaticos.com.br\/site\/wp-json\/wp\/v2\/product\/13176","targetHints":{"allow":["GET"]}}],"collection":[{"href":"https:\/\/cacapalavrasdidaticos.com.br\/site\/wp-json\/wp\/v2\/product"}],"about":[{"href":"https:\/\/cacapalavrasdidaticos.com.br\/site\/wp-json\/wp\/v2\/types\/product"}],"replies":[{"embeddable":true,"href":"https:\/\/cacapalavrasdidaticos.com.br\/site\/wp-json\/wp\/v2\/comments?post=13176"}],"wp:featuredmedia":[{"embeddable":true,"href":"https:\/\/cacapalavrasdidaticos.com.br\/site\/wp-json\/wp\/v2\/media\/13177"}],"wp:attachment":[{"href":"https:\/\/cacapalavrasdidaticos.com.br\/site\/wp-json\/wp\/v2\/media?parent=13176"}],"wp:term":[{"taxonomy":"product_brand","embeddable":true,"href":"https:\/\/cacapalavrasdidaticos.com.br\/site\/wp-json\/wp\/v2\/product_brand?post=13176"},{"taxonomy":"product_cat","embeddable":true,"href":"https:\/\/cacapalavrasdidaticos.com.br\/site\/wp-json\/wp\/v2\/product_cat?post=13176"},{"taxonomy":"product_tag","embeddable":true,"href":"https:\/\/cacapalavrasdidaticos.com.br\/site\/wp-json\/wp\/v2\/product_tag?post=13176"}],"curies":[{"name":"wp","href":"https:\/\/api.w.org\/{rel}","templated":true}]}}