{"id":12905,"date":"2024-08-17T00:10:23","date_gmt":"2024-08-17T03:10:23","guid":{"rendered":"https:\/\/cacapalavrasdidaticos.com.br\/site\/?post_type=product&#038;p=12905"},"modified":"2026-02-02T08:13:20","modified_gmt":"2026-02-02T11:13:20","slug":"humanidades-e-ciencias-sociais-3o-ano-eja-1o-bimestre-plano-de-curso-de-minas-gerais-2024-proposta-1","status":"publish","type":"product","link":"https:\/\/cacapalavrasdidaticos.com.br\/site\/produto\/humanidades-e-ciencias-sociais-3o-ano-eja-1o-bimestre-plano-de-curso-de-minas-gerais-2024-proposta-1\/","title":{"rendered":"HUMANIDADES E CI\u00caNCIAS SOCIAIS &#8211; 3\u00ba ANO EJA: 1\u00ba BIMESTRE &#8211; PLANO DE CURSO DE MINAS GERAIS 2024: PROPOSTA 1"},"content":{"rendered":"","protected":false},"excerpt":{"rendered":"<p style=\"margin: 0cm;\">Esta apostila conta com <strong>6<\/strong> temas de <strong>HUMANIDADES E CI\u00caNCIAS SOCIAIS\u00a0 PARA O 3\u00ba ANO EJA &#8211; 1\u00ba BIMESTRE<\/strong><strong> &#8211; EDUCA\u00c7\u00c3O PARA OS OBJETIVOS DO DESENVOLVIMENTO SUSTENT\u00c1VEL &#8211; PLANO DE CURSO DE MINAS GERAIS 2024.\u00a0<\/strong><\/p>\n<p style=\"margin: 0cm;\"><strong>\u00a0<\/strong><\/p>\n<p style=\"margin: 0cm;\"><strong>39 P\u00c1GINAS<\/strong><\/p>\n<p><strong>\u00a0<\/strong><strong>O material cont\u00e9m:<\/strong><\/p>\n<ul>\n<li style=\"list-style-type: none;\">\n<ul>\n<li>Planejamentos bimestrais (1\u00ba e 2\u00ba bimestres);<\/li>\n<li>Mapas mentais;<\/li>\n<li>Ca\u00e7a-palavras;<\/li>\n<li>Atividades variadas relacionadas aos mapas mentais;<\/li>\n<li>Cruzadinhas;<\/li>\n<li>Criptogramas;<\/li>\n<li>Sugest\u00e3o de Avalia\u00e7\u00e3o bimestral;<\/li>\n<li>Gabaritos.<\/li>\n<\/ul>\n<\/li>\n<\/ul>\n","protected":false},"featured_media":12914,"comment_status":"open","ping_status":"closed","template":"","meta":[],"product_brand":[],"product_cat":[152,166,159],"product_tag":[133,128,31,32,129,33,34,169,35,37,132],"class_list":{"0":"post-12905","1":"product","2":"type-product","3":"status-publish","4":"has-post-thumbnail","6":"product_cat-plano-de-curso","7":"product_cat-humanidades-e-ciencias-sociais-mg-ensinomedio","8":"product_cat-eletivas","9":"product_tag-2o-bimestre","10":"product_tag-atividades-adaptadas","11":"product_tag-atividades-ludicas","12":"product_tag-caca-palavras","13":"product_tag-ciencias-sociais","14":"product_tag-criptogramas","15":"product_tag-cruzadinhas","16":"product_tag-curriculo-mg-2024","17":"product_tag-ensino-medio","18":"product_tag-mapas-mentais","19":"product_tag-questoes-abertas","21":"first","22":"instock","23":"virtual","24":"taxable","25":"purchasable","26":"product-type-simple"},"_links":{"self":[{"href":"https:\/\/cacapalavrasdidaticos.com.br\/site\/wp-json\/wp\/v2\/product\/12905","targetHints":{"allow":["GET"]}}],"collection":[{"href":"https:\/\/cacapalavrasdidaticos.com.br\/site\/wp-json\/wp\/v2\/product"}],"about":[{"href":"https:\/\/cacapalavrasdidaticos.com.br\/site\/wp-json\/wp\/v2\/types\/product"}],"replies":[{"embeddable":true,"href":"https:\/\/cacapalavrasdidaticos.com.br\/site\/wp-json\/wp\/v2\/comments?post=12905"}],"wp:featuredmedia":[{"embeddable":true,"href":"https:\/\/cacapalavrasdidaticos.com.br\/site\/wp-json\/wp\/v2\/media\/12914"}],"wp:attachment":[{"href":"https:\/\/cacapalavrasdidaticos.com.br\/site\/wp-json\/wp\/v2\/media?parent=12905"}],"wp:term":[{"taxonomy":"product_brand","embeddable":true,"href":"https:\/\/cacapalavrasdidaticos.com.br\/site\/wp-json\/wp\/v2\/product_brand?post=12905"},{"taxonomy":"product_cat","embeddable":true,"href":"https:\/\/cacapalavrasdidaticos.com.br\/site\/wp-json\/wp\/v2\/product_cat?post=12905"},{"taxonomy":"product_tag","embeddable":true,"href":"https:\/\/cacapalavrasdidaticos.com.br\/site\/wp-json\/wp\/v2\/product_tag?post=12905"}],"curies":[{"name":"wp","href":"https:\/\/api.w.org\/{rel}","templated":true}]}}