{"id":12852,"date":"2024-08-13T21:14:23","date_gmt":"2024-08-14T00:14:23","guid":{"rendered":"https:\/\/cacapalavrasdidaticos.com.br\/site\/?post_type=product&#038;p=12852"},"modified":"2025-12-01T00:36:16","modified_gmt":"2025-12-01T03:36:16","slug":"praticas-comunicativas-e-criativas-1o-ano-eja-ensino-medio-1o-bimestre-plano-de-curso-de-minas-gerais-2024","status":"publish","type":"product","link":"https:\/\/cacapalavrasdidaticos.com.br\/site\/produto\/praticas-comunicativas-e-criativas-1o-ano-eja-ensino-medio-1o-bimestre-plano-de-curso-de-minas-gerais-2024\/","title":{"rendered":"PR\u00c1TICAS COMUNICATIVAS E CRIATIVAS 1\u00ba ANO EJA- ENSINO M\u00c9DIO: 1\u00ba BIMESTRE &#8211; PLANO DE CURSO DE MINAS GERAIS 2024"},"content":{"rendered":"","protected":false},"excerpt":{"rendered":"<p style=\"margin: 0cm;\">Esta apostila conta com <strong>10<\/strong>\u00a0temas para o Itiner\u00e1rio Formativo de <strong>PR\u00c1TICAS COMUNICATIVAS E CRIATIVAS<\/strong><strong>\u00a0<\/strong><strong>&#8211;<\/strong><strong> 1\u00ba ANO EJA: 1\u00ba BIMESTRE<\/strong><strong> &#8211; PLANO DE CURSO DE MINAS GERAIS 2024.\u00a0<\/strong><\/p>\n<p>&nbsp;<\/p>\n<p style=\"margin: 0cm;\"><strong>57 P\u00c1GINAS<\/strong><\/p>\n<p><strong>\u00a0<\/strong><strong>O material cont\u00e9m:<\/strong><\/p>\n<ul>\n<li>Mapas mentais;<\/li>\n<li>Ca\u00e7a-palavras;<\/li>\n<li>Quest\u00f5es abertas de acordo com os mapas mentais;<\/li>\n<li>Cruzadinhas;<\/li>\n<li>Gabaritos.<\/li>\n<\/ul>\n<p>&nbsp;<\/p>\n<p style=\"text-align: center;\"><strong>AVISO IMPORTANTE:<\/strong><\/p>\n<p style=\"text-align: center;\"><strong>AS APOSTILAS S\u00c3O ENVIADAS EM FORMATO PDF NO EMAIL CADASTRADO NO ATO DA COMPRA. CASO QUEIRA O MATERIAL EM FORMATO IMAGEM JPEG, ENTRE EM CONTATO CONOSCO PELO WHATSAPP: 31-994716920<\/strong><\/p>\n<p style=\"text-align: center;\"><strong>MAIS INFORMA\u00c7\u00d5ES E COMPRA PELO PIX, ENTRE EM CONTATO CONOSCO: 31-994716920. PIX: 31-994716920 (Eduardo de Sousa)<\/strong><\/p>\n<p style=\"text-align: center;\"><strong>ENVIO DO MATERIAL: EM AT\u00c9 1 (UM) DIA \u00daTIL, AP\u00d3S A CONFIRMA\u00c7\u00c3O DO PAGAMENTO<\/strong>\u00a0<strong>(SER\u00c1 ENVIADO UM LINK DO GOOGLE DRIVE NO E-MAIL INFORMADO NO ATO DA COMPRA PARA O DOWNLOAD DA APOSTILA).<\/strong><\/p>\n","protected":false},"featured_media":12853,"comment_status":"open","ping_status":"closed","template":"","meta":[],"product_brand":[],"product_cat":[152],"product_tag":[128,31,32,129,33,34,169,35,131,37,132],"class_list":{"0":"post-12852","1":"product","2":"type-product","3":"status-publish","4":"has-post-thumbnail","6":"product_cat-plano-de-curso","7":"product_tag-atividades-adaptadas","8":"product_tag-atividades-ludicas","9":"product_tag-caca-palavras","10":"product_tag-ciencias-sociais","11":"product_tag-criptogramas","12":"product_tag-cruzadinhas","13":"product_tag-curriculo-mg-2024","14":"product_tag-ensino-medio","15":"product_tag-humanidades","16":"product_tag-mapas-mentais","17":"product_tag-questoes-abertas","19":"first","20":"instock","21":"virtual","22":"taxable","23":"purchasable","24":"product-type-simple"},"_links":{"self":[{"href":"https:\/\/cacapalavrasdidaticos.com.br\/site\/wp-json\/wp\/v2\/product\/12852","targetHints":{"allow":["GET"]}}],"collection":[{"href":"https:\/\/cacapalavrasdidaticos.com.br\/site\/wp-json\/wp\/v2\/product"}],"about":[{"href":"https:\/\/cacapalavrasdidaticos.com.br\/site\/wp-json\/wp\/v2\/types\/product"}],"replies":[{"embeddable":true,"href":"https:\/\/cacapalavrasdidaticos.com.br\/site\/wp-json\/wp\/v2\/comments?post=12852"}],"wp:featuredmedia":[{"embeddable":true,"href":"https:\/\/cacapalavrasdidaticos.com.br\/site\/wp-json\/wp\/v2\/media\/12853"}],"wp:attachment":[{"href":"https:\/\/cacapalavrasdidaticos.com.br\/site\/wp-json\/wp\/v2\/media?parent=12852"}],"wp:term":[{"taxonomy":"product_brand","embeddable":true,"href":"https:\/\/cacapalavrasdidaticos.com.br\/site\/wp-json\/wp\/v2\/product_brand?post=12852"},{"taxonomy":"product_cat","embeddable":true,"href":"https:\/\/cacapalavrasdidaticos.com.br\/site\/wp-json\/wp\/v2\/product_cat?post=12852"},{"taxonomy":"product_tag","embeddable":true,"href":"https:\/\/cacapalavrasdidaticos.com.br\/site\/wp-json\/wp\/v2\/product_tag?post=12852"}],"curies":[{"name":"wp","href":"https:\/\/api.w.org\/{rel}","templated":true}]}}