{"id":12251,"date":"2024-07-10T23:39:38","date_gmt":"2024-07-11T02:39:38","guid":{"rendered":"https:\/\/cacapalavrasdidaticos.com.br\/site\/?post_type=product&#038;p=12251"},"modified":"2025-09-23T23:58:24","modified_gmt":"2025-09-24T02:58:24","slug":"upgrade-2023-para-2024-atividades-de-historia-6o-ao-9o-ano-3o-bimestre","status":"publish","type":"product","link":"https:\/\/cacapalavrasdidaticos.com.br\/site\/produto\/upgrade-2023-para-2024-atividades-de-historia-6o-ao-9o-ano-3o-bimestre\/","title":{"rendered":"UPGRADE \u2013 2023 PARA 2024: ATIVIDADES DE HIST\u00d3RIA \u2013 6\u00ba AO 9\u00ba ANO (3\u00ba BIMESTRE)"},"content":{"rendered":"","protected":false},"excerpt":{"rendered":"<p><strong>ESTE COMBO \u00c9 APENAS PARA AQUELES PROFESSORES QUE ADQUIRIRAM A 1\u00aa EDI\u00c7\u00c3O DAS APOSTILAS DO 3\u00ba BIMESTRE.\u00a0 AO COMPRAR ESTE COMBO, TE ENVIAREMOS AS 4 APOSTILAS REFERENTES A 2\u00aa EDI\u00c7\u00c3O DE HIST\u00d3RIA PARA O 3\u00ba BIMESTRE, VERS\u00c3O 2024. Em cada uma das apostilas voc\u00ea encontrar\u00e1:<\/strong><\/p>\n<ul>\n<li><strong>Planejamentos bimestrais e habilidades BNCC com descri\u00e7\u00e3o;<\/strong><\/li>\n<li><strong>Mapas mentais e textos;<\/strong><\/li>\n<li><strong>Ca\u00e7a-palavras;<\/strong><\/li>\n<li><strong>Estudos dirigidos com textos para completar e m\u00e9dia de 7 quest\u00f5es abertas por apostila;\u00a0<\/strong><\/li>\n<li><strong>Cruzadinhas;<\/strong><\/li>\n<li><strong>Quest\u00f5es com 2 criptogramas;<\/strong><\/li>\n<li><strong>Imagens para colorir;<\/strong><\/li>\n<li><strong>Duas op\u00e7\u00f5es de avalia\u00e7\u00f5es bimestrais (m\u00e9dia de 15 quest\u00f5es por prova);<\/strong><\/li>\n<li><strong>Gabaritos de todas as atividades.<\/strong><\/li>\n<\/ul>\n<p>&nbsp;<\/p>\n<p><strong>P\u00c1GINAS POR APOSTILA: 6\u00ba ano (84); 7\u00ba ano (83); 8\u00ba ano(87); 9\u00ba ano (103).<\/strong><\/p>\n<p>&nbsp;<\/p>\n<p>Delicie-se e leve para a sua sala de aula mais essa experi\u00eancia l\u00fadica e did\u00e1tica.<\/p>\n<p>&nbsp;<\/p>\n<p style=\"text-align: center;\"><strong>AVISO IMPORTANTE:<\/strong><\/p>\n<p style=\"text-align: center;\"><strong>AS APOSTILAS S\u00c3O ENVIADAS EM FORMATO PDF NO EMAIL CADASTRADO NO ATO DA COMPRA. CASO QUEIRA O MATERIAL EM FORMATO IMAGEM JPEG, ENTRE EM CONTATO CONOSCO PELO WHATSAPP: 31-994716920<\/strong><\/p>\n<p style=\"text-align: center;\"><strong>MAIS INFORMA\u00c7\u00d5ES E COMPRA PELO PIX: 31-994716920 (Eduardo de Sousa)<\/strong><\/p>\n<p style=\"text-align: center;\"><strong>ENVIO DO MATERIAL: EM AT\u00c9 1 (UM) DIA \u00daTIL, AP\u00d3S A CONFIRMA\u00c7\u00c3O DO PAGAMENTO<\/strong>\u00a0<strong>(SER\u00c1 ENVIADO UM LINK DO GOOGLE DRIVE NO E-MAIL INFORMADO NO ATO DA COMPRA PARA O DOWNLOAD DA APOSTILA).<\/strong><\/p>\n","protected":false},"featured_media":12284,"comment_status":"open","ping_status":"closed","template":"","meta":[],"product_brand":[],"product_cat":[23],"product_tag":[31,101,32,33,34,114,86,36,37],"class_list":{"0":"post-12251","1":"product","2":"type-product","3":"status-publish","4":"has-post-thumbnail","6":"product_cat-historia","7":"product_tag-atividades-ludicas","8":"product_tag-bncc","9":"product_tag-caca-palavras","10":"product_tag-criptogramas","11":"product_tag-cruzadinhas","12":"product_tag-ensino-fundamental-2","13":"product_tag-historia","14":"product_tag-mapas-conceituais","15":"product_tag-mapas-mentais","17":"first","18":"outofstock","19":"sale","20":"virtual","21":"taxable","22":"purchasable","23":"product-type-simple"},"_links":{"self":[{"href":"https:\/\/cacapalavrasdidaticos.com.br\/site\/wp-json\/wp\/v2\/product\/12251","targetHints":{"allow":["GET"]}}],"collection":[{"href":"https:\/\/cacapalavrasdidaticos.com.br\/site\/wp-json\/wp\/v2\/product"}],"about":[{"href":"https:\/\/cacapalavrasdidaticos.com.br\/site\/wp-json\/wp\/v2\/types\/product"}],"replies":[{"embeddable":true,"href":"https:\/\/cacapalavrasdidaticos.com.br\/site\/wp-json\/wp\/v2\/comments?post=12251"}],"wp:featuredmedia":[{"embeddable":true,"href":"https:\/\/cacapalavrasdidaticos.com.br\/site\/wp-json\/wp\/v2\/media\/12284"}],"wp:attachment":[{"href":"https:\/\/cacapalavrasdidaticos.com.br\/site\/wp-json\/wp\/v2\/media?parent=12251"}],"wp:term":[{"taxonomy":"product_brand","embeddable":true,"href":"https:\/\/cacapalavrasdidaticos.com.br\/site\/wp-json\/wp\/v2\/product_brand?post=12251"},{"taxonomy":"product_cat","embeddable":true,"href":"https:\/\/cacapalavrasdidaticos.com.br\/site\/wp-json\/wp\/v2\/product_cat?post=12251"},{"taxonomy":"product_tag","embeddable":true,"href":"https:\/\/cacapalavrasdidaticos.com.br\/site\/wp-json\/wp\/v2\/product_tag?post=12251"}],"curies":[{"name":"wp","href":"https:\/\/api.w.org\/{rel}","templated":true}]}}