{"id":7827,"date":"2023-08-16T21:15:26","date_gmt":"2023-08-17T00:15:26","guid":{"rendered":"https:\/\/cacapalavrasdidaticos.com.br\/novo\/?post_type=product&#038;p=7827"},"modified":"2025-01-21T12:39:07","modified_gmt":"2025-01-21T15:39:07","slug":"apostila-de-atividades-de-ensino-religioso-9o-ano-ensino-fundamental-2-pdf-e-imagem","status":"publish","type":"product","link":"https:\/\/cacapalavrasdidaticos.com.br\/novo\/produto\/apostila-de-atividades-de-ensino-religioso-9o-ano-ensino-fundamental-2-pdf-e-imagem\/","title":{"rendered":"APOSTILA DE ATIVIDADES DE ENSINO RELIGIOSO 9\u00ba ANO &#8211; ENSINO FUNDAMENTAL 2 (PDF E IMAGEM)"},"content":{"rendered":"","protected":false},"excerpt":{"rendered":"<p>Esta apostila \u00e9 do componente curricular de ENSINO RELIGIOSO para o 9\u00ba ANO e conta com 31 MAPAS MENTAIS, COM CA\u00c7A PALAVRAS, CRUZADINHAS E ATIVIDADES DIVERSAS RELACIONADAS A CADA TEMA. As atividades foram elaboradas e organizados com foco nas Unidades Tem\u00e1ticas, Objetos de Conhecimento e Habilidades presentes na BNCC (Base Nacional Comum Curricular) e tamb\u00e9m visando o ENEM (Exame Nacional do Ensino M\u00e9dio).<\/p>\n<p>Delicie se e leve para a sua sala de aula mais essa experi\u00eancia l\u00fadica e did\u00e1tica.<\/p>\n<p style=\"text-align: center;\"><strong>AVISO IMPORTANTE<\/strong><\/p>\n<p><strong>AS APOSTILAS S\u00c3O ENVIADAS EM FORMATO PDF E IMAGEM, NO EMAIL CADASTRADO NO ATO DA COMPRA.<\/strong><\/p>\n<p><strong>CASO QUEIRA O MATERIAL EM FORMATO IMAGEM JPEG, IDEAL PARA COMPARTILHAR CA\u00c7A-PALAVRAS INDIVIDUAIS COM OS SEUS ALUNOS E PREPARAR OUTRAS ATIVIDADES (ENTRE EM CONTATO CONOSCO: 31-994716920 OU FA\u00c7A UM PIX: eduardomenandes@gmail.com)<\/strong><\/p>\n<p><strong>ENVIO DO MATERIAL: EM AT\u00c9 2 (DOIS) DIAS \u00daTEIS, AP\u00d3S A CONFIRMA\u00c7\u00c3O DO PAGAMENTO<\/strong>\u00a0<strong>(SER\u00c1 ENVIADO UM LINK DO GOOGLE DRIVE NO E-MAIL INFORMADO NO ATO DA COMPRA PARA O DOWNLOAD DA APOSTILA).\u00a0<\/strong><\/p>\n<p>&nbsp;<\/p>\n","protected":false},"featured_media":8606,"comment_status":"closed","ping_status":"closed","template":"","meta":[],"product_brand":[],"product_cat":[151],"product_tag":[31,32,33,34,65,37,66],"class_list":{"0":"post-7827","1":"product","2":"type-product","3":"status-publish","4":"has-post-thumbnail","6":"product_cat-ension-religioso","7":"product_tag-atividades-ludicas","8":"product_tag-caca-palavras","9":"product_tag-criptogramas","10":"product_tag-cruzadinhas","11":"product_tag-ensino-religioso","12":"product_tag-mapas-mentais","13":"product_tag-religioes","15":"first","16":"instock","17":"downloadable","18":"taxable","19":"shipping-taxable","20":"purchasable","21":"product-type-simple"},"_links":{"self":[{"href":"https:\/\/cacapalavrasdidaticos.com.br\/novo\/wp-json\/wp\/v2\/product\/7827","targetHints":{"allow":["GET"]}}],"collection":[{"href":"https:\/\/cacapalavrasdidaticos.com.br\/novo\/wp-json\/wp\/v2\/product"}],"about":[{"href":"https:\/\/cacapalavrasdidaticos.com.br\/novo\/wp-json\/wp\/v2\/types\/product"}],"replies":[{"embeddable":true,"href":"https:\/\/cacapalavrasdidaticos.com.br\/novo\/wp-json\/wp\/v2\/comments?post=7827"}],"wp:featuredmedia":[{"embeddable":true,"href":"https:\/\/cacapalavrasdidaticos.com.br\/novo\/wp-json\/wp\/v2\/media\/8606"}],"wp:attachment":[{"href":"https:\/\/cacapalavrasdidaticos.com.br\/novo\/wp-json\/wp\/v2\/media?parent=7827"}],"wp:term":[{"taxonomy":"product_brand","embeddable":true,"href":"https:\/\/cacapalavrasdidaticos.com.br\/novo\/wp-json\/wp\/v2\/product_brand?post=7827"},{"taxonomy":"product_cat","embeddable":true,"href":"https:\/\/cacapalavrasdidaticos.com.br\/novo\/wp-json\/wp\/v2\/product_cat?post=7827"},{"taxonomy":"product_tag","embeddable":true,"href":"https:\/\/cacapalavrasdidaticos.com.br\/novo\/wp-json\/wp\/v2\/product_tag?post=7827"}],"curies":[{"name":"wp","href":"https:\/\/api.w.org\/{rel}","templated":true}]}}