{"id":7802,"date":"2023-08-16T21:15:07","date_gmt":"2023-08-17T00:15:07","guid":{"rendered":"https:\/\/cacapalavrasdidaticos.com.br\/novo\/?post_type=product&#038;p=7802"},"modified":"2025-01-17T22:08:55","modified_gmt":"2025-01-18T01:08:55","slug":"a-fantastica-apostila-da-ucrania-para-ciencias-humanas-pdf","status":"publish","type":"product","link":"https:\/\/cacapalavrasdidaticos.com.br\/novo\/produto\/a-fantastica-apostila-da-ucrania-para-ciencias-humanas-pdf\/","title":{"rendered":"A FANT\u00c1STICA APOSTILA DA UCR\u00c2NIA PARA CI\u00caNCIAS HUMANAS &#8211; PDF"},"content":{"rendered":"","protected":false},"excerpt":{"rendered":"<p>Esta apostila \u00e9 do componente curricular de <strong>CI\u00caNCIAS HUMANAS<\/strong> e conta com atividades foram elaboradas e organizados com foco no estudo da <strong>Guerra entre R\u00fassia e Ucr\u00e2nia. <\/strong><\/p>\n<p>Nas pr\u00f3ximas semanas lan\u00e7aremos o volume 2, nesta unidade abordaremos mais assuntos relacionados ao conflito, sobre o Leste Europeu, Guerra Fria, etc. Delicie-se e leve para a sua sala de aula mais essa experi\u00eancia l\u00fadica e did\u00e1tica.<\/p>\n<p>Este volume cont\u00e9m:<\/p>\n<ul>\n<li><strong>Hist\u00f3ria da Ucr\u00e2nia<\/strong><\/li>\n<li><strong>Exerc\u00edcios de fixa\u00e7\u00e3o<\/strong><\/li>\n<li><strong>Mapas Mentais<\/strong><\/li>\n<li><strong>Ca\u00e7a-palavras<\/strong><\/li>\n<li><strong>Criptogramas<\/strong><\/li>\n<li><strong>Cruzadinhas<\/strong><\/li>\n<li><strong>Mapas in\u00e9ditos<\/strong><\/li>\n<li><strong>Gabaritos de todas as atividades<\/strong><\/li>\n<\/ul>\n<p style=\"text-align: center;\"><strong>AVISO IMPORTANTE:<\/strong><\/p>\n<p style=\"text-align: center;\"><strong>AS APOSTILAS S\u00c3O ENVIADAS EM FORMATO PDF NO EMAIL CADASTRADO NO ATO DA COMPRA. CASO QUEIRA O MATERIAL EM FORMATO IMAGEM JPEG, ENTRE EM CONTATO CONOSCO PELO WHATSAPP: 31-994716920<\/strong><\/p>\n<p style=\"text-align: center;\"><strong>MAIS INFORMA\u00c7\u00d5ES E COMPRA PELO PIX, EM CONTATO CONOSCO: 31-994716920. PIX: 31-994716920 (Eduardo de Sousa)<\/strong><\/p>\n<p style=\"text-align: center;\"><strong>ENVIO DO MATERIAL: EM AT\u00c9 1 (UM) DIA \u00daTIL, AP\u00d3S A CONFIRMA\u00c7\u00c3O DO PAGAMENTO<\/strong>\u00a0<strong>(SER\u00c1 ENVIADO UM LINK DO GOOGLE DRIVE NO E-MAIL INFORMADO NO ATO DA COMPRA PARA O DOWNLOAD DA APOSTILA).<\/strong><\/p>\n","protected":false},"featured_media":8432,"comment_status":"closed","ping_status":"closed","template":"","meta":[],"product_brand":[],"product_cat":[153,23],"product_tag":[68,26,69,70,71,72,38,73],"class_list":{"0":"post-7802","1":"product","2":"type-product","3":"status-publish","4":"has-post-thumbnail","6":"product_cat-geografia","7":"product_cat-historia","8":"product_tag-atualidades","9":"product_tag-filosofia","10":"product_tag-geopolitica","11":"product_tag-guerra","12":"product_tag-guerra-fria","13":"product_tag-russia","14":"product_tag-sociologia","15":"product_tag-ucrania","17":"first","18":"instock","19":"virtual","20":"taxable","21":"purchasable","22":"product-type-simple"},"_links":{"self":[{"href":"https:\/\/cacapalavrasdidaticos.com.br\/novo\/wp-json\/wp\/v2\/product\/7802","targetHints":{"allow":["GET"]}}],"collection":[{"href":"https:\/\/cacapalavrasdidaticos.com.br\/novo\/wp-json\/wp\/v2\/product"}],"about":[{"href":"https:\/\/cacapalavrasdidaticos.com.br\/novo\/wp-json\/wp\/v2\/types\/product"}],"replies":[{"embeddable":true,"href":"https:\/\/cacapalavrasdidaticos.com.br\/novo\/wp-json\/wp\/v2\/comments?post=7802"}],"wp:featuredmedia":[{"embeddable":true,"href":"https:\/\/cacapalavrasdidaticos.com.br\/novo\/wp-json\/wp\/v2\/media\/8432"}],"wp:attachment":[{"href":"https:\/\/cacapalavrasdidaticos.com.br\/novo\/wp-json\/wp\/v2\/media?parent=7802"}],"wp:term":[{"taxonomy":"product_brand","embeddable":true,"href":"https:\/\/cacapalavrasdidaticos.com.br\/novo\/wp-json\/wp\/v2\/product_brand?post=7802"},{"taxonomy":"product_cat","embeddable":true,"href":"https:\/\/cacapalavrasdidaticos.com.br\/novo\/wp-json\/wp\/v2\/product_cat?post=7802"},{"taxonomy":"product_tag","embeddable":true,"href":"https:\/\/cacapalavrasdidaticos.com.br\/novo\/wp-json\/wp\/v2\/product_tag?post=7802"}],"curies":[{"name":"wp","href":"https:\/\/api.w.org\/{rel}","templated":true}]}}