{"id":7765,"date":"2023-08-16T21:14:52","date_gmt":"2023-08-17T00:14:52","guid":{"rendered":"https:\/\/cacapalavrasdidaticos.com.br\/novo\/?post_type=product&#038;p=7765"},"modified":"2025-01-29T16:07:27","modified_gmt":"2025-01-29T19:07:27","slug":"apostila-de-biologia-2o-ano-ensino-medio_volume-1-caca-palavras-cruzadinhas-mapas-mentais-e-atividades-pdf-e-imagem","status":"publish","type":"product","link":"https:\/\/cacapalavrasdidaticos.com.br\/novo\/produto\/apostila-de-biologia-2o-ano-ensino-medio_volume-1-caca-palavras-cruzadinhas-mapas-mentais-e-atividades-pdf-e-imagem\/","title":{"rendered":"APOSTILA DE BIOLOGIA &#8211; 2\u00ba ANO ENSINO M\u00c9DIO_VOLUME 1 &#8211; CA\u00c7A-PALAVRAS, CRUZADINHAS, MAPAS MENTAIS E ATIVIDADES (PDF E IMAGEM)"},"content":{"rendered":"","protected":false},"excerpt":{"rendered":"<p style=\"text-align: left;\"><strong>Esta apostila \u00e9 do componente curricular BIOLOGIA e conta com 45<\/strong><strong>\u00a0ATIVIDADES, entre CA\u00c7A-PALAVRAS,\u00a0 CRUZADINHAS e EXERC\u00cdCIOS. Todas as atividades foram produzidas a partir de MAPAS MENTAIS, elaborados seguindo a sequ\u00eancia did\u00e1tica trabalhada em sala de aula.\u00a0<\/strong><\/p>\n<p style=\"text-align: left;\"><strong>Esta apostila de Ci\u00eancias da Natureza foi elaborada e organizada com foco nas Unidades Tem\u00e1ticas e Objetos de Conhecimento presentes na BNCC e em temas introdut\u00f3rios que os livros did\u00e1ticos aprovados no PNLD 2019\/2023 sugerem para os respectivos anos escolares. \u00a0Ressaltamos que ela tamb\u00e9m tem foco no ENEM (Exame Nacional do Ensino M\u00e9dio).<\/strong><\/p>\n<p>&nbsp;<\/p>\n<p style=\"text-align: center;\"><strong>AVISO IMPORTANTE<\/strong><\/p>\n<p style=\"text-align: center;\"><strong>AS APOSTILAS S\u00c3O ENVIADAS EM FORMATO PDF E IMAGEM, NO EMAIL CADASTRADO NO ATO DA COMPRA.<\/strong><\/p>\n<p style=\"text-align: center;\"><strong>MAIS INFORMA\u00c7\u00d5ES E COMPRA PELO PIX, EM CONTATO CONOSCO: 31-994716920 . <\/strong><strong>PIX: 31-994716920 (Eduardo de Sousa)<\/strong><\/p>\n<p style=\"text-align: center;\"><strong>ENVIO DO MATERIAL: EM AT\u00c9 2 (DOIS) DIAS \u00daTEIS, AP\u00d3S A CONFIRMA\u00c7\u00c3O DO PAGAMENTO<\/strong>\u00a0<strong>(SER\u00c1 ENVIADO UM LINK DO GOOGLE DRIVE NO E-MAIL INFORMADO NO ATO DA COMPRA PARA O DOWNLOAD DA APOSTILA EM PDF E PASTA COM AS IMAGENS).\u00a0<\/strong><\/p>\n","protected":false},"featured_media":9063,"comment_status":"closed","ping_status":"closed","template":"","meta":[],"product_brand":[],"product_cat":[54],"product_tag":[],"class_list":{"0":"post-7765","1":"product","2":"type-product","3":"status-publish","4":"has-post-thumbnail","6":"product_cat-biologia","8":"first","9":"instock","10":"virtual","11":"taxable","12":"purchasable","13":"product-type-simple"},"_links":{"self":[{"href":"https:\/\/cacapalavrasdidaticos.com.br\/novo\/wp-json\/wp\/v2\/product\/7765","targetHints":{"allow":["GET"]}}],"collection":[{"href":"https:\/\/cacapalavrasdidaticos.com.br\/novo\/wp-json\/wp\/v2\/product"}],"about":[{"href":"https:\/\/cacapalavrasdidaticos.com.br\/novo\/wp-json\/wp\/v2\/types\/product"}],"replies":[{"embeddable":true,"href":"https:\/\/cacapalavrasdidaticos.com.br\/novo\/wp-json\/wp\/v2\/comments?post=7765"}],"wp:featuredmedia":[{"embeddable":true,"href":"https:\/\/cacapalavrasdidaticos.com.br\/novo\/wp-json\/wp\/v2\/media\/9063"}],"wp:attachment":[{"href":"https:\/\/cacapalavrasdidaticos.com.br\/novo\/wp-json\/wp\/v2\/media?parent=7765"}],"wp:term":[{"taxonomy":"product_brand","embeddable":true,"href":"https:\/\/cacapalavrasdidaticos.com.br\/novo\/wp-json\/wp\/v2\/product_brand?post=7765"},{"taxonomy":"product_cat","embeddable":true,"href":"https:\/\/cacapalavrasdidaticos.com.br\/novo\/wp-json\/wp\/v2\/product_cat?post=7765"},{"taxonomy":"product_tag","embeddable":true,"href":"https:\/\/cacapalavrasdidaticos.com.br\/novo\/wp-json\/wp\/v2\/product_tag?post=7765"}],"curies":[{"name":"wp","href":"https:\/\/api.w.org\/{rel}","templated":true}]}}