{"id":7678,"date":"2023-08-16T21:13:18","date_gmt":"2023-08-17T00:13:18","guid":{"rendered":"https:\/\/cacapalavrasdidaticos.com.br\/novo\/?post_type=product&#038;p=7678"},"modified":"2025-01-17T22:23:19","modified_gmt":"2025-01-18T01:23:19","slug":"apostila-de-atividades-do-ensino-fundamental-geografia-6o-ano-volume-2","status":"publish","type":"product","link":"https:\/\/cacapalavrasdidaticos.com.br\/novo\/produto\/apostila-de-atividades-do-ensino-fundamental-geografia-6o-ano-volume-2\/","title":{"rendered":"APOSTILA DE ATIVIDADES DO ENSINO FUNDAMENTAL &#8211; GEOGRAFIA &#8211; 6\u00ba ANO (VOLUME 2)"},"content":{"rendered":"","protected":false},"excerpt":{"rendered":"<p style=\"text-align: left;\">O projeto Geordenadas tem a honra de apresentar o volume 2 das Apostilas de Atividades para o Ensino Fundamental! A apostila do 6 \u00ba ano \u00e9 voltada para professores e alunos que querem inovar no ensino-aprendizagem de Geografia e conta com 33 assuntos abordados atrav\u00e9s de:<br \/>\n&#8211; Mapas Mentais;<br \/>\n&#8211; Ca\u00e7a-palavras;<br \/>\n&#8211; Criptogramas;<br \/>\n&#8211; Atividades variadas entre: Quest\u00f5es discursivas e objetivas, cruzadinhas, pintura e desenho.<br \/>\nNossas atividades s\u00e3o fruto de anos de pesquisa na t\u00e9cnica dos mapas mentais, ca\u00e7a-palavras e intelig\u00eancias m\u00faltiplas. No in\u00edcio da apostila, voc\u00ea ir\u00e1 se deparar com uma tabela atualizada da BNCC, relacionando cada material a seu objeto de conhecimento e habilidades relacionadas. Logo em seguida, voc\u00ea conhecer\u00e1 mais sobre as t\u00e9cnicas empregadas para desenvolver nosso projeto e poder\u00e1, enfim, ingressar no mundo Geordenadas, abordando novas formas de ensinar e aprender Geografia. Neste volume seu aluno ser\u00e1 incentivado a aprimorar a habilidade de escrever quest\u00f5es discursivas, al\u00e9m da coordena\u00e7\u00e3o motora na identifica\u00e7\u00e3o de imagens e treinar seu racioc\u00ednio e intelig\u00eancia espacial com as cruzadinhas, ca\u00e7a-palavras e os criptogramas.<br \/>\nConhe\u00e7a tamb\u00e9m nossos volumes 1 e 3 para o sexto ano!<\/p>\n[video width=\"640\" height=\"288\" mp4=\"https:\/\/cacapalavrasdidaticos.com.br\/wp-content\/uploads\/2021\/10\/WhatsApp-Video-2021-10-04-at-09.01.37.mp4\"][\/video]\n<p style=\"text-align: center;\"><strong>AVISO IMPORTANTE:<\/strong><\/p>\n<p style=\"text-align: center;\"><strong>AS APOSTILAS S\u00c3O ENVIADAS EM FORMATO PDF NO EMAIL CADASTRADO NO ATO DA COMPRA. CASO QUEIRA O MATERIAL EM FORMATO IMAGEM JPEG, ENTRE EM CONTATO CONOSCO PELO WHATSAPP: 31-994716920<\/strong><\/p>\n<p style=\"text-align: center;\"><strong>MAIS INFORMA\u00c7\u00d5ES E COMPRA PELO PIX, EM CONTATO CONOSCO: 31-994716920. PIX: 31-994716920 (Eduardo de Sousa)<\/strong><\/p>\n<p style=\"text-align: center;\"><strong>ENVIO DO MATERIAL: EM AT\u00c9 1 (UM) DIA \u00daTIL, AP\u00d3S A CONFIRMA\u00c7\u00c3O DO PAGAMENTO<\/strong>\u00a0<strong>(SER\u00c1 ENVIADO UM LINK DO GOOGLE DRIVE NO E-MAIL INFORMADO NO ATO DA COMPRA PARA O DOWNLOAD DA APOSTILA).<\/strong><\/p>\n","protected":false},"featured_media":7854,"comment_status":"open","ping_status":"closed","template":"","meta":[],"product_brand":[],"product_cat":[153],"product_tag":[],"class_list":{"0":"post-7678","1":"product","2":"type-product","3":"status-publish","4":"has-post-thumbnail","6":"product_cat-geografia","8":"first","9":"instock","10":"virtual","11":"taxable","12":"purchasable","13":"product-type-simple"},"_links":{"self":[{"href":"https:\/\/cacapalavrasdidaticos.com.br\/novo\/wp-json\/wp\/v2\/product\/7678","targetHints":{"allow":["GET"]}}],"collection":[{"href":"https:\/\/cacapalavrasdidaticos.com.br\/novo\/wp-json\/wp\/v2\/product"}],"about":[{"href":"https:\/\/cacapalavrasdidaticos.com.br\/novo\/wp-json\/wp\/v2\/types\/product"}],"replies":[{"embeddable":true,"href":"https:\/\/cacapalavrasdidaticos.com.br\/novo\/wp-json\/wp\/v2\/comments?post=7678"}],"wp:featuredmedia":[{"embeddable":true,"href":"https:\/\/cacapalavrasdidaticos.com.br\/novo\/wp-json\/wp\/v2\/media\/7854"}],"wp:attachment":[{"href":"https:\/\/cacapalavrasdidaticos.com.br\/novo\/wp-json\/wp\/v2\/media?parent=7678"}],"wp:term":[{"taxonomy":"product_brand","embeddable":true,"href":"https:\/\/cacapalavrasdidaticos.com.br\/novo\/wp-json\/wp\/v2\/product_brand?post=7678"},{"taxonomy":"product_cat","embeddable":true,"href":"https:\/\/cacapalavrasdidaticos.com.br\/novo\/wp-json\/wp\/v2\/product_cat?post=7678"},{"taxonomy":"product_tag","embeddable":true,"href":"https:\/\/cacapalavrasdidaticos.com.br\/novo\/wp-json\/wp\/v2\/product_tag?post=7678"}],"curies":[{"name":"wp","href":"https:\/\/api.w.org\/{rel}","templated":true}]}}