{"id":7675,"date":"2023-08-16T21:13:18","date_gmt":"2023-08-17T00:13:18","guid":{"rendered":"https:\/\/cacapalavrasdidaticos.com.br\/novo\/?post_type=product&#038;p=7675"},"modified":"2025-01-17T22:23:45","modified_gmt":"2025-01-18T01:23:45","slug":"apostila-de-atividades-de-geografia-4o-ano-volume-1","status":"publish","type":"product","link":"https:\/\/cacapalavrasdidaticos.com.br\/novo\/produto\/apostila-de-atividades-de-geografia-4o-ano-volume-1\/","title":{"rendered":"APOSTILA DE ATIVIDADES DE GEOGRAFIA &#8211; 4\u00ba ANO (VOLUME 1)"},"content":{"rendered":"","protected":false},"excerpt":{"rendered":"<p>Essa apostila compreende o componente curricular de Geografia &#8211; 4\u00ba ano do Ensino Fundamental 1.\u00a0 Abordaremos todos os principais conte\u00fados do componente curricular, de acordo com as habilidades da BNCC. Nesta apostila voc\u00ea encontrar\u00e1 50 p\u00e1ginas de atividades sobre as seguintes habilidades: Territ\u00f3rio e diversidade cultural, Processos migrat\u00f3rios do Brasil.<\/p>\n<p>Esta unidade cont\u00e9m\u00a0<strong>ca\u00e7a-palavras, cruzadinhas, atividades diversas relacionadas aos temas.<\/strong><\/p>\n<p>As atividades foram elaboradas e organizadas de modo a atender as premissas da Base Nacional Comum Curricular (BNCC), que est\u00e3o dispostas em Unidades Tem\u00e1ticas, Objetos de Conhecimentos e Habilidades. Por fim, espera- se que esse material possa contribuir para dinamiza\u00e7\u00e3o das aulas e na amplia\u00e7\u00e3o e agrega\u00e7\u00e3o de conhecimentos para os discentes.<\/p>\n<p style=\"text-align: center;\"><strong>AVISO IMPORTANTE:<\/strong><\/p>\n<p style=\"text-align: center;\"><strong>AS APOSTILAS S\u00c3O ENVIADAS EM FORMATO PDF NO EMAIL CADASTRADO NO ATO DA COMPRA. CASO QUEIRA O MATERIAL EM FORMATO IMAGEM JPEG, ENTRE EM CONTATO CONOSCO PELO WHATSAPP: 31-994716920<\/strong><\/p>\n<p style=\"text-align: center;\"><strong>MAIS INFORMA\u00c7\u00d5ES E COMPRA PELO PIX, EM CONTATO CONOSCO: 31-994716920. PIX: 31-994716920 (Eduardo de Sousa)<\/strong><\/p>\n<p style=\"text-align: center;\"><strong>ENVIO DO MATERIAL: EM AT\u00c9 1 (UM) DIA \u00daTIL, AP\u00d3S A CONFIRMA\u00c7\u00c3O DO PAGAMENTO<\/strong>\u00a0<strong>(SER\u00c1 ENVIADO UM LINK DO GOOGLE DRIVE NO E-MAIL INFORMADO NO ATO DA COMPRA PARA O DOWNLOAD DA APOSTILA).<\/strong><\/p>\n","protected":false},"featured_media":8937,"comment_status":"closed","ping_status":"closed","template":"","meta":[],"product_brand":[],"product_cat":[153],"product_tag":[],"class_list":{"0":"post-7675","1":"product","2":"type-product","3":"status-publish","4":"has-post-thumbnail","6":"product_cat-geografia","8":"first","9":"instock","10":"virtual","11":"taxable","12":"purchasable","13":"product-type-simple"},"_links":{"self":[{"href":"https:\/\/cacapalavrasdidaticos.com.br\/novo\/wp-json\/wp\/v2\/product\/7675","targetHints":{"allow":["GET"]}}],"collection":[{"href":"https:\/\/cacapalavrasdidaticos.com.br\/novo\/wp-json\/wp\/v2\/product"}],"about":[{"href":"https:\/\/cacapalavrasdidaticos.com.br\/novo\/wp-json\/wp\/v2\/types\/product"}],"replies":[{"embeddable":true,"href":"https:\/\/cacapalavrasdidaticos.com.br\/novo\/wp-json\/wp\/v2\/comments?post=7675"}],"wp:featuredmedia":[{"embeddable":true,"href":"https:\/\/cacapalavrasdidaticos.com.br\/novo\/wp-json\/wp\/v2\/media\/8937"}],"wp:attachment":[{"href":"https:\/\/cacapalavrasdidaticos.com.br\/novo\/wp-json\/wp\/v2\/media?parent=7675"}],"wp:term":[{"taxonomy":"product_brand","embeddable":true,"href":"https:\/\/cacapalavrasdidaticos.com.br\/novo\/wp-json\/wp\/v2\/product_brand?post=7675"},{"taxonomy":"product_cat","embeddable":true,"href":"https:\/\/cacapalavrasdidaticos.com.br\/novo\/wp-json\/wp\/v2\/product_cat?post=7675"},{"taxonomy":"product_tag","embeddable":true,"href":"https:\/\/cacapalavrasdidaticos.com.br\/novo\/wp-json\/wp\/v2\/product_tag?post=7675"}],"curies":[{"name":"wp","href":"https:\/\/api.w.org\/{rel}","templated":true}]}}