{"id":7486,"date":"2023-08-16T21:11:37","date_gmt":"2023-08-17T00:11:37","guid":{"rendered":"https:\/\/cacapalavrasdidaticos.com.br\/novo\/?post_type=product&#038;p=7486"},"modified":"2025-01-29T16:15:32","modified_gmt":"2025-01-29T19:15:32","slug":"apostila-de-atividades-de-arte-musica-e-danca","status":"publish","type":"product","link":"https:\/\/cacapalavrasdidaticos.com.br\/novo\/produto\/apostila-de-atividades-de-arte-musica-e-danca\/","title":{"rendered":"APOSTILA DE ATIVIDADES DE ARTE &#8211; M\u00daSICA E DAN\u00c7A"},"content":{"rendered":"","protected":false},"excerpt":{"rendered":"<p>As atividades did\u00e1ticas propostas nessa apostila foram desenvolvidas com o intuito de auxiliar o (a) estudante a compreender mais sobre o universo das ARTES de maneira leve, din\u00e2mica e objetiva.<\/p>\n<p>Acreditamos que assim como outros campos do conhecimento, a Arte \u00e9 um importante componente curricular por n\u00e3o apenas proporcionar maior crescimento pessoal e intelectual, como tamb\u00e9m por permear diferentes rela\u00e7\u00f5es sociais, econ\u00f4micas, pol\u00edticas e culturais da nossa vida. Em vista disso, nosso intuito \u00e9 fazer com que os estudantes percebam a import\u00e2ncia dos mais diferentes modos de express\u00e3o em nossa sociedade, aliado ainda ao poder que a arte possui de proporcionar um olhar cr\u00edtico sobre nosso entorno.<\/p>\n<p>Dessa maneira, o conjunto das 49 atividades aqui propostos (30 ca\u00e7a-palavras e 18 p\u00e1ginas com cruzadinhas e criptogramas) incluem o conte\u00fado de todo ensino fundamental e m\u00e9dio no que concerne aos principais temas de M\u00daSICA e DAN\u00c7A, de acordo com a Base Nacional Comum Curricular (BNCC).<\/p>\n<p>&nbsp;<\/p>\n<p style=\"text-align: center;\"><strong>AVISO IMPORTANTE<\/strong><\/p>\n<p style=\"text-align: center;\"><strong>AS APOSTILAS S\u00c3O ENVIADAS EM FORMATO PDF NO EMAIL CADASTRADO NO ATO DA COMPRA. CASO QUEIRA O MATERIAL EM FORMATO IMAGEM JPEG, ENTRE EM CONTATO CONOSCO PELO WHATSAPP: 31-994716920<\/strong><\/p>\n<p style=\"text-align: center;\"><strong>MAIS INFORMA\u00c7\u00d5ES E COMPRA PELO PIX, EM CONTATO CONOSCO: 31-994716920. PIX: 31-994716920 (Eduardo de Sousa)<\/strong><\/p>\n<p style=\"text-align: center;\"><strong>ENVIO DO MATERIAL: EM AT\u00c9 1 (UM) DIA \u00daTIL, AP\u00d3S A CONFIRMA\u00c7\u00c3O DO PAGAMENTO<\/strong>\u00a0<strong>(SER\u00c1 ENVIADO UM LINK DO GOOGLE DRIVE NO E-MAIL INFORMADO NO ATO DA COMPRA PARA O DOWNLOAD DA APOSTILA).<\/strong><\/p>\n","protected":false},"featured_media":8624,"comment_status":"open","ping_status":"closed","template":"","meta":[],"product_brand":[],"product_cat":[50],"product_tag":[],"class_list":{"0":"post-7486","1":"product","2":"type-product","3":"status-publish","4":"has-post-thumbnail","6":"product_cat-arte","8":"first","9":"instock","10":"virtual","11":"taxable","12":"purchasable","13":"product-type-simple"},"_links":{"self":[{"href":"https:\/\/cacapalavrasdidaticos.com.br\/novo\/wp-json\/wp\/v2\/product\/7486","targetHints":{"allow":["GET"]}}],"collection":[{"href":"https:\/\/cacapalavrasdidaticos.com.br\/novo\/wp-json\/wp\/v2\/product"}],"about":[{"href":"https:\/\/cacapalavrasdidaticos.com.br\/novo\/wp-json\/wp\/v2\/types\/product"}],"replies":[{"embeddable":true,"href":"https:\/\/cacapalavrasdidaticos.com.br\/novo\/wp-json\/wp\/v2\/comments?post=7486"}],"wp:featuredmedia":[{"embeddable":true,"href":"https:\/\/cacapalavrasdidaticos.com.br\/novo\/wp-json\/wp\/v2\/media\/8624"}],"wp:attachment":[{"href":"https:\/\/cacapalavrasdidaticos.com.br\/novo\/wp-json\/wp\/v2\/media?parent=7486"}],"wp:term":[{"taxonomy":"product_brand","embeddable":true,"href":"https:\/\/cacapalavrasdidaticos.com.br\/novo\/wp-json\/wp\/v2\/product_brand?post=7486"},{"taxonomy":"product_cat","embeddable":true,"href":"https:\/\/cacapalavrasdidaticos.com.br\/novo\/wp-json\/wp\/v2\/product_cat?post=7486"},{"taxonomy":"product_tag","embeddable":true,"href":"https:\/\/cacapalavrasdidaticos.com.br\/novo\/wp-json\/wp\/v2\/product_tag?post=7486"}],"curies":[{"name":"wp","href":"https:\/\/api.w.org\/{rel}","templated":true}]}}